{"id":1532,"date":"2025-10-15T12:14:48","date_gmt":"2025-10-15T11:14:48","guid":{"rendered":"https:\/\/gold-zino.com\/login-and-registration\/"},"modified":"2025-10-20T08:37:10","modified_gmt":"2025-10-20T07:37:10","slug":"anmeldung-und-registrierung","status":"publish","type":"page","link":"https:\/\/gold-zino.com\/de\/anmeldung-und-registrierung\/","title":{"rendered":"Anmeldung und Registrierung"},"content":{"rendered":"<h1>Goldzino Anmeldung und Registrierung<\/h1>\n<p>Der erste Schritt f\u00fcr jeden Nutzer der Goldzino Plattform beginnt mit dem Registrierungsprozess. Wir haben ihn so gestaltet, dass jeder Neuling ihn in wenigen Minuten abschlie\u00dfen kann. Wenn Sie bereits ein Konto auf unserer Website haben, m\u00fcssen Sie nur den Goldzino Login durchlaufen, um alle Funktionen der Plattform zu erkunden.<\/p>\n<p><div class=\"banner-wrap\" aria-label=\"Banner\"><img src=\"https:\/\/gold-zino.com\/wp-content\/uploads\/2025\/10\/Goldzino-Banner-Desktop.webp\" class=\"w-100 d-none d-lg-block img-pc main-banner-img\" alt=\"Goldzino Bonus\" fetchpriority=\"high\" decoding=\"async\"><img src=\"https:\/\/gold-zino.com\/wp-content\/uploads\/2025\/10\/Gold-zino-Mobile-Banner.webp\" class=\"w-100 d-none d-md-block d-lg-none main-banner-img\" alt=\"Goldzino Mobile Banner\" fetchpriority=\"high\" decoding=\"async\"><img src=\"https:\/\/gold-zino.com\/wp-content\/uploads\/2025\/10\/Gold-zino-Mobile-Banner.webp\" class=\"w-100 d-md-none\" alt=\"Goldzino Mobile Banner\" fetchpriority=\"high\" decoding=\"async\"><div class=\"banner-description\">\n<div class=\"banner-title\">Willkommensboni<\/div>\n<p class=\"banner-header-title\">\u20ac1500<\/p>\n<div class=\"banner-header-AdditionalText\">+250 Freispiele<\/div>\n<p>&nbsp;<\/p>\n<div class=\"m-button-content\"><button data-item=\"homepage_banner_link\" class=\"goto m-button m-gradient-border m-button--primary m-button--large banner-button btn-orange\">\n            <div class=\"m-button-content\">\n                <span>Jetzt registrieren<\/span>\n                <span><\/span>\n            <\/div>\n        <\/button><\/div>\n<p>&nbsp;<\/p>\n<\/div>\n<div class=\"WelcomePack\">\n<p><img loading=\"lazy\" decoding=\"async\" class=\"alignnone wp-image-1684 size-full\" src=\"https:\/\/gold-zino.com\/wp-content\/uploads\/2025\/10\/welcome-crown.svg\" alt=\"crown\" width=\"25\" height=\"26\" \/><\/p>\n<div class=\"WelcomePack-Info\">W\u00f6chentliches Cashback bis zu 25 %<\/div>\n<p><img loading=\"lazy\" decoding=\"async\" class=\"alignnone wp-image-1684 size-full\" src=\"https:\/\/gold-zino.com\/wp-content\/uploads\/2025\/10\/welcome-crown.svg\" alt=\"crown\" width=\"25\" height=\"26\" \/><\/p>\n<\/div>\n<\/div><div class=\"scrollable-content-wrap my-5\"><div class=\"scrollable-content-inner\"><h2>Registrierung bei Goldzino Casino<\/h2>\n<p>Um die Funktionen von Goldzino Casino zu erkunden, m\u00fcssen alle Benutzer den Registrierungsprozess durchlaufen. Aber keine Sorge, das dauert nur wenige Minuten. Der Vorgang ist sehr einfach, sodass sich auch neue Online-Casino-Benutzer sicher f\u00fchlen k\u00f6nnen. Wenn Sie bereits ein Konto haben, k\u00f6nnen Sie einfach den Goldzino-Anmeldeprozess durchlaufen.<\/p>\n<p>Alle neuen Spieler erhalten ein Willkommenspaket von bis zu 1.500 \u20ac + 250 Freispiele. Dazu m\u00fcssen Sie lediglich den Registrierungsprozess bei Gold Zino durchlaufen. Das Angebot gilt auch, wenn Sie sich \u00fcber die App anmelden. Dank der Freispiele ist dies eine gro\u00dfartige Gelegenheit, coole Titel auszuprobieren. Dar\u00fcber hinaus erhalten Sie unbegrenzten Zugriff auf unsere Spielesammlung mit \u00fcber 6.000 Titeln.<\/p>\n<p>Wenn Sie also zum ersten Mal unsere Website Goldzino besuchen und ein Konto erstellen m\u00f6chten, befolgen Sie einfach die folgenden Anweisungen, um dies schnell und problemlos zu erledigen:<\/p>\n<table>\n<tbody>\n<tr>\n<td>Schritt<\/td>\n<td>Details<\/td>\n<\/tr>\n<tr>\n<td>Sie sollten auf die Schaltfl\u00e4che \u201eAnmelden\u201c klicken.<\/td>\n<td>Die Schaltfl\u00e4che befindet sich in der oberen rechten Ecke der Startseite.<\/td>\n<\/tr>\n<tr>\n<td>Alle Benutzer m\u00fcssen ihre pers\u00f6nlichen Daten eingeben.<\/td>\n<td>Zu den pers\u00f6nlichen Daten geh\u00f6ren die E-Mail-Adresse und die Erstellung eines Passworts. Das Passwort muss mindestens 6 Zeichen lang sein. Wenn Sie einen Promo-Code haben, k\u00f6nnen Sie diesen ebenfalls eingeben.<\/td>\n<\/tr>\n<tr>\n<td>Die Spieler m\u00fcssen den Regeln der Plattform zustimmen.<\/td>\n<td>Sie m\u00fcssen das K\u00e4stchen ankreuzen und damit best\u00e4tigen, dass Sie mindestens 18 Jahre alt sind und die Allgemeinen Gesch\u00e4ftsbedingungen sowie die Datenschutzerkl\u00e4rung unserer Website gelesen haben.<\/td>\n<\/tr>\n<tr>\n<td>Sie sollten am Ende des Registrierungsformulars auf die Schaltfl\u00e4che \u201eAnmelden\u201c klicken.<\/td>\n<td>Dieser Schritt aktiviert den Versand der Best\u00e4tigungs-E-Mail an Ihre E-Mail-Adresse.<\/td>\n<\/tr>\n<tr>\n<td>Sie m\u00fcssen Ihre E-Mail-Adresse best\u00e4tigen.<\/td>\n<td>Sie sollten dem Link in der Best\u00e4tigungs-E-Mail folgen, die Sie erhalten haben. Diese wurde an die von Ihnen zuvor angegebene E-Mail-Adresse gesendet.<\/td>\n<\/tr>\n<\/tbody>\n<\/table>\n<h2>Goldzino Login und Kontoverwaltung<\/h2>\n<p>Wenn Sie bereits ein Konto auf unserer Plattform erstellt haben, m\u00fcssen Sie den Goldzino-Anmeldevorgang durchlaufen, um alle Funktionen und Tools nutzen zu k\u00f6nnen. Wir haben eine kurze Anleitung f\u00fcr Sie zusammengestellt:<\/p>\n<table>\n<tbody>\n<tr>\n<td>Schritt<\/td>\n<td>Details<\/td>\n<\/tr>\n<tr>\n<td>Sie sollten auf die Schaltfl\u00e4che \u201eAnmelden\u201c klicken.<\/td>\n<td>Die Schaltfl\u00e4che finden Sie in der oberen rechten Ecke der Seite.<\/td>\n<\/tr>\n<tr>\n<td>Alle Benutzer m\u00fcssen ihre E-Mail-Adresse und ihr Passwort eingeben.<\/td>\n<td>Hier sollten Sie die pers\u00f6nlichen Daten eingeben, die Sie bei der Registrierung angegeben haben.<\/td>\n<\/tr>\n<tr>\n<td>Sie sollten auf die Schaltfl\u00e4che \u201eAnmelden\u201c klicken.<\/td>\n<td>Sie m\u00fcssen die hinzugef\u00fcgten Informationen \u00fcberpr\u00fcfen und dann \u00fcbermitteln.<\/td>\n<\/tr>\n<\/tbody>\n<\/table>\n<p>Wenn alle Angaben korrekt sind, erhalten Sie sofort Zugriff auf Ihr Konto. In Ihrem pers\u00f6nlichen Konto bei Gold Zino k\u00f6nnen Sie Ihre pers\u00f6nlichen Daten bearbeiten, Einzahlungs- und Zeitlimits festlegen und auf Ihre Geldb\u00f6rse zugreifen, um Ein- und Auszahlungen vorzunehmen. Dar\u00fcber hinaus gibt es einen separaten Bereich \u201eVerlauf\u201c, in dem Sie Ihre Spielstatistiken auf der Website einsehen k\u00f6nnen.<\/p>\n<p>Jeder Nutzer kann \u00fcber sein Konto einen Empfehlungslink generieren. \u00dcber diesen Link k\u00f6nnen Sie Ihre Freunde einladen und daf\u00fcr Belohnungen erhalten. Mit einem Konto haben Sie Zugriff auf alle bei Goldzino verf\u00fcgbaren Aktionen, was bereits ein cooler Vorteil ist.<\/p>\n<h3>Passwort vergessen?<\/h3>\n<p>Jeder kann einmal sein Passwort vergessen. F\u00fcr Gold Zino ist das kein Problem, denn unsere Plattform verf\u00fcgt \u00fcber eine spezielle Funktion zur Passwortwiederherstellung. Um Ihr Passwort wiederherzustellen, befolgen Sie bitte die folgenden Anweisungen:<\/p>\n<ol>\n<li>Sie sollten auf die Schaltfl\u00e4che \u201eAnmelden\u201c in der oberen rechten Ecke klicken.<\/li>\n<li>Danach m\u00fcssen Sie auf die Schaltfl\u00e4che \u201ePasswort vergessen?\u201c klicken.<\/li>\n<li>In diesem Schritt sollten alle Benutzer die E-Mail-Adresse eingeben, die sie beim Goldzino-Anmeldeprozess verwendet haben.<\/li>\n<li>Wir senden Ihnen per E-Mail einen Link, \u00fcber den Sie Ihr Passwort zur\u00fccksetzen und ein neues erstellen k\u00f6nnen.<\/li>\n<\/ol>\n<h2>Kontoverifizierung bei Goldzino Casino<\/h2>\n<p>Um die erste Auszahlung bei Goldzino Casino vornehmen zu k\u00f6nnen, muss jeder Spieler den Verifizierungsprozess durchlaufen. Dazu m\u00fcssen Sie Dokumente hochladen, die Ihre pers\u00f6nlichen Daten best\u00e4tigen. Dies kann Ihr Reisepass, Personalausweis, F\u00fchrerschein oder eine Stromrechnung sein, die nicht \u00e4lter als 6 Monate ist.<\/p>\n<p>Nachdem Sie die erforderlichen Dokumente hochgeladen haben, werden unsere Manager diese innerhalb von 48 Stunden pr\u00fcfen und Ihnen eine Antwort geben. Sobald Ihr Konto verifiziert ist, k\u00f6nnen Sie ohne weitere Verz\u00f6gerungen Geld von der Plattform abheben.<\/p>\n<p>Dieser Prozess ist ein wichtiger Schritt, um Betrug auf unserer Gold Zino Plattform zu verhindern und Fairness f\u00fcr alle Nutzer zu gew\u00e4hrleisten. Weitere Informationen zu unseren Know-Your-Customer-Richtlinien finden Sie in der Fu\u00dfzeile unserer Seite.<\/p>\n<h2>H\u00e4ufig gestellte Fragen<\/h2>\n<h3>Wie kann ich mein Konto verifizieren?<\/h3>\n<p>Um den Verifizierungsprozess abzuschlie\u00dfen, m\u00fcssen Sie Dokumente, die Ihre Identit\u00e4t und Ihre Wohnadresse best\u00e4tigen, an Goldzino hochladen. Dies kann ein Reisepass, ein Personalausweis, eine Stromrechnung oder eine andere Option sein. Sobald unsere Manager Ihre Dokumente \u00fcberpr\u00fcft haben, werden wir Sie per E-Mail benachrichtigen. Sie k\u00f6nnen die Aktualisierungen auch in Ihrem Konto \u00fcberpr\u00fcfen.<\/p>\n<h3>Kann ich mein Passwort oder meine E-Mail-Adresse \u00e4ndern?<\/h3>\n<p>Sie k\u00f6nnen alle pers\u00f6nlichen Daten in Ihren Goldzino Casino-Kontoeinstellungen \u00e4ndern. Dazu geh\u00f6rt auch die \u00c4nderung Ihrer E-Mail-Adresse oder Ihres Passworts. Wenn Sie Probleme bei der \u00c4nderung haben, k\u00f6nnen Sie sich jederzeit an unser Support-Team wenden.<\/p>\n<h3>Was soll ich tun, wenn mein Konto gesperrt ist?<\/h3>\n<p>Wir k\u00f6nnen Benutzerkonten aufgrund von Verst\u00f6\u00dfen gegen die Online-Casino-Regeln sperren. Goldzino sendet den Spielern immer eine E-Mail mit einer Erkl\u00e4rung des Sperrgrundes und der Dauer der Sperre. Wenn Sie keine solche E-Mail erhalten haben, k\u00f6nnen Sie sich jederzeit \u00fcber den Live-Chat oder per E-Mail an unseren 24\/7-Kundensupport wenden.<\/p>\n<h3>Wie kann ich mein Konto schlie\u00dfen oder vor\u00fcbergehend sperren?<\/h3>\n<p>Goldzino Casino verf\u00fcgt \u00fcber eine Funktion, mit der Sie Ihr Konto schlie\u00dfen oder vor\u00fcbergehend sperren k\u00f6nnen. Dazu wenden Sie sich bitte rund um die Uhr an unseren mehrsprachigen Kundendienst per Live-Chat oder E-Mail. Unsere Spezialisten helfen Ihnen gerne weiter.<\/p>\n<\/div><\/div><\/p>\n","protected":false},"excerpt":{"rendered":"<p>Goldzino Anmeldung und Registrierung Der erste Schritt f\u00fcr jeden Nutzer der Goldzino Plattform beginnt mit dem Registrierungsprozess. Wir haben ihn so gestaltet, dass jeder Neuling ihn in wenigen Minuten abschlie\u00dfen kann. Wenn Sie bereits ein Konto auf unserer Website haben, m\u00fcssen Sie nur den Goldzino Login durchlaufen, um alle Funktionen der Plattform zu erkunden.<\/p>\n","protected":false},"author":1,"featured_media":0,"parent":0,"menu_order":0,"comment_status":"closed","ping_status":"closed","template":"template-builder.php","meta":{"_acf_changed":false,"inline_featured_image":false,"footnotes":""},"class_list":["post-1532","page","type-page","status-publish","hentry"],"acf":[],"yoast_head":"<!-- This site is optimized with the Yoast SEO plugin v27.3 - https:\/\/yoast.com\/product\/yoast-seo-wordpress\/ -->\n<title>Goldzino Login und Registrierung<\/title>\n<meta name=\"description\" content=\"Greifen Sie \u00fcber Gold zino Login auf Registrierung, Kontoverwaltung und Verifizierung zu. Erstellen, wiederherstellen oder schlie\u00dfen Sie Ihr Goldzino Casino-Konto sicher.\" \/>\n<meta name=\"robots\" content=\"index, follow, max-snippet:-1, max-image-preview:large, max-video-preview:-1\" \/>\n<link rel=\"canonical\" href=\"https:\/\/gold-zino.com\/de\/anmeldung-und-registrierung\/\" \/>\n<meta property=\"og:locale\" content=\"de_DE\" \/>\n<meta property=\"og:type\" content=\"article\" \/>\n<meta property=\"og:title\" content=\"Goldzino Login und Registrierung\" \/>\n<meta property=\"og:description\" content=\"Greifen Sie \u00fcber Gold zino Login auf Registrierung, Kontoverwaltung und Verifizierung zu. Erstellen, wiederherstellen oder schlie\u00dfen Sie Ihr Goldzino Casino-Konto sicher.\" \/>\n<meta property=\"og:url\" content=\"https:\/\/gold-zino.com\/de\/anmeldung-und-registrierung\/\" \/>\n<meta property=\"og:site_name\" content=\"goldzino\" \/>\n<meta property=\"article:modified_time\" content=\"2025-10-20T07:37:10+00:00\" \/>\n<meta name=\"twitter:card\" content=\"summary_large_image\" \/>\n<meta name=\"twitter:label1\" content=\"Gesch\u00e4tzte Lesezeit\" \/>\n\t<meta name=\"twitter:data1\" content=\"1\u00a0Minute\" \/>\n<script type=\"application\/ld+json\" class=\"yoast-schema-graph\">{\"@context\":\"https:\\\/\\\/schema.org\",\"@graph\":[{\"@type\":\"WebPage\",\"@id\":\"https:\\\/\\\/gold-zino.com\\\/de\\\/anmeldung-und-registrierung\\\/\",\"url\":\"https:\\\/\\\/gold-zino.com\\\/de\\\/anmeldung-und-registrierung\\\/\",\"name\":\"Goldzino Login und Registrierung\",\"isPartOf\":{\"@id\":\"https:\\\/\\\/gold-zino.com\\\/de\\\/#website\"},\"datePublished\":\"2025-10-15T11:14:48+00:00\",\"dateModified\":\"2025-10-20T07:37:10+00:00\",\"description\":\"Greifen Sie \u00fcber Gold zino Login auf Registrierung, Kontoverwaltung und Verifizierung zu. Erstellen, wiederherstellen oder schlie\u00dfen Sie Ihr Goldzino Casino-Konto sicher.\",\"breadcrumb\":{\"@id\":\"https:\\\/\\\/gold-zino.com\\\/de\\\/anmeldung-und-registrierung\\\/#breadcrumb\"},\"inLanguage\":\"de\",\"potentialAction\":[{\"@type\":\"ReadAction\",\"target\":[\"https:\\\/\\\/gold-zino.com\\\/de\\\/anmeldung-und-registrierung\\\/\"]}]},{\"@type\":\"BreadcrumbList\",\"@id\":\"https:\\\/\\\/gold-zino.com\\\/de\\\/anmeldung-und-registrierung\\\/#breadcrumb\",\"itemListElement\":[{\"@type\":\"ListItem\",\"position\":1,\"name\":\"GoldZino\",\"item\":\"https:\\\/\\\/gold-zino.com\\\/de\\\/\"},{\"@type\":\"ListItem\",\"position\":2,\"name\":\"Anmeldung und Registrierung\"}]},{\"@type\":\"WebSite\",\"@id\":\"https:\\\/\\\/gold-zino.com\\\/de\\\/#website\",\"url\":\"https:\\\/\\\/gold-zino.com\\\/de\\\/\",\"name\":\"GoldZino\",\"description\":\"\",\"publisher\":{\"@id\":\"https:\\\/\\\/gold-zino.com\\\/de\\\/#organization\"},\"potentialAction\":[{\"@type\":\"SearchAction\",\"target\":{\"@type\":\"EntryPoint\",\"urlTemplate\":\"https:\\\/\\\/gold-zino.com\\\/de\\\/?s={search_term_string}\"},\"query-input\":{\"@type\":\"PropertyValueSpecification\",\"valueRequired\":true,\"valueName\":\"search_term_string\"}}],\"inLanguage\":\"de\"},{\"@type\":\"Organization\",\"@id\":\"https:\\\/\\\/gold-zino.com\\\/de\\\/#organization\",\"name\":\"GoldZino\",\"url\":\"https:\\\/\\\/gold-zino.com\\\/de\\\/\",\"logo\":{\"@type\":\"ImageObject\",\"inLanguage\":\"de\",\"@id\":\"https:\\\/\\\/gold-zino.com\\\/de\\\/#\\\/schema\\\/logo\\\/image\\\/\",\"url\":\"https:\\\/\\\/gold-zino.com\\\/wp-content\\\/uploads\\\/2025\\\/08\\\/80u1FaquEZeR6OUTeJCc.png\",\"contentUrl\":\"https:\\\/\\\/gold-zino.com\\\/wp-content\\\/uploads\\\/2025\\\/08\\\/80u1FaquEZeR6OUTeJCc.png\",\"width\":209,\"height\":46,\"caption\":\"GoldZino\"},\"image\":{\"@id\":\"https:\\\/\\\/gold-zino.com\\\/de\\\/#\\\/schema\\\/logo\\\/image\\\/\"}}]}<\/script>\n<!-- \/ Yoast SEO plugin. -->","yoast_head_json":{"title":"Goldzino Login und Registrierung","description":"Greifen Sie \u00fcber Gold zino Login auf Registrierung, Kontoverwaltung und Verifizierung zu. Erstellen, wiederherstellen oder schlie\u00dfen Sie Ihr Goldzino Casino-Konto sicher.","robots":{"index":"index","follow":"follow","max-snippet":"max-snippet:-1","max-image-preview":"max-image-preview:large","max-video-preview":"max-video-preview:-1"},"canonical":"https:\/\/gold-zino.com\/de\/anmeldung-und-registrierung\/","og_locale":"de_DE","og_type":"article","og_title":"Goldzino Login und Registrierung","og_description":"Greifen Sie \u00fcber Gold zino Login auf Registrierung, Kontoverwaltung und Verifizierung zu. Erstellen, wiederherstellen oder schlie\u00dfen Sie Ihr Goldzino Casino-Konto sicher.","og_url":"https:\/\/gold-zino.com\/de\/anmeldung-und-registrierung\/","og_site_name":"goldzino","article_modified_time":"2025-10-20T07:37:10+00:00","twitter_card":"summary_large_image","twitter_misc":{"Gesch\u00e4tzte Lesezeit":"1\u00a0Minute"},"schema":{"@context":"https:\/\/schema.org","@graph":[{"@type":"WebPage","@id":"https:\/\/gold-zino.com\/de\/anmeldung-und-registrierung\/","url":"https:\/\/gold-zino.com\/de\/anmeldung-und-registrierung\/","name":"Goldzino Login und Registrierung","isPartOf":{"@id":"https:\/\/gold-zino.com\/de\/#website"},"datePublished":"2025-10-15T11:14:48+00:00","dateModified":"2025-10-20T07:37:10+00:00","description":"Greifen Sie \u00fcber Gold zino Login auf Registrierung, Kontoverwaltung und Verifizierung zu. Erstellen, wiederherstellen oder schlie\u00dfen Sie Ihr Goldzino Casino-Konto sicher.","breadcrumb":{"@id":"https:\/\/gold-zino.com\/de\/anmeldung-und-registrierung\/#breadcrumb"},"inLanguage":"de","potentialAction":[{"@type":"ReadAction","target":["https:\/\/gold-zino.com\/de\/anmeldung-und-registrierung\/"]}]},{"@type":"BreadcrumbList","@id":"https:\/\/gold-zino.com\/de\/anmeldung-und-registrierung\/#breadcrumb","itemListElement":[{"@type":"ListItem","position":1,"name":"GoldZino","item":"https:\/\/gold-zino.com\/de\/"},{"@type":"ListItem","position":2,"name":"Anmeldung und Registrierung"}]},{"@type":"WebSite","@id":"https:\/\/gold-zino.com\/de\/#website","url":"https:\/\/gold-zino.com\/de\/","name":"GoldZino","description":"","publisher":{"@id":"https:\/\/gold-zino.com\/de\/#organization"},"potentialAction":[{"@type":"SearchAction","target":{"@type":"EntryPoint","urlTemplate":"https:\/\/gold-zino.com\/de\/?s={search_term_string}"},"query-input":{"@type":"PropertyValueSpecification","valueRequired":true,"valueName":"search_term_string"}}],"inLanguage":"de"},{"@type":"Organization","@id":"https:\/\/gold-zino.com\/de\/#organization","name":"GoldZino","url":"https:\/\/gold-zino.com\/de\/","logo":{"@type":"ImageObject","inLanguage":"de","@id":"https:\/\/gold-zino.com\/de\/#\/schema\/logo\/image\/","url":"https:\/\/gold-zino.com\/wp-content\/uploads\/2025\/08\/80u1FaquEZeR6OUTeJCc.png","contentUrl":"https:\/\/gold-zino.com\/wp-content\/uploads\/2025\/08\/80u1FaquEZeR6OUTeJCc.png","width":209,"height":46,"caption":"GoldZino"},"image":{"@id":"https:\/\/gold-zino.com\/de\/#\/schema\/logo\/image\/"}}]}},"_links":{"self":[{"href":"https:\/\/gold-zino.com\/de\/wp-json\/wp\/v2\/pages\/1532","targetHints":{"allow":["GET"]}}],"collection":[{"href":"https:\/\/gold-zino.com\/de\/wp-json\/wp\/v2\/pages"}],"about":[{"href":"https:\/\/gold-zino.com\/de\/wp-json\/wp\/v2\/types\/page"}],"author":[{"embeddable":true,"href":"https:\/\/gold-zino.com\/de\/wp-json\/wp\/v2\/users\/1"}],"replies":[{"embeddable":true,"href":"https:\/\/gold-zino.com\/de\/wp-json\/wp\/v2\/comments?post=1532"}],"version-history":[{"count":3,"href":"https:\/\/gold-zino.com\/de\/wp-json\/wp\/v2\/pages\/1532\/revisions"}],"predecessor-version":[{"id":2133,"href":"https:\/\/gold-zino.com\/de\/wp-json\/wp\/v2\/pages\/1532\/revisions\/2133"}],"wp:attachment":[{"href":"https:\/\/gold-zino.com\/de\/wp-json\/wp\/v2\/media?parent=1532"}],"curies":[{"name":"wp","href":"https:\/\/api.w.org\/{rel}","templated":true}]}}