{"id":1540,"date":"2024-10-27T11:38:29","date_gmt":"2024-10-27T11:38:29","guid":{"rendered":"https:\/\/gold-zino.com\/privacy-policy\/"},"modified":"2025-10-20T08:46:57","modified_gmt":"2025-10-20T07:46:57","slug":"datenschutz","status":"publish","type":"page","link":"https:\/\/gold-zino.com\/de\/datenschutz\/","title":{"rendered":"Datenschutzerkl\u00e4rung"},"content":{"rendered":"\r\n<h1 class=\"wp-block-heading\">Datenschutzerkl\u00e4rung<\/h1>\r\n<h2>Wer wir sind<\/h2>\r\n<p>Die Adresse unserer Website lautet: Gold-Zino.com.<\/p>\r\n<h2>Kommentare<\/h2>\r\n<p>Wenn Besucher Kommentare auf der Website hinterlassen, erfassen wir die im Kommentarformular angezeigten Daten sowie die IP-Adresse und die User-Agent-Zeichenfolge des Besuchers, um Spam zu erkennen.<\/p>\r\n<p>Eine anonymisierte Zeichenfolge, die aus Ihrer E-Mail-Adresse erstellt wird (auch als Hash bezeichnet), kann an den Gravatar-Dienst \u00fcbermittelt werden, um zu \u00fcberpr\u00fcfen, ob Sie diesen nutzen. Die Datenschutzerkl\u00e4rung von Gravatar finden Sie hier: https:\/\/automattic.com\/privacy\/. Sobald Ihr Kommentar freigegeben wurde, ist Ihr Profilbild im Zusammenhang mit Ihrem Kommentar f\u00fcr die \u00d6ffentlichkeit sichtbar.<\/p>\r\n<h2>Mediendateien<\/h2>\r\n<p>Wenn Sie Bilder auf die Website hochladen, sollten Sie Bilder mit eingebetteten Standortdaten (EXIF-GPS) vermeiden. Besucher der Website k\u00f6nnen Standortdaten aus Bildern auf der Website herunterladen und extrahieren.<\/p>\r\n<h2>Cookies<\/h2>\r\n<p>Wenn Sie einen Kommentar auf unserer Website hinterlassen, k\u00f6nnen Sie sich daf\u00fcr entscheiden, Ihren Namen, Ihre E-Mail-Adresse und Ihre Website in Cookies zu speichern. Dies dient Ihrer Bequemlichkeit, damit Sie Ihre Daten nicht erneut eingeben m\u00fcssen, wenn Sie Ihren n\u00e4chsten Kommentar hinterlassen. Diese Cookies bleiben 1 Jahr lang gespeichert.<\/p>\r\n<p>Wenn Sie ein Konto auf der Website haben und sich anmelden, setzen wir ein tempor\u00e4res Cookie, um festzustellen, ob Ihr Browser Cookies unterst\u00fctzt. Das Cookie enth\u00e4lt keine personenbezogenen Daten und wird gel\u00f6scht, wenn Sie Ihren Browser schlie\u00dfen.<\/p>\r\n<p>Wenn Sie sich anmelden, setzen wir au\u00dferdem mehrere Cookies, um Informationen \u00fcber Ihre Anmeldung und Ihre Bildschirmeinstellungen zu speichern. Anmelde-Cookies bleiben 2 Tage lang gespeichert, Cookies f\u00fcr Bildschirmeinstellungen 1 Jahr lang. Wenn Sie \u201eAngemeldet bleiben\u201d ausw\u00e4hlen, bleibt Ihre Anmeldung 2 Wochen lang bestehen. Wenn Sie sich von Ihrem Konto abmelden, werden die Anmelde-Cookies gel\u00f6scht.<\/p>\r\n<p>Wenn Sie einen Artikel bearbeiten oder ver\u00f6ffentlichen, wird ein zus\u00e4tzliches Cookie in Ihrem Browser gespeichert. Dieses Cookie enth\u00e4lt keine personenbezogenen Daten und gibt lediglich die Post-ID des Artikels an, den Sie gerade bearbeitet haben. Es l\u00e4uft nach 1 Tag ab.<\/p>\r\n<h2>Eingebettete Inhalte von anderen Websites<\/h2>\r\n<p>Artikel auf dieser Website k\u00f6nnen eingebettete Inhalte (z. B. Videos, Bilder, Artikel usw.) enthalten. Eingebettete Inhalte von anderen Websites verhalten sich genauso, als h\u00e4tte der Nutzer die andere Website besucht.<\/p>\r\n<p>Diese Websites k\u00f6nnen Daten \u00fcber Sie sammeln, Cookies verwenden, Tracking-Anwendungen von Drittanbietern einbetten und Ihre Interaktion mit diesen eingebetteten Inhalten verfolgen. Insbesondere wird Ihre Interaktion mit den eingebetteten Inhalten verfolgt, wenn Sie \u00fcber ein Konto verf\u00fcgen und auf dieser Website angemeldet sind.<\/p>\r\n<h2>An wen geben wir Ihre Daten weiter?<\/h2>\r\n<p>Wenn Sie eine Passwortzur\u00fccksetzung beantragen, wird Ihre IP-Adresse in der E-Mail zur Passwortzur\u00fccksetzung angegeben.<\/p>\r\n<h2>Wie lange speichern wir Ihre Daten?<\/h2>\r\n<p>Wenn Sie einen Kommentar hinterlassen, werden der Kommentar und seine Metadaten auf unbestimmte Zeit gespeichert. Auf diese Weise k\u00f6nnen wir nachfolgende Kommentare automatisch identifizieren und freigeben, anstatt sie in einer Moderationswarteschlange zu halten.<\/p>\r\n<p>F\u00fcr Benutzer, die sich auf unserer Website registrieren (falls vorhanden), speichern wir die von ihnen angegebenen pers\u00f6nlichen Daten in ihrem Benutzerprofil. Alle Benutzer k\u00f6nnen ihre pers\u00f6nlichen Daten jederzeit einsehen, bearbeiten oder l\u00f6schen (mit Ausnahme ihres Benutzernamens, den sie nicht \u00e4ndern k\u00f6nnen). Website-Administratoren k\u00f6nnen diese Informationen ebenfalls einsehen und bearbeiten.<\/p>\r\n<h2>Welche Rechte haben Sie in Bezug auf Ihre Daten?<\/h2>\r\n<p>Wenn Sie ein Konto auf dieser Website haben oder Kommentare hinterlassen haben, k\u00f6nnen Sie eine exportierte Datei mit den personenbezogenen Daten anfordern, die wir \u00fcber Sie gespeichert haben, einschlie\u00dflich aller Daten, die Sie uns zur Verf\u00fcgung gestellt haben. Sie k\u00f6nnen auch verlangen, dass wir alle personenbezogenen Daten l\u00f6schen, die wir \u00fcber Sie gespeichert haben. Dies gilt nicht f\u00fcr Daten, die wir aus administrativen, rechtlichen oder Sicherheitsgr\u00fcnden aufbewahren m\u00fcssen.<\/p>\r\n<h2>Wohin Ihre Daten gesendet werden<\/h2>\r\n<p>Besucherkommentare k\u00f6nnen durch einen automatisierten Spam-Erkennungsdienst \u00fcberpr\u00fcft werden.<\/p>\r\n","protected":false},"excerpt":{"rendered":"<p>Datenschutzerkl\u00e4rung Wer wir sind Die Adresse unserer Website lautet: Gold-Zino.com. Kommentare Wenn Besucher Kommentare auf der Website hinterlassen, erfassen wir die im Kommentarformular angezeigten Daten sowie die IP-Adresse und die User-Agent-Zeichenfolge des Besuchers, um Spam zu erkennen. Eine anonymisierte Zeichenfolge, die aus Ihrer E-Mail-Adresse erstellt wird (auch als Hash bezeichnet), kann an den Gravatar-Dienst \u00fcbermittelt [&hellip;]<\/p>\n","protected":false},"author":1,"featured_media":0,"parent":0,"menu_order":0,"comment_status":"closed","ping_status":"open","template":"template-builder.php","meta":{"_acf_changed":false,"inline_featured_image":false,"footnotes":""},"class_list":["post-1540","page","type-page","status-publish","hentry"],"acf":[],"yoast_head":"<!-- This site is optimized with the Yoast SEO plugin v27.3 - https:\/\/yoast.com\/product\/yoast-seo-wordpress\/ -->\n<title>Datenschutzerkl\u00e4rung<\/title>\n<meta name=\"description\" content=\"Entdecken Sie unsere Datenschutzrichtlinie: Wie Ihre personenbezogenen Daten erfasst, verwendet und gesch\u00fctzt werden, um ein sicheres Spielerlebnis zu gew\u00e4hrleisten.\" \/>\n<meta name=\"robots\" content=\"noindex, follow\" \/>\n<meta property=\"og:locale\" content=\"de_DE\" \/>\n<meta property=\"og:type\" content=\"article\" \/>\n<meta property=\"og:title\" content=\"Datenschutzerkl\u00e4rung\" \/>\n<meta property=\"og:description\" content=\"Entdecken Sie unsere Datenschutzrichtlinie: Wie Ihre personenbezogenen Daten erfasst, verwendet und gesch\u00fctzt werden, um ein sicheres Spielerlebnis zu gew\u00e4hrleisten.\" \/>\n<meta property=\"og:url\" content=\"https:\/\/gold-zino.com\/de\/datenschutz\/\" \/>\n<meta property=\"og:site_name\" content=\"goldzino\" \/>\n<meta property=\"article:modified_time\" content=\"2025-10-20T07:46:57+00:00\" \/>\n<meta name=\"twitter:card\" content=\"summary_large_image\" \/>\n<meta name=\"twitter:label1\" content=\"Gesch\u00e4tzte Lesezeit\" \/>\n\t<meta name=\"twitter:data1\" content=\"3\u00a0Minuten\" \/>\n<script type=\"application\/ld+json\" class=\"yoast-schema-graph\">{\"@context\":\"https:\\\/\\\/schema.org\",\"@graph\":[{\"@type\":\"WebPage\",\"@id\":\"https:\\\/\\\/gold-zino.com\\\/de\\\/datenschutz\\\/\",\"url\":\"https:\\\/\\\/gold-zino.com\\\/de\\\/datenschutz\\\/\",\"name\":\"Datenschutzerkl\u00e4rung\",\"isPartOf\":{\"@id\":\"https:\\\/\\\/gold-zino.com\\\/de\\\/#website\"},\"datePublished\":\"2024-10-27T11:38:29+00:00\",\"dateModified\":\"2025-10-20T07:46:57+00:00\",\"description\":\"Entdecken Sie unsere Datenschutzrichtlinie: Wie Ihre personenbezogenen Daten erfasst, verwendet und gesch\u00fctzt werden, um ein sicheres Spielerlebnis zu gew\u00e4hrleisten.\",\"breadcrumb\":{\"@id\":\"https:\\\/\\\/gold-zino.com\\\/de\\\/datenschutz\\\/#breadcrumb\"},\"inLanguage\":\"de\",\"potentialAction\":[{\"@type\":\"ReadAction\",\"target\":[\"https:\\\/\\\/gold-zino.com\\\/de\\\/datenschutz\\\/\"]}]},{\"@type\":\"BreadcrumbList\",\"@id\":\"https:\\\/\\\/gold-zino.com\\\/de\\\/datenschutz\\\/#breadcrumb\",\"itemListElement\":[{\"@type\":\"ListItem\",\"position\":1,\"name\":\"GoldZino\",\"item\":\"https:\\\/\\\/gold-zino.com\\\/de\\\/\"},{\"@type\":\"ListItem\",\"position\":2,\"name\":\"Datenschutzerkl\u00e4rung\"}]},{\"@type\":\"WebSite\",\"@id\":\"https:\\\/\\\/gold-zino.com\\\/de\\\/#website\",\"url\":\"https:\\\/\\\/gold-zino.com\\\/de\\\/\",\"name\":\"GoldZino\",\"description\":\"\",\"publisher\":{\"@id\":\"https:\\\/\\\/gold-zino.com\\\/de\\\/#organization\"},\"potentialAction\":[{\"@type\":\"SearchAction\",\"target\":{\"@type\":\"EntryPoint\",\"urlTemplate\":\"https:\\\/\\\/gold-zino.com\\\/de\\\/?s={search_term_string}\"},\"query-input\":{\"@type\":\"PropertyValueSpecification\",\"valueRequired\":true,\"valueName\":\"search_term_string\"}}],\"inLanguage\":\"de\"},{\"@type\":\"Organization\",\"@id\":\"https:\\\/\\\/gold-zino.com\\\/de\\\/#organization\",\"name\":\"GoldZino\",\"url\":\"https:\\\/\\\/gold-zino.com\\\/de\\\/\",\"logo\":{\"@type\":\"ImageObject\",\"inLanguage\":\"de\",\"@id\":\"https:\\\/\\\/gold-zino.com\\\/de\\\/#\\\/schema\\\/logo\\\/image\\\/\",\"url\":\"https:\\\/\\\/gold-zino.com\\\/wp-content\\\/uploads\\\/2025\\\/08\\\/80u1FaquEZeR6OUTeJCc.png\",\"contentUrl\":\"https:\\\/\\\/gold-zino.com\\\/wp-content\\\/uploads\\\/2025\\\/08\\\/80u1FaquEZeR6OUTeJCc.png\",\"width\":209,\"height\":46,\"caption\":\"GoldZino\"},\"image\":{\"@id\":\"https:\\\/\\\/gold-zino.com\\\/de\\\/#\\\/schema\\\/logo\\\/image\\\/\"}}]}<\/script>\n<!-- \/ Yoast SEO plugin. -->","yoast_head_json":{"title":"Datenschutzerkl\u00e4rung","description":"Entdecken Sie unsere Datenschutzrichtlinie: Wie Ihre personenbezogenen Daten erfasst, verwendet und gesch\u00fctzt werden, um ein sicheres Spielerlebnis zu gew\u00e4hrleisten.","robots":{"index":"noindex","follow":"follow"},"og_locale":"de_DE","og_type":"article","og_title":"Datenschutzerkl\u00e4rung","og_description":"Entdecken Sie unsere Datenschutzrichtlinie: Wie Ihre personenbezogenen Daten erfasst, verwendet und gesch\u00fctzt werden, um ein sicheres Spielerlebnis zu gew\u00e4hrleisten.","og_url":"https:\/\/gold-zino.com\/de\/datenschutz\/","og_site_name":"goldzino","article_modified_time":"2025-10-20T07:46:57+00:00","twitter_card":"summary_large_image","twitter_misc":{"Gesch\u00e4tzte Lesezeit":"3\u00a0Minuten"},"schema":{"@context":"https:\/\/schema.org","@graph":[{"@type":"WebPage","@id":"https:\/\/gold-zino.com\/de\/datenschutz\/","url":"https:\/\/gold-zino.com\/de\/datenschutz\/","name":"Datenschutzerkl\u00e4rung","isPartOf":{"@id":"https:\/\/gold-zino.com\/de\/#website"},"datePublished":"2024-10-27T11:38:29+00:00","dateModified":"2025-10-20T07:46:57+00:00","description":"Entdecken Sie unsere Datenschutzrichtlinie: Wie Ihre personenbezogenen Daten erfasst, verwendet und gesch\u00fctzt werden, um ein sicheres Spielerlebnis zu gew\u00e4hrleisten.","breadcrumb":{"@id":"https:\/\/gold-zino.com\/de\/datenschutz\/#breadcrumb"},"inLanguage":"de","potentialAction":[{"@type":"ReadAction","target":["https:\/\/gold-zino.com\/de\/datenschutz\/"]}]},{"@type":"BreadcrumbList","@id":"https:\/\/gold-zino.com\/de\/datenschutz\/#breadcrumb","itemListElement":[{"@type":"ListItem","position":1,"name":"GoldZino","item":"https:\/\/gold-zino.com\/de\/"},{"@type":"ListItem","position":2,"name":"Datenschutzerkl\u00e4rung"}]},{"@type":"WebSite","@id":"https:\/\/gold-zino.com\/de\/#website","url":"https:\/\/gold-zino.com\/de\/","name":"GoldZino","description":"","publisher":{"@id":"https:\/\/gold-zino.com\/de\/#organization"},"potentialAction":[{"@type":"SearchAction","target":{"@type":"EntryPoint","urlTemplate":"https:\/\/gold-zino.com\/de\/?s={search_term_string}"},"query-input":{"@type":"PropertyValueSpecification","valueRequired":true,"valueName":"search_term_string"}}],"inLanguage":"de"},{"@type":"Organization","@id":"https:\/\/gold-zino.com\/de\/#organization","name":"GoldZino","url":"https:\/\/gold-zino.com\/de\/","logo":{"@type":"ImageObject","inLanguage":"de","@id":"https:\/\/gold-zino.com\/de\/#\/schema\/logo\/image\/","url":"https:\/\/gold-zino.com\/wp-content\/uploads\/2025\/08\/80u1FaquEZeR6OUTeJCc.png","contentUrl":"https:\/\/gold-zino.com\/wp-content\/uploads\/2025\/08\/80u1FaquEZeR6OUTeJCc.png","width":209,"height":46,"caption":"GoldZino"},"image":{"@id":"https:\/\/gold-zino.com\/de\/#\/schema\/logo\/image\/"}}]}},"_links":{"self":[{"href":"https:\/\/gold-zino.com\/de\/wp-json\/wp\/v2\/pages\/1540","targetHints":{"allow":["GET"]}}],"collection":[{"href":"https:\/\/gold-zino.com\/de\/wp-json\/wp\/v2\/pages"}],"about":[{"href":"https:\/\/gold-zino.com\/de\/wp-json\/wp\/v2\/types\/page"}],"author":[{"embeddable":true,"href":"https:\/\/gold-zino.com\/de\/wp-json\/wp\/v2\/users\/1"}],"replies":[{"embeddable":true,"href":"https:\/\/gold-zino.com\/de\/wp-json\/wp\/v2\/comments?post=1540"}],"version-history":[{"count":3,"href":"https:\/\/gold-zino.com\/de\/wp-json\/wp\/v2\/pages\/1540\/revisions"}],"predecessor-version":[{"id":2135,"href":"https:\/\/gold-zino.com\/de\/wp-json\/wp\/v2\/pages\/1540\/revisions\/2135"}],"wp:attachment":[{"href":"https:\/\/gold-zino.com\/de\/wp-json\/wp\/v2\/media?parent=1540"}],"curies":[{"name":"wp","href":"https:\/\/api.w.org\/{rel}","templated":true}]}}