{"id":1537,"date":"2025-10-15T12:14:48","date_gmt":"2025-10-15T11:14:48","guid":{"rendered":"https:\/\/gold-zino.com\/login-and-registration\/"},"modified":"2025-10-20T15:11:34","modified_gmt":"2025-10-20T14:11:34","slug":"inicio-de-sesion-y-registro","status":"publish","type":"page","link":"https:\/\/gold-zino.com\/es\/inicio-de-sesion-y-registro\/","title":{"rendered":"Inicio de sesi\u00f3n y registro"},"content":{"rendered":"<h1>Goldzino inicio de sesi\u00f3n y registro<\/h1>\n<p>El primer paso para todos los usuarios espa\u00f1oles de la plataforma Goldzino desde Espa\u00f1a es el proceso de registro. Lo hemos dise\u00f1ado para que todos los nuevos usuarios puedan completarlo en pocos minutos. Si ya tienes una cuenta en nuestro sitio web, solo tienes que seguir el proceso de Goldzino login para empezar a explorar todas las funciones de la plataforma.<\/p>\n<p><div class=\"banner-wrap\" aria-label=\"Banner\"><img src=\"https:\/\/gold-zino.com\/wp-content\/uploads\/2025\/10\/Goldzino-Banner-Desktop.webp\" class=\"w-100 d-none d-lg-block img-pc main-banner-img\" alt=\"Goldzino Bonus\" fetchpriority=\"high\" decoding=\"async\"><img src=\"https:\/\/gold-zino.com\/wp-content\/uploads\/2025\/10\/Gold-zino-Mobile-Banner.webp\" class=\"w-100 d-none d-md-block d-lg-none main-banner-img\" alt=\"Goldzino Mobile Banner\" fetchpriority=\"high\" decoding=\"async\"><img src=\"https:\/\/gold-zino.com\/wp-content\/uploads\/2025\/10\/Gold-zino-Mobile-Banner.webp\" class=\"w-100 d-md-none\" alt=\"Goldzino Mobile Banner\" fetchpriority=\"high\" decoding=\"async\"><div class=\"banner-description\">\n<div class=\"banner-title\">Bonos de Bienvenida<\/div>\n<p class=\"banner-header-title\">\u20ac1,500<\/p>\n<div class=\"banner-header-AdditionalText\">+ 250 Giros Gratis<\/div>\n<button data-item=\"homepage_banner_link\" class=\"goto m-button m-gradient-border m-button--primary m-button--large banner-button btn-orange\">\n            <div class=\"m-button-content\">\n                <span>Reg\u00edstrate Ahora<\/span>\n                <span><\/span>\n            <\/div>\n        <\/button>\n<\/div>\n<div class=\"WelcomePack\">\n<p><img loading=\"lazy\" decoding=\"async\" class=\"alignnone wp-image-1682 size-full\" src=\"https:\/\/gold-zino.com\/wp-content\/uploads\/2025\/10\/welcome-crown.svg\" alt=\"crown\" width=\"25\" height=\"26\" \/><\/p>\n<div class=\"WelcomePack-Info\">Cashback Semanal hasta 25%<\/div>\n<p><img loading=\"lazy\" decoding=\"async\" class=\"alignnone wp-image-1682 size-full\" src=\"https:\/\/gold-zino.com\/wp-content\/uploads\/2025\/10\/welcome-crown.svg\" alt=\"crown\" width=\"25\" height=\"26\" \/><\/p>\n<\/div>\n<\/div><div class=\"scrollable-content-wrap my-5\"><div class=\"scrollable-content-inner\"><h2>Inscripci\u00f3n en Goldzino Casino<\/h2>\n<p>Para empezar a explorar las funciones de Goldzino Casino, todos los usuarios deben completar el proceso de registro. Pero no se preocupe, solo le llevar\u00e1 unos minutos. El proceso es muy sencillo, por lo que incluso los nuevos usuarios de casinos online se sentir\u00e1n seguros. Si ya tiene una cuenta, solo tiene que completar el proceso de inicio de sesi\u00f3n de Goldzino.<\/p>\n<p>Todos los nuevos jugadores reciben un paquete de bienvenida de hasta 1500 \u20ac + 250 tiradas gratis. Para ello, solo tienes que completar el proceso de registro en Gold Zino. La oferta tambi\u00e9n es v\u00e1lida si te registras en la aplicaci\u00f3n. Es una gran oportunidad para probar t\u00edtulos interesantes gracias a los giros gratis. Adem\u00e1s, obtendr\u00e1s acceso ilimitado a nuestra colecci\u00f3n de juegos, que incluye m\u00e1s de 6000 t\u00edtulos.<\/p>\n<p>Por lo tanto, si visita nuestro sitio web Goldzino por primera vez y desea crear su cuenta, siga nuestras instrucciones a continuaci\u00f3n para hacerlo de forma r\u00e1pida y sin problemas:<\/p>\n<table>\n<tbody>\n<tr>\n<td>Paso<\/td>\n<td>Detalles<\/td>\n<\/tr>\n<tr>\n<td>Debes hacer clic en el bot\u00f3n \u00abRegistrarse\u00bb.<\/td>\n<td>El bot\u00f3n se encuentra en la esquina superior derecha de la p\u00e1gina de inicio.<\/td>\n<\/tr>\n<tr>\n<td>Todos los usuarios deben introducir su informaci\u00f3n personal.<\/td>\n<td>La informaci\u00f3n personal incluye la direcci\u00f3n de correo electr\u00f3nico y la creaci\u00f3n de una contrase\u00f1a. La contrase\u00f1a debe tener al menos 6 caracteres. Si tienes un c\u00f3digo promocional, tambi\u00e9n puedes introducirlo.<\/td>\n<\/tr>\n<tr>\n<td>Los jugadores deben aceptar las reglas de la plataforma.<\/td>\n<td>Debe marcar la casilla, aceptando que es mayor de 18 a\u00f1os y que ha le\u00eddo los T\u00e9rminos y condiciones y la Pol\u00edtica de privacidad de nuestro sitio web.<\/td>\n<\/tr>\n<tr>\n<td>Debes hacer clic en el bot\u00f3n \u00abRegistrarse\u00bb al final del formulario de registro.<\/td>\n<td>Este paso activa el env\u00edo de la carta de confirmaci\u00f3n a tu correo electr\u00f3nico.<\/td>\n<\/tr>\n<tr>\n<td>Debes confirmar tu direcci\u00f3n de correo electr\u00f3nico.<\/td>\n<td>Debes seguir el enlace que aparece en la carta de confirmaci\u00f3n que has recibido. Se ha enviado a la direcci\u00f3n de correo electr\u00f3nico que proporcionaste anteriormente.<\/td>\n<\/tr>\n<\/tbody>\n<\/table>\n<h2>Inicio de sesi\u00f3n en Goldzino y gesti\u00f3n de la cuenta<\/h2>\n<p>Si ya has creado una cuenta en nuestra plataforma, debes seguir el proceso de inicio de sesi\u00f3n en Goldzino para poder utilizar todas las funciones y herramientas. Hemos elaborado una breve gu\u00eda para ti:<\/p>\n<table>\n<tbody>\n<tr>\n<td>Paso<\/td>\n<td>Detalles<\/td>\n<\/tr>\n<tr>\n<td>Debes hacer clic en el bot\u00f3n \u00abIniciar sesi\u00f3n\u00bb.<\/td>\n<td>Encontrar\u00e1s el bot\u00f3n en la esquina superior derecha de la p\u00e1gina.<\/td>\n<\/tr>\n<tr>\n<td>Todos los usuarios deben introducir su correo electr\u00f3nico y contrase\u00f1a.<\/td>\n<td>Aqu\u00ed, debe introducir los datos personales que utiliz\u00f3 durante el proceso de registro.<\/td>\n<\/tr>\n<tr>\n<td>Debes hacer clic en el bot\u00f3n \u00abIniciar sesi\u00f3n\u00bb.<\/td>\n<td>Debe comprobar la informaci\u00f3n a\u00f1adida y, a continuaci\u00f3n, enviarla.<\/td>\n<\/tr>\n<\/tbody>\n<\/table>\n<p>Si toda la informaci\u00f3n es correcta, obtendr\u00e1 acceso inmediato a su cuenta. En la cuenta personal Gold Zino, puede editar su informaci\u00f3n personal, establecer l\u00edmites de dep\u00f3sito y tiempo, y acceder a su monedero para realizar dep\u00f3sitos y retiradas. Adem\u00e1s, hay una secci\u00f3n separada llamada \u00abHistorial\u00bb donde puede ver sus estad\u00edsticas de juego en el sitio web.<\/p>\n<p>Cada usuario puede generar un enlace de referencia a trav\u00e9s de su cuenta. Puedes invitar a tus amigos utilizando este enlace y recibir recompensas por hacerlo. Una cuenta te da acceso a todas las promociones disponibles en Goldzino, lo cual ya es una gran ventaja.<\/p>\n<h3>\u00bfOlvidaste tu contrase\u00f1a?<\/h3>\n<p>Cualquiera puede olvidar su contrase\u00f1a. Esto no es un problema para Gold Zino, ya que nuestra plataforma cuenta con una funci\u00f3n especial de recuperaci\u00f3n de contrase\u00f1as. Para recuperar su contrase\u00f1a, siga las instrucciones que se indican a continuaci\u00f3n:<\/p>\n<ol>\n<li>Debes hacer clic en el bot\u00f3n \u00abIniciar sesi\u00f3n\u00bb situado en la esquina superior derecha.<\/li>\n<li>Despu\u00e9s, tienes que hacer clic en el bot\u00f3n \u00ab\u00bfOlvidaste tu contrase\u00f1a?\u00bb.<\/li>\n<li>En este paso, todos los usuarios deben introducir la direcci\u00f3n de correo electr\u00f3nico que utilizaron durante el proceso de inicio de sesi\u00f3n de Goldzino.<\/li>\n<li>Le enviaremos un enlace por correo electr\u00f3nico para restablecer su contrase\u00f1a y crear una nueva.<\/li>\n<\/ol>\n<h2>Verificaci\u00f3n de cuenta en Goldzino Casino<\/h2>\n<p>Para realizar el primer retiro en Goldzino Casino, todos los jugadores deben completar el proceso de verificaci\u00f3n. Para ello, debes subir documentos que confirmen tus datos personales. Puede ser tu pasaporte, documento de identidad, permiso de conducir o una factura de servicios p\u00fablicos con una antig\u00fcedad m\u00e1xima de 6 meses.<\/p>\n<p>Despu\u00e9s de subir los documentos necesarios, nuestros gestores los revisar\u00e1n en un plazo de 48 horas y le dar\u00e1n una respuesta. Una vez que su cuenta haya sido verificada, podr\u00e1 retirar fondos de la plataforma sin m\u00e1s demoras.<\/p>\n<p>Este proceso es un paso importante para prevenir el fraude en nuestra plataforma Gold Zino y garantizar el juego limpio para todos los usuarios. Puede encontrar informaci\u00f3n m\u00e1s detallada sobre nuestras pol\u00edticas de \u00abConozca a su cliente\u00bb en el pie de p\u00e1gina de nuestra p\u00e1gina web.<\/p>\n<h2>Preguntas frecuentes<\/h2>\n<h3>\u00bfC\u00f3mo puedo verificar mi cuenta?<\/h3>\n<p>Para completar el proceso de verificaci\u00f3n, debe enviar a Goldzino los documentos que confirmen su identidad y su domicilio. Puede ser un pasaporte, un documento de identidad, una factura de servicios p\u00fablicos u otra opci\u00f3n. Cuando nuestros gestores hayan comprobado sus documentos, se lo notificaremos por correo electr\u00f3nico. Tambi\u00e9n puede consultar las actualizaciones en su cuenta.<\/p>\n<h3>\u00bfPuedo cambiar mi contrase\u00f1a o direcci\u00f3n de correo electr\u00f3nico?<\/h3>\n<p>Puedes cambiar cualquier informaci\u00f3n personal en la configuraci\u00f3n de tu cuenta de Goldzino Casino. Esto incluye cambiar el correo electr\u00f3nico o la contrase\u00f1a. Si tienes alg\u00fan problema para cambiarla, siempre puedes ponerse en contacto con nuestro equipo de soporte.<\/p>\n<h3>\u00bfQu\u00e9 debo hacer si mi cuenta est\u00e1 bloqueada?<\/h3>\n<p>Podemos bloquear las cuentas de los usuarios por infringir las normas del casino online. Goldzino siempre env\u00eda a los jugadores un correo electr\u00f3nico con una explicaci\u00f3n del motivo del bloqueo y su duraci\u00f3n. Si no ha recibido dicho correo electr\u00f3nico, siempre puede ponerse en contacto con nuestro servicio de atenci\u00f3n al cliente 24\/7 a trav\u00e9s del chat en vivo o por correo electr\u00f3nico.<\/p>\n<h3>\u00bfC\u00f3mo puedo cerrar o suspender temporalmente mi cuenta?<\/h3>\n<p>Goldzino Casino cuenta con una funci\u00f3n que le permite cerrar o restringir temporalmente su cuenta. Para ello, debe ponerse en contacto con nuestro servicio de asistencia multiling\u00fce disponible las 24 horas del d\u00eda, los 7 d\u00edas de la semana, a trav\u00e9s del chat en vivo o por correo electr\u00f3nico. Nuestros especialistas estar\u00e1n encantados de ayudarle.<\/p>\n<\/div><\/div><\/p>\n","protected":false},"excerpt":{"rendered":"<p>Goldzino inicio de sesi\u00f3n y registro El primer paso para todos los usuarios espa\u00f1oles de la plataforma Goldzino desde Espa\u00f1a es el proceso de registro. Lo hemos dise\u00f1ado para que todos los nuevos usuarios puedan completarlo en pocos minutos. Si ya tienes una cuenta en nuestro sitio web, solo tienes que seguir el proceso de [&hellip;]<\/p>\n","protected":false},"author":1,"featured_media":0,"parent":0,"menu_order":0,"comment_status":"closed","ping_status":"closed","template":"template-builder.php","meta":{"_acf_changed":false,"inline_featured_image":false,"footnotes":""},"class_list":["post-1537","page","type-page","status-publish","hentry"],"acf":[],"yoast_head":"<!-- This site is optimized with the Yoast SEO plugin v27.3 - https:\/\/yoast.com\/product\/yoast-seo-wordpress\/ -->\n<title>Goldzino Inicio de Sesi\u00f3n y Registro<\/title>\n<meta name=\"description\" content=\"Accede al registro, gesti\u00f3n y verificaci\u00f3n de cuenta a trav\u00e9s de Goldzino Login. Crea, recupera o cierra tu cuenta de Goldzino Casino de forma segura.\" \/>\n<meta name=\"robots\" content=\"index, follow, max-snippet:-1, max-image-preview:large, max-video-preview:-1\" \/>\n<link rel=\"canonical\" href=\"https:\/\/gold-zino.com\/es\/inicio-de-sesion-y-registro\/\" \/>\n<meta property=\"og:locale\" content=\"es_ES\" \/>\n<meta property=\"og:type\" content=\"article\" \/>\n<meta property=\"og:title\" content=\"Goldzino Inicio de Sesi\u00f3n y Registro\" \/>\n<meta property=\"og:description\" content=\"Accede al registro, gesti\u00f3n y verificaci\u00f3n de cuenta a trav\u00e9s de Goldzino Login. Crea, recupera o cierra tu cuenta de Goldzino Casino de forma segura.\" \/>\n<meta property=\"og:url\" content=\"https:\/\/gold-zino.com\/es\/inicio-de-sesion-y-registro\/\" \/>\n<meta property=\"og:site_name\" content=\"goldzino\" \/>\n<meta property=\"article:modified_time\" content=\"2025-10-20T14:11:34+00:00\" \/>\n<meta name=\"twitter:card\" content=\"summary_large_image\" \/>\n<meta name=\"twitter:label1\" content=\"Est. reading time\" \/>\n\t<meta name=\"twitter:data1\" content=\"1 minute\" \/>\n<script type=\"application\/ld+json\" class=\"yoast-schema-graph\">{\"@context\":\"https:\\\/\\\/schema.org\",\"@graph\":[{\"@type\":\"WebPage\",\"@id\":\"https:\\\/\\\/gold-zino.com\\\/es\\\/inicio-de-sesion-y-registro\\\/\",\"url\":\"https:\\\/\\\/gold-zino.com\\\/es\\\/inicio-de-sesion-y-registro\\\/\",\"name\":\"Goldzino Inicio de Sesi\u00f3n y Registro\",\"isPartOf\":{\"@id\":\"https:\\\/\\\/gold-zino.com\\\/es\\\/#website\"},\"datePublished\":\"2025-10-15T11:14:48+00:00\",\"dateModified\":\"2025-10-20T14:11:34+00:00\",\"description\":\"Accede al registro, gesti\u00f3n y verificaci\u00f3n de cuenta a trav\u00e9s de Goldzino Login. Crea, recupera o cierra tu cuenta de Goldzino Casino de forma segura.\",\"breadcrumb\":{\"@id\":\"https:\\\/\\\/gold-zino.com\\\/es\\\/inicio-de-sesion-y-registro\\\/#breadcrumb\"},\"inLanguage\":\"es-ES\",\"potentialAction\":[{\"@type\":\"ReadAction\",\"target\":[\"https:\\\/\\\/gold-zino.com\\\/es\\\/inicio-de-sesion-y-registro\\\/\"]}]},{\"@type\":\"BreadcrumbList\",\"@id\":\"https:\\\/\\\/gold-zino.com\\\/es\\\/inicio-de-sesion-y-registro\\\/#breadcrumb\",\"itemListElement\":[{\"@type\":\"ListItem\",\"position\":1,\"name\":\"GoldZino\",\"item\":\"https:\\\/\\\/gold-zino.com\\\/es\\\/\"},{\"@type\":\"ListItem\",\"position\":2,\"name\":\"Inicio de sesi\u00f3n y registro\"}]},{\"@type\":\"WebSite\",\"@id\":\"https:\\\/\\\/gold-zino.com\\\/es\\\/#website\",\"url\":\"https:\\\/\\\/gold-zino.com\\\/es\\\/\",\"name\":\"GoldZino\",\"description\":\"\",\"publisher\":{\"@id\":\"https:\\\/\\\/gold-zino.com\\\/es\\\/#organization\"},\"potentialAction\":[{\"@type\":\"SearchAction\",\"target\":{\"@type\":\"EntryPoint\",\"urlTemplate\":\"https:\\\/\\\/gold-zino.com\\\/es\\\/?s={search_term_string}\"},\"query-input\":{\"@type\":\"PropertyValueSpecification\",\"valueRequired\":true,\"valueName\":\"search_term_string\"}}],\"inLanguage\":\"es-ES\"},{\"@type\":\"Organization\",\"@id\":\"https:\\\/\\\/gold-zino.com\\\/es\\\/#organization\",\"name\":\"GoldZino\",\"url\":\"https:\\\/\\\/gold-zino.com\\\/es\\\/\",\"logo\":{\"@type\":\"ImageObject\",\"inLanguage\":\"es-ES\",\"@id\":\"https:\\\/\\\/gold-zino.com\\\/es\\\/#\\\/schema\\\/logo\\\/image\\\/\",\"url\":\"https:\\\/\\\/gold-zino.com\\\/wp-content\\\/uploads\\\/2025\\\/08\\\/80u1FaquEZeR6OUTeJCc.png\",\"contentUrl\":\"https:\\\/\\\/gold-zino.com\\\/wp-content\\\/uploads\\\/2025\\\/08\\\/80u1FaquEZeR6OUTeJCc.png\",\"width\":209,\"height\":46,\"caption\":\"GoldZino\"},\"image\":{\"@id\":\"https:\\\/\\\/gold-zino.com\\\/es\\\/#\\\/schema\\\/logo\\\/image\\\/\"}}]}<\/script>\n<!-- \/ Yoast SEO plugin. -->","yoast_head_json":{"title":"Goldzino Inicio de Sesi\u00f3n y Registro","description":"Accede al registro, gesti\u00f3n y verificaci\u00f3n de cuenta a trav\u00e9s de Goldzino Login. Crea, recupera o cierra tu cuenta de Goldzino Casino de forma segura.","robots":{"index":"index","follow":"follow","max-snippet":"max-snippet:-1","max-image-preview":"max-image-preview:large","max-video-preview":"max-video-preview:-1"},"canonical":"https:\/\/gold-zino.com\/es\/inicio-de-sesion-y-registro\/","og_locale":"es_ES","og_type":"article","og_title":"Goldzino Inicio de Sesi\u00f3n y Registro","og_description":"Accede al registro, gesti\u00f3n y verificaci\u00f3n de cuenta a trav\u00e9s de Goldzino Login. Crea, recupera o cierra tu cuenta de Goldzino Casino de forma segura.","og_url":"https:\/\/gold-zino.com\/es\/inicio-de-sesion-y-registro\/","og_site_name":"goldzino","article_modified_time":"2025-10-20T14:11:34+00:00","twitter_card":"summary_large_image","twitter_misc":{"Est. reading time":"1 minute"},"schema":{"@context":"https:\/\/schema.org","@graph":[{"@type":"WebPage","@id":"https:\/\/gold-zino.com\/es\/inicio-de-sesion-y-registro\/","url":"https:\/\/gold-zino.com\/es\/inicio-de-sesion-y-registro\/","name":"Goldzino Inicio de Sesi\u00f3n y Registro","isPartOf":{"@id":"https:\/\/gold-zino.com\/es\/#website"},"datePublished":"2025-10-15T11:14:48+00:00","dateModified":"2025-10-20T14:11:34+00:00","description":"Accede al registro, gesti\u00f3n y verificaci\u00f3n de cuenta a trav\u00e9s de Goldzino Login. Crea, recupera o cierra tu cuenta de Goldzino Casino de forma segura.","breadcrumb":{"@id":"https:\/\/gold-zino.com\/es\/inicio-de-sesion-y-registro\/#breadcrumb"},"inLanguage":"es-ES","potentialAction":[{"@type":"ReadAction","target":["https:\/\/gold-zino.com\/es\/inicio-de-sesion-y-registro\/"]}]},{"@type":"BreadcrumbList","@id":"https:\/\/gold-zino.com\/es\/inicio-de-sesion-y-registro\/#breadcrumb","itemListElement":[{"@type":"ListItem","position":1,"name":"GoldZino","item":"https:\/\/gold-zino.com\/es\/"},{"@type":"ListItem","position":2,"name":"Inicio de sesi\u00f3n y registro"}]},{"@type":"WebSite","@id":"https:\/\/gold-zino.com\/es\/#website","url":"https:\/\/gold-zino.com\/es\/","name":"GoldZino","description":"","publisher":{"@id":"https:\/\/gold-zino.com\/es\/#organization"},"potentialAction":[{"@type":"SearchAction","target":{"@type":"EntryPoint","urlTemplate":"https:\/\/gold-zino.com\/es\/?s={search_term_string}"},"query-input":{"@type":"PropertyValueSpecification","valueRequired":true,"valueName":"search_term_string"}}],"inLanguage":"es-ES"},{"@type":"Organization","@id":"https:\/\/gold-zino.com\/es\/#organization","name":"GoldZino","url":"https:\/\/gold-zino.com\/es\/","logo":{"@type":"ImageObject","inLanguage":"es-ES","@id":"https:\/\/gold-zino.com\/es\/#\/schema\/logo\/image\/","url":"https:\/\/gold-zino.com\/wp-content\/uploads\/2025\/08\/80u1FaquEZeR6OUTeJCc.png","contentUrl":"https:\/\/gold-zino.com\/wp-content\/uploads\/2025\/08\/80u1FaquEZeR6OUTeJCc.png","width":209,"height":46,"caption":"GoldZino"},"image":{"@id":"https:\/\/gold-zino.com\/es\/#\/schema\/logo\/image\/"}}]}},"_links":{"self":[{"href":"https:\/\/gold-zino.com\/es\/wp-json\/wp\/v2\/pages\/1537","targetHints":{"allow":["GET"]}}],"collection":[{"href":"https:\/\/gold-zino.com\/es\/wp-json\/wp\/v2\/pages"}],"about":[{"href":"https:\/\/gold-zino.com\/es\/wp-json\/wp\/v2\/types\/page"}],"author":[{"embeddable":true,"href":"https:\/\/gold-zino.com\/es\/wp-json\/wp\/v2\/users\/1"}],"replies":[{"embeddable":true,"href":"https:\/\/gold-zino.com\/es\/wp-json\/wp\/v2\/comments?post=1537"}],"version-history":[{"count":3,"href":"https:\/\/gold-zino.com\/es\/wp-json\/wp\/v2\/pages\/1537\/revisions"}],"predecessor-version":[{"id":2269,"href":"https:\/\/gold-zino.com\/es\/wp-json\/wp\/v2\/pages\/1537\/revisions\/2269"}],"wp:attachment":[{"href":"https:\/\/gold-zino.com\/es\/wp-json\/wp\/v2\/media?parent=1537"}],"curies":[{"name":"wp","href":"https:\/\/api.w.org\/{rel}","templated":true}]}}