{"id":1531,"date":"2025-10-15T12:14:48","date_gmt":"2025-10-15T11:14:48","guid":{"rendered":"https:\/\/gold-zino.com\/login-and-registration\/"},"modified":"2025-12-23T20:08:35","modified_gmt":"2025-12-23T20:08:35","slug":"connexion-et-inscription","status":"publish","type":"page","link":"https:\/\/gold-zino.com\/fr\/connexion-et-inscription\/","title":{"rendered":"Connexion et inscription"},"content":{"rendered":"<h1>Connexion et inscription \u00e0 Goldzino<\/h1>\n<p>La premi\u00e8re \u00e9tape pour chaque utilisateur de la plateforme Goldzino commence par le processus d&rsquo;inscription. Nous l&rsquo;avons con\u00e7u de mani\u00e8re \u00e0 ce que chaque nouveau venu puisse le compl\u00e9ter en quelques minutes. Si vous poss\u00e9dez d\u00e9j\u00e0 un compte sur notre site web, il vous suffit de suivre le processus de Goldzino login pour commencer \u00e0 explorer toutes les fonctionnalit\u00e9s de la plateforme.<\/p>\n<p><div class=\"banner-wrap\" aria-label=\"Banner\"><img src=\"https:\/\/gold-zino.com\/wp-content\/uploads\/2025\/10\/Goldzino-Banner-Desktop.webp\" class=\"w-100 d-none d-lg-block img-pc main-banner-img\" alt=\"Goldzino Bonus\" fetchpriority=\"high\" decoding=\"async\"><img src=\"https:\/\/gold-zino.com\/wp-content\/uploads\/2025\/10\/Gold-zino-Mobile-Banner.webp\" class=\"w-100 d-none d-md-block d-lg-none main-banner-img\" alt=\"Goldzino Mobile Banner\" fetchpriority=\"high\" decoding=\"async\"><img src=\"https:\/\/gold-zino.com\/wp-content\/uploads\/2025\/10\/Gold-zino-Mobile-Banner.webp\" class=\"w-100 d-md-none\" alt=\"Goldzino Mobile Banner\" fetchpriority=\"high\" decoding=\"async\"><div class=\"banner-description\">\n<div class=\"banner-title\">Bonus de bienvenue<\/div>\n<p class=\"banner-header-title\">\u20ac1000<\/p>\n<div class=\"banner-header-AdditionalText\">+ 100 tours gratuits<\/div>\n<button data-item=\"homepage_banner_link\" class=\"goto m-button m-gradient-border m-button--primary m-button--large banner-button btn-orange\">\n            <div class=\"m-button-content\">\n                <span>Inscrivez-vous d\u00e8s maintenant<\/span>\n                <span><\/span>\n            <\/div>\n        <\/button>\n<\/div>\n<div class=\"WelcomePack\">\n<p><img decoding=\"async\" src=\"https:\/\/gold-zino.com\/wp-content\/uploads\/2025\/10\/welcome-crown.svg\" alt=\"welcome crown\" \/><\/p>\n<div class=\"WelcomePack-Info\">Cashback hebdomadaire jusqu&rsquo;\u00e0 25%<\/div>\n<p><img decoding=\"async\" src=\"https:\/\/gold-zino.com\/wp-content\/uploads\/2025\/10\/welcome-crown.svg\" alt=\"welcome crown\" \/><\/p>\n<\/div>\n<\/div><div class=\"scrollable-content-wrap my-5\"><div class=\"scrollable-content-inner\"><h2>Inscription au casino Goldzino<\/h2>\n<p>Pour commencer \u00e0 explorer les fonctionnalit\u00e9s de Goldzino Casino, tous les utilisateurs doivent passer par le processus d&rsquo;inscription. Mais ne vous inqui\u00e9tez pas, cela ne prend que quelques minutes. Le processus est tr\u00e8s simple, m\u00eame les nouveaux utilisateurs de casinos en ligne se sentiront \u00e0 l&rsquo;aise. Si vous avez d\u00e9j\u00e0 un compte, vous pouvez simplement passer par le processus de connexion \u00e0 Goldzino.<\/p>\n<p>Tous les nouveaux joueurs re\u00e7oivent un pack de bienvenue pouvant atteindre 1 000 \u20ac + 100 tours gratuits. Pour cela, il vous suffit de suivre la proc\u00e9dure d&rsquo;inscription \u00e0 Gold Zino. L&rsquo;offre est \u00e9galement valable si vous vous inscrivez via l&rsquo;application. C&rsquo;est une excellente occasion d&rsquo;essayer des titres sympas gr\u00e2ce aux tours gratuits. En outre, vous b\u00e9n\u00e9ficierez d&rsquo;un acc\u00e8s illimit\u00e9 \u00e0 notre collection de jeux qui comprend plus de 6 000 titres.<\/p>\n<p>Si vous visitez notre site web Goldzino pour la premi\u00e8re fois et souhaitez cr\u00e9er votre compte, suivez nos instructions ci-dessous pour le faire rapidement et sans aucun probl\u00e8me :<\/p>\n<table>\n<tbody>\n<tr>\n<td>\u00c9tape<\/td>\n<td>D\u00e9tails<\/td>\n<\/tr>\n<tr>\n<td>Vous devez cliquer sur le bouton \u00ab S&rsquo;inscrire \u00bb.<\/td>\n<td>Le bouton se trouve dans le coin sup\u00e9rieur droit de la page d&rsquo;accueil.<\/td>\n<\/tr>\n<tr>\n<td>Tous les utilisateurs doivent saisir leurs informations personnelles.<\/td>\n<td>Les informations personnelles comprennent l&rsquo;adresse e-mail et la cr\u00e9ation d&rsquo;un mot de passe. Le mot de passe doit comporter au moins 6 caract\u00e8res. Si vous disposez d&rsquo;un code promotionnel, vous pouvez \u00e9galement le saisir.<\/td>\n<\/tr>\n<tr>\n<td>Les joueurs doivent accepter les r\u00e8gles de la plateforme.<\/td>\n<td>Vous devez cocher la case indiquant que vous avez 18 ans ou plus et que vous avez lu les conditions g\u00e9n\u00e9rales et la politique de confidentialit\u00e9 de notre site Web.<\/td>\n<\/tr>\n<tr>\n<td>Vous devez cliquer sur le bouton \u00ab S&rsquo;inscrire \u00bb \u00e0 la fin du formulaire d&rsquo;inscription.<\/td>\n<td>Cette \u00e9tape active l&rsquo;envoi de la lettre de confirmation \u00e0 votre adresse e-mail.<\/td>\n<\/tr>\n<tr>\n<td>Vous devez confirmer votre adresse e-mail.<\/td>\n<td>Vous devez suivre le lien figurant dans la lettre de confirmation que vous avez re\u00e7ue. Elle a \u00e9t\u00e9 envoy\u00e9e \u00e0 l&rsquo;adresse e-mail que vous avez fournie pr\u00e9c\u00e9demment.<\/td>\n<\/tr>\n<\/tbody>\n<\/table>\n<h2>Connexion \u00e0 Goldzino et gestion du compte<\/h2>\n<p>Si vous avez d\u00e9j\u00e0 cr\u00e9\u00e9 un compte sur notre plateforme, vous devez passer par le processus de connexion \u00e0 Goldzino pour pouvoir utiliser toutes les fonctionnalit\u00e9s et tous les outils. Nous avons r\u00e9dig\u00e9 un petit guide \u00e0 votre intention :<\/p>\n<table>\n<tbody>\n<tr>\n<td>\u00c9tape<\/td>\n<td>D\u00e9tails<\/td>\n<\/tr>\n<tr>\n<td>Vous devez cliquer sur le bouton \u00ab Connexion \u00bb.<\/td>\n<td>Vous trouverez le bouton dans le coin sup\u00e9rieur droit de la page.<\/td>\n<\/tr>\n<tr>\n<td>Tous les utilisateurs doivent saisir leur adresse e-mail et leur mot de passe.<\/td>\n<td>Ici, vous devez saisir les informations personnelles que vous avez utilis\u00e9es lors du processus d&rsquo;inscription.<\/td>\n<\/tr>\n<tr>\n<td>Vous devez cliquer sur le bouton \u00ab Connexion \u00bb.<\/td>\n<td>Vous devez v\u00e9rifier les informations ajout\u00e9es, puis les envoyer.<\/td>\n<\/tr>\n<\/tbody>\n<\/table>\n<p>Si toutes les informations sont correctes, vous aurez imm\u00e9diatement acc\u00e8s \u00e0 votre compte. Dans le compte personnel Gold Zino, vous pouvez modifier vos informations personnelles, d\u00e9finir des limites de d\u00e9p\u00f4t et de temps, et acc\u00e9der \u00e0 votre portefeuille pour effectuer des d\u00e9p\u00f4ts et des retraits. De plus, une section \u00ab Historique \u00bb s\u00e9par\u00e9e vous permet de consulter vos statistiques de jeu sur le site web.<\/p>\n<p>Chaque utilisateur peut g\u00e9n\u00e9rer un lien de parrainage via son compte. Vous pouvez inviter vos amis \u00e0 l&rsquo;aide de ce lien et recevoir des r\u00e9compenses en \u00e9change. Un compte vous donne acc\u00e8s \u00e0 toutes les promotions disponibles sur Goldzino, ce qui est d\u00e9j\u00e0 un avantage non n\u00e9gligeable.<\/p>\n<h3>Mot de passe oubli\u00e9 ?<\/h3>\n<p>Tout le monde peut oublier son mot de passe. Ce n&rsquo;est pas un probl\u00e8me pour Gold Zino, car notre plateforme dispose d&rsquo;une fonctionnalit\u00e9 sp\u00e9ciale de r\u00e9cup\u00e9ration de mot de passe. Pour r\u00e9cup\u00e9rer votre mot de passe, vous pouvez suivre les instructions ci-dessous :<\/p>\n<ol>\n<li>Vous devez cliquer sur le bouton \u00ab Connexion \u00bb dans le coin sup\u00e9rieur droit.<\/li>\n<li>Ensuite, vous devez cliquer sur le bouton \u00ab Mot de passe oubli\u00e9 ? \u00bb.<\/li>\n<li>\u00c0 cette \u00e9tape, tous les utilisateurs doivent saisir l&rsquo;adresse e-mail qu&rsquo;ils ont utilis\u00e9e lors du processus de connexion \u00e0 Goldzino.<\/li>\n<li>Nous vous enverrons un lien par e-mail pour r\u00e9initialiser votre mot de passe et en cr\u00e9er un nouveau.<\/li>\n<\/ol>\n<h2>V\u00e9rification du compte sur Goldzino Casino<\/h2>\n<p>Pour effectuer son premier retrait sur Goldzino Casino, chaque joueur doit suivre la proc\u00e9dure de v\u00e9rification. Pour cela, vous devez t\u00e9l\u00e9charger des documents qui confirment vos informations personnelles. Il peut s&rsquo;agir de votre passeport, de votre carte d&rsquo;identit\u00e9, de votre permis de conduire ou d&rsquo;une facture de services publics datant de moins de 6 mois.<\/p>\n<p>Apr\u00e8s avoir t\u00e9l\u00e9charg\u00e9 les documents requis, nos responsables les examineront dans les 48 heures et vous donneront une r\u00e9ponse. Une fois votre compte v\u00e9rifi\u00e9, vous pourrez retirer des fonds de la plateforme sans plus attendre.<\/p>\n<p>Ce processus est une \u00e9tape importante pour pr\u00e9venir la fraude sur notre plateforme Gold Zino et garantir l&rsquo;\u00e9quit\u00e9 pour tous les utilisateurs. Vous trouverez des informations plus d\u00e9taill\u00e9es sur nos politiques \u00ab Know Your Customer \u00bb (Conna\u00eetre son client) en bas de notre page.<\/p>\n<h2>FAQ<\/h2>\n<h3>Comment puis-je v\u00e9rifier mon compte ?<\/h3>\n<p>Pour terminer le processus de v\u00e9rification, vous devez t\u00e9l\u00e9charger les documents qui confirment votre identit\u00e9 et votre adresse personnelle sur Goldzino. Il peut s&rsquo;agir d&rsquo;un passeport, d&rsquo;une carte d&rsquo;identit\u00e9, d&rsquo;une facture de services publics ou d&rsquo;un autre document. Une fois que nos responsables auront v\u00e9rifi\u00e9 vos documents, nous vous en informerons par e-mail. Vous pouvez \u00e9galement consulter les mises \u00e0 jour dans votre compte.<\/p>\n<h3>Puis-je modifier mon mot de passe ou mon adresse e-mail ?<\/h3>\n<p>Vous pouvez modifier toutes vos informations personnelles dans les param\u00e8tres de votre compte Goldzino Casino. Cela inclut la modification de votre adresse e-mail ou de votre mot de passe. Si vous rencontrez des difficult\u00e9s pour effectuer ces modifications, vous pouvez toujours contacter notre \u00e9quipe d&rsquo;assistance.<\/p>\n<h3>Que dois-je faire si mon compte est bloqu\u00e9 ?<\/h3>\n<p>Nous pouvons bloquer les comptes des utilisateurs en cas de violation des r\u00e8gles du casino en ligne. Goldzino envoie toujours aux joueurs un e-mail expliquant la raison du blocage et sa dur\u00e9e. Si vous n&rsquo;avez pas re\u00e7u cet e-mail, vous pouvez toujours contacter notre service client\u00e8le disponible 24h\/24 et 7j\/7 via le chat en direct ou par e-mail.<\/p>\n<h3>Comment puis-je fermer ou suspendre temporairement mon compte ?<\/h3>\n<p>Goldzino Casino dispose d&rsquo;une fonctionnalit\u00e9 qui vous permet de fermer ou de restreindre temporairement votre compte. Pour ce faire, vous devez contacter notre service d&rsquo;assistance multilingue disponible 24h\/24 et 7j\/7 via le chat en direct ou par e-mail. Nos sp\u00e9cialistes se feront un plaisir de vous aider.<\/p>\n<\/div><\/div><\/p>\n","protected":false},"excerpt":{"rendered":"<p>Connexion et inscription \u00e0 Goldzino La premi\u00e8re \u00e9tape pour chaque utilisateur de la plateforme Goldzino commence par le processus d&rsquo;inscription. Nous l&rsquo;avons con\u00e7u de mani\u00e8re \u00e0 ce que chaque nouveau venu puisse le compl\u00e9ter en quelques minutes. Si vous poss\u00e9dez d\u00e9j\u00e0 un compte sur notre site web, il vous suffit de suivre le processus de [&hellip;]<\/p>\n","protected":false},"author":1,"featured_media":0,"parent":0,"menu_order":0,"comment_status":"closed","ping_status":"closed","template":"template-builder.php","meta":{"_acf_changed":false,"inline_featured_image":false,"footnotes":""},"class_list":["post-1531","page","type-page","status-publish","hentry"],"acf":[],"yoast_head":"<!-- This site is optimized with the Yoast SEO plugin v27.3 - https:\/\/yoast.com\/product\/yoast-seo-wordpress\/ -->\n<title>Goldzino Connexion et Inscription<\/title>\n<meta name=\"description\" content=\"Acc\u00e9dez \u00e0 l\u2019inscription, la gestion et la v\u00e9rification du compte via Gold zino Login. Cr\u00e9ez, r\u00e9cup\u00e9rez ou fermez votre compte Goldzino Casino en toute s\u00e9curit\u00e9.\" \/>\n<meta name=\"robots\" content=\"index, follow, max-snippet:-1, max-image-preview:large, max-video-preview:-1\" \/>\n<link rel=\"canonical\" href=\"https:\/\/gold-zino.com\/fr\/connexion-et-inscription\/\" \/>\n<meta property=\"og:locale\" content=\"fr_FR\" \/>\n<meta property=\"og:type\" content=\"article\" \/>\n<meta property=\"og:title\" content=\"Goldzino Connexion et Inscription\" \/>\n<meta property=\"og:description\" content=\"Acc\u00e9dez \u00e0 l\u2019inscription, la gestion et la v\u00e9rification du compte via Gold zino Login. Cr\u00e9ez, r\u00e9cup\u00e9rez ou fermez votre compte Goldzino Casino en toute s\u00e9curit\u00e9.\" \/>\n<meta property=\"og:url\" content=\"https:\/\/gold-zino.com\/fr\/connexion-et-inscription\/\" \/>\n<meta property=\"og:site_name\" content=\"goldzino\" \/>\n<meta property=\"article:modified_time\" content=\"2025-12-23T20:08:35+00:00\" \/>\n<meta name=\"twitter:card\" content=\"summary_large_image\" \/>\n<meta name=\"twitter:label1\" content=\"Dur\u00e9e de lecture estim\u00e9e\" \/>\n\t<meta name=\"twitter:data1\" content=\"1 minute\" \/>\n<script type=\"application\/ld+json\" class=\"yoast-schema-graph\">{\"@context\":\"https:\\\/\\\/schema.org\",\"@graph\":[{\"@type\":\"WebPage\",\"@id\":\"https:\\\/\\\/gold-zino.com\\\/fr\\\/connexion-et-inscription\\\/\",\"url\":\"https:\\\/\\\/gold-zino.com\\\/fr\\\/connexion-et-inscription\\\/\",\"name\":\"Goldzino Connexion et Inscription\",\"isPartOf\":{\"@id\":\"https:\\\/\\\/gold-zino.com\\\/fr\\\/#website\"},\"datePublished\":\"2025-10-15T11:14:48+00:00\",\"dateModified\":\"2025-12-23T20:08:35+00:00\",\"description\":\"Acc\u00e9dez \u00e0 l\u2019inscription, la gestion et la v\u00e9rification du compte via Gold zino Login. Cr\u00e9ez, r\u00e9cup\u00e9rez ou fermez votre compte Goldzino Casino en toute s\u00e9curit\u00e9.\",\"breadcrumb\":{\"@id\":\"https:\\\/\\\/gold-zino.com\\\/fr\\\/connexion-et-inscription\\\/#breadcrumb\"},\"inLanguage\":\"fr-FR\",\"potentialAction\":[{\"@type\":\"ReadAction\",\"target\":[\"https:\\\/\\\/gold-zino.com\\\/fr\\\/connexion-et-inscription\\\/\"]}]},{\"@type\":\"BreadcrumbList\",\"@id\":\"https:\\\/\\\/gold-zino.com\\\/fr\\\/connexion-et-inscription\\\/#breadcrumb\",\"itemListElement\":[{\"@type\":\"ListItem\",\"position\":1,\"name\":\"GoldZino\",\"item\":\"https:\\\/\\\/gold-zino.com\\\/fr\\\/\"},{\"@type\":\"ListItem\",\"position\":2,\"name\":\"Connexion et inscription\"}]},{\"@type\":\"WebSite\",\"@id\":\"https:\\\/\\\/gold-zino.com\\\/fr\\\/#website\",\"url\":\"https:\\\/\\\/gold-zino.com\\\/fr\\\/\",\"name\":\"GoldZino\",\"description\":\"\",\"publisher\":{\"@id\":\"https:\\\/\\\/gold-zino.com\\\/fr\\\/#organization\"},\"potentialAction\":[{\"@type\":\"SearchAction\",\"target\":{\"@type\":\"EntryPoint\",\"urlTemplate\":\"https:\\\/\\\/gold-zino.com\\\/fr\\\/?s={search_term_string}\"},\"query-input\":{\"@type\":\"PropertyValueSpecification\",\"valueRequired\":true,\"valueName\":\"search_term_string\"}}],\"inLanguage\":\"fr-FR\"},{\"@type\":\"Organization\",\"@id\":\"https:\\\/\\\/gold-zino.com\\\/fr\\\/#organization\",\"name\":\"GoldZino\",\"url\":\"https:\\\/\\\/gold-zino.com\\\/fr\\\/\",\"logo\":{\"@type\":\"ImageObject\",\"inLanguage\":\"fr-FR\",\"@id\":\"https:\\\/\\\/gold-zino.com\\\/fr\\\/#\\\/schema\\\/logo\\\/image\\\/\",\"url\":\"https:\\\/\\\/gold-zino.com\\\/wp-content\\\/uploads\\\/2025\\\/08\\\/80u1FaquEZeR6OUTeJCc.png\",\"contentUrl\":\"https:\\\/\\\/gold-zino.com\\\/wp-content\\\/uploads\\\/2025\\\/08\\\/80u1FaquEZeR6OUTeJCc.png\",\"width\":209,\"height\":46,\"caption\":\"GoldZino\"},\"image\":{\"@id\":\"https:\\\/\\\/gold-zino.com\\\/fr\\\/#\\\/schema\\\/logo\\\/image\\\/\"}}]}<\/script>\n<!-- \/ Yoast SEO plugin. -->","yoast_head_json":{"title":"Goldzino Connexion et Inscription","description":"Acc\u00e9dez \u00e0 l\u2019inscription, la gestion et la v\u00e9rification du compte via Gold zino Login. Cr\u00e9ez, r\u00e9cup\u00e9rez ou fermez votre compte Goldzino Casino en toute s\u00e9curit\u00e9.","robots":{"index":"index","follow":"follow","max-snippet":"max-snippet:-1","max-image-preview":"max-image-preview:large","max-video-preview":"max-video-preview:-1"},"canonical":"https:\/\/gold-zino.com\/fr\/connexion-et-inscription\/","og_locale":"fr_FR","og_type":"article","og_title":"Goldzino Connexion et Inscription","og_description":"Acc\u00e9dez \u00e0 l\u2019inscription, la gestion et la v\u00e9rification du compte via Gold zino Login. Cr\u00e9ez, r\u00e9cup\u00e9rez ou fermez votre compte Goldzino Casino en toute s\u00e9curit\u00e9.","og_url":"https:\/\/gold-zino.com\/fr\/connexion-et-inscription\/","og_site_name":"goldzino","article_modified_time":"2025-12-23T20:08:35+00:00","twitter_card":"summary_large_image","twitter_misc":{"Dur\u00e9e de lecture estim\u00e9e":"1 minute"},"schema":{"@context":"https:\/\/schema.org","@graph":[{"@type":"WebPage","@id":"https:\/\/gold-zino.com\/fr\/connexion-et-inscription\/","url":"https:\/\/gold-zino.com\/fr\/connexion-et-inscription\/","name":"Goldzino Connexion et Inscription","isPartOf":{"@id":"https:\/\/gold-zino.com\/fr\/#website"},"datePublished":"2025-10-15T11:14:48+00:00","dateModified":"2025-12-23T20:08:35+00:00","description":"Acc\u00e9dez \u00e0 l\u2019inscription, la gestion et la v\u00e9rification du compte via Gold zino Login. Cr\u00e9ez, r\u00e9cup\u00e9rez ou fermez votre compte Goldzino Casino en toute s\u00e9curit\u00e9.","breadcrumb":{"@id":"https:\/\/gold-zino.com\/fr\/connexion-et-inscription\/#breadcrumb"},"inLanguage":"fr-FR","potentialAction":[{"@type":"ReadAction","target":["https:\/\/gold-zino.com\/fr\/connexion-et-inscription\/"]}]},{"@type":"BreadcrumbList","@id":"https:\/\/gold-zino.com\/fr\/connexion-et-inscription\/#breadcrumb","itemListElement":[{"@type":"ListItem","position":1,"name":"GoldZino","item":"https:\/\/gold-zino.com\/fr\/"},{"@type":"ListItem","position":2,"name":"Connexion et inscription"}]},{"@type":"WebSite","@id":"https:\/\/gold-zino.com\/fr\/#website","url":"https:\/\/gold-zino.com\/fr\/","name":"GoldZino","description":"","publisher":{"@id":"https:\/\/gold-zino.com\/fr\/#organization"},"potentialAction":[{"@type":"SearchAction","target":{"@type":"EntryPoint","urlTemplate":"https:\/\/gold-zino.com\/fr\/?s={search_term_string}"},"query-input":{"@type":"PropertyValueSpecification","valueRequired":true,"valueName":"search_term_string"}}],"inLanguage":"fr-FR"},{"@type":"Organization","@id":"https:\/\/gold-zino.com\/fr\/#organization","name":"GoldZino","url":"https:\/\/gold-zino.com\/fr\/","logo":{"@type":"ImageObject","inLanguage":"fr-FR","@id":"https:\/\/gold-zino.com\/fr\/#\/schema\/logo\/image\/","url":"https:\/\/gold-zino.com\/wp-content\/uploads\/2025\/08\/80u1FaquEZeR6OUTeJCc.png","contentUrl":"https:\/\/gold-zino.com\/wp-content\/uploads\/2025\/08\/80u1FaquEZeR6OUTeJCc.png","width":209,"height":46,"caption":"GoldZino"},"image":{"@id":"https:\/\/gold-zino.com\/fr\/#\/schema\/logo\/image\/"}}]}},"_links":{"self":[{"href":"https:\/\/gold-zino.com\/fr\/wp-json\/wp\/v2\/pages\/1531","targetHints":{"allow":["GET"]}}],"collection":[{"href":"https:\/\/gold-zino.com\/fr\/wp-json\/wp\/v2\/pages"}],"about":[{"href":"https:\/\/gold-zino.com\/fr\/wp-json\/wp\/v2\/types\/page"}],"author":[{"embeddable":true,"href":"https:\/\/gold-zino.com\/fr\/wp-json\/wp\/v2\/users\/1"}],"replies":[{"embeddable":true,"href":"https:\/\/gold-zino.com\/fr\/wp-json\/wp\/v2\/comments?post=1531"}],"version-history":[{"count":4,"href":"https:\/\/gold-zino.com\/fr\/wp-json\/wp\/v2\/pages\/1531\/revisions"}],"predecessor-version":[{"id":2284,"href":"https:\/\/gold-zino.com\/fr\/wp-json\/wp\/v2\/pages\/1531\/revisions\/2284"}],"wp:attachment":[{"href":"https:\/\/gold-zino.com\/fr\/wp-json\/wp\/v2\/media?parent=1531"}],"curies":[{"name":"wp","href":"https:\/\/api.w.org\/{rel}","templated":true}]}}