{"id":1534,"date":"2025-10-15T12:14:48","date_gmt":"2025-10-15T11:14:48","guid":{"rendered":"https:\/\/gold-zino.com\/login-and-registration\/"},"modified":"2025-10-20T11:39:18","modified_gmt":"2025-10-20T10:39:18","slug":"accesso-e-registrazione","status":"publish","type":"page","link":"https:\/\/gold-zino.com\/it\/accesso-e-registrazione\/","title":{"rendered":"Accesso e registrazione"},"content":{"rendered":"<h1>Goldzino login e registrazione<\/h1>\n<p>Il primo passo per ogni utente italiano sulla piattaforma Goldzino inizia con il processo di registrazione. Lo abbiamo progettato in modo che ogni nuovo utente possa completarlo in pochi minuti. Se hai gi\u00e0 un account sul nostro sito web, tutto ci\u00f2 che devi fare \u00e8 seguire la procedura di Goldzino login per iniziare a esplorare tutte le funzionalit\u00e0 della piattaforma.<\/p>\n<p><div class=\"banner-wrap\" aria-label=\"Banner\"><img src=\"https:\/\/gold-zino.com\/wp-content\/uploads\/2025\/10\/Goldzino-Banner-Desktop.webp\" class=\"w-100 d-none d-lg-block img-pc main-banner-img\" alt=\"Goldzino Bonus\" fetchpriority=\"high\" decoding=\"async\"><img src=\"https:\/\/gold-zino.com\/wp-content\/uploads\/2025\/10\/Gold-zino-Mobile-Banner.webp\" class=\"w-100 d-none d-md-block d-lg-none main-banner-img\" alt=\"Goldzino Mobile Banner\" fetchpriority=\"high\" decoding=\"async\"><img src=\"https:\/\/gold-zino.com\/wp-content\/uploads\/2025\/10\/Gold-zino-Mobile-Banner.webp\" class=\"w-100 d-md-none\" alt=\"Goldzino Mobile Banner\" fetchpriority=\"high\" decoding=\"async\"><div class=\"banner-description\">\n<div class=\"banner-title\">Bonus di Benvenuto<\/div>\n<p class=\"banner-header-title\">\u20ac1,500<\/p>\n<div class=\"banner-header-AdditionalText\">+ 250 Giri Gratuiti<\/div>\n<button data-item=\"homepage_banner_link\" class=\"goto m-button m-gradient-border m-button--primary m-button--large banner-button btn-orange\">\n            <div class=\"m-button-content\">\n                <span>Registrati ora<\/span>\n                <span><\/span>\n            <\/div>\n        <\/button>\n<\/div>\n<div class=\"WelcomePack\">\n<p><img loading=\"lazy\" decoding=\"async\" class=\"alignnone wp-image-1682 size-full\" src=\"https:\/\/gold-zino.com\/wp-content\/uploads\/2025\/10\/welcome-crown.svg\" alt=\"crown\" width=\"25\" height=\"26\" \/><\/p>\n<div class=\"WelcomePack-Info\">Cashback Settimanale fino al 25%<\/div>\n<p><img loading=\"lazy\" decoding=\"async\" class=\"alignnone wp-image-1682 size-full\" src=\"https:\/\/gold-zino.com\/wp-content\/uploads\/2025\/10\/welcome-crown.svg\" alt=\"crown\" width=\"25\" height=\"26\" \/><\/p>\n<\/div>\n<\/div><div class=\"scrollable-content-wrap my-5\"><div class=\"scrollable-content-inner\"><h2>Registrazione su Goldzino Casino<\/h2>\n<p>Per iniziare a esplorare le funzionalit\u00e0 di Goldzino Casino, tutti gli utenti devono completare la procedura di registrazione. Ma non preoccuparti, ci vogliono solo pochi minuti. La procedura \u00e8 molto semplice, quindi anche un nuovo utente di casin\u00f2 online si sentir\u00e0 a proprio agio. Se hai gi\u00e0 un account, puoi semplicemente completare la procedura di Goldzino login.<\/p>\n<p>Tutti i nuovi giocatori ricevono un pacchetto di benvenuto fino a 1.500 \u20ac + 250 giri gratuiti. Per ottenerlo, \u00e8 sufficiente completare la procedura di registrazione su Gold Zino. L&#8217;offerta \u00e8 valida anche se ti registri dall&#8217;app. \u00c8 un&#8217;ottima occasione per provare titoli interessanti grazie ai giri gratuiti. Inoltre, avrai accesso illimitato alla nostra collezione di giochi che include oltre 6.000 titoli.<\/p>\n<p>Quindi, se stai visitando il nostro sito web Goldzino per la prima volta e desideri creare il tuo account, segui le nostre istruzioni riportate di seguito per farlo rapidamente e senza problemi:<\/p>\n<table>\n<tbody>\n<tr>\n<td>Passo<\/td>\n<td>Dettagli<\/td>\n<\/tr>\n<tr>\n<td>\u00c8 necessario cliccare sul pulsante \u201cIscriviti\u201d.<\/td>\n<td>Il pulsante si trova nell&#8217;angolo in alto a destra della pagina iniziale.<\/td>\n<\/tr>\n<tr>\n<td>Tutti gli utenti devono inserire le proprie informazioni personali.<\/td>\n<td>Le informazioni personali includono l&#8217;indirizzo e-mail e la creazione della password. La password deve contenere almeno 6 caratteri. Se disponi di un codice promozionale, puoi inserirlo.<\/td>\n<\/tr>\n<tr>\n<td>I giocatori devono accettare le regole della piattaforma.<\/td>\n<td>\u00c8 necessario selezionare la casella, dichiarando di avere almeno 18 anni e di aver letto i Termini e condizioni e l&#8217;Informativa sulla privacy del nostro sito web.<\/td>\n<\/tr>\n<tr>\n<td>\u00c8 necessario cliccare sul pulsante \u201cIscriviti\u201d alla fine del modulo di registrazione.<\/td>\n<td>Questo passaggio attiva l&#8217;invio della lettera di conferma al tuo indirizzo e-mail.<\/td>\n<\/tr>\n<tr>\n<td>\u00c8 necessario confermare il proprio indirizzo e-mail.<\/td>\n<td>Segui il link contenuto nella lettera di conferma che hai ricevuto. \u00c8 stata inviata all&#8217;indirizzo e-mail che hai fornito in precedenza.<\/td>\n<\/tr>\n<\/tbody>\n<\/table>\n<h2>Accesso a Goldzino e gestione dell&#8217;account<\/h2>\n<p>Se hai gi\u00e0 creato un account sulla nostra piattaforma, devi seguire la procedura di login Goldzino per poter utilizzare tutte le funzionalit\u00e0 e gli strumenti. Abbiamo preparato una breve guida per te:<\/p>\n<table>\n<tbody>\n<tr>\n<td>Passo<\/td>\n<td>Dettagli<\/td>\n<\/tr>\n<tr>\n<td>\u00c8 necessario cliccare sul pulsante \u201cAccedi\u201d.<\/td>\n<td>Il pulsante si trova nell&#8217;angolo in alto a destra della pagina.<\/td>\n<\/tr>\n<tr>\n<td>Tutti gli utenti devono inserire il proprio indirizzo e-mail e la propria password.<\/td>\n<td>Qui dovresti inserire i dati personali che hai utilizzato durante il processo di registrazione.<\/td>\n<\/tr>\n<tr>\n<td>\u00c8 necessario cliccare sul pulsante \u201cAccedi\u201d.<\/td>\n<td>\u00c8 necessario controllare le informazioni aggiunte e poi inviarle.<\/td>\n<\/tr>\n<\/tbody>\n<\/table>\n<p>Se tutte le informazioni sono corrette, avrai immediatamente accesso al tuo account. Nell&#8217;account personale Gold Zino, puoi modificare le tue informazioni personali, impostare limiti di deposito e di tempo e accedere al tuo portafoglio per effettuare depositi e prelievi. Inoltre, c&#8217;\u00e8 una sezione separata \u201cCronologia\u201d dove puoi visualizzare le tue statistiche di gioco sul sito web.<\/p>\n<p>Ogni utente pu\u00f2 generare un link di riferimento tramite il proprio account. Puoi invitare i tuoi amici utilizzando questo link e ricevere dei premi per averlo fatto. Un account ti d\u00e0 accesso a tutte le promozioni disponibili su Goldzino, il che \u00e8 gi\u00e0 un bel vantaggio.<\/p>\n<h3>Hai dimenticato la password?<\/h3>\n<p>Chiunque pu\u00f2 dimenticare la propria password. Questo non \u00e8 un problema per Gold Zino, perch\u00e9 la nostra piattaforma dispone di una speciale funzione di recupero della password. Per recuperare la tua password, puoi seguire le nostre istruzioni riportate di seguito:<\/p>\n<ol>\n<li>\u00c8 necessario cliccare sul pulsante \u201cAccedi\u201d nell&#8217;angolo in alto a destra.<\/li>\n<li>Successivamente, \u00e8 necessario cliccare sul pulsante \u201cHai dimenticato la password?\u201d.<\/li>\n<li>In questa fase, tutti gli utenti devono inserire l&#8217;indirizzo e-mail utilizzato durante il processo di accesso a Goldzino.<\/li>\n<li>Ti invieremo un link via e-mail per reimpostare la tua password e crearne una nuova.<\/li>\n<\/ol>\n<h2>Verifica dell&#8217;account su Goldzino Casino<\/h2>\n<p>Per effettuare il primo prelievo su Goldzino Casino, ogni giocatore deve completare la procedura di verifica. A tal fine, \u00e8 necessario caricare i documenti che confermano i propri dati personali. Pu\u00f2 trattarsi del passaporto, della carta d&#8217;identit\u00e0, della patente di guida o di una bolletta emessa negli ultimi 6 mesi.<\/p>\n<p>Dopo aver caricato i documenti richiesti, i nostri responsabili li esamineranno entro 48 ore e ti daranno una risposta. Una volta verificato il tuo account, potrai prelevare fondi dalla piattaforma senza ulteriori ritardi.<\/p>\n<p>Questo processo \u00e8 un passo importante per prevenire le frodi sulla nostra piattaforma Gold Zino e garantire il fair play per tutti gli utenti. Puoi trovare informazioni pi\u00f9 dettagliate sulle nostre politiche Know Your Customer nel footer della nostra pagina.<\/p>\n<h2>FAQ<\/h2>\n<h3>Come posso verificare il mio account?<\/h3>\n<p>Per completare il processo di verifica, \u00e8 necessario caricare su Goldzino i documenti che confermano la propria identit\u00e0 e il proprio indirizzo di residenza. Pu\u00f2 trattarsi di passaporto, carta d&#8217;identit\u00e0, bolletta o altro. Una volta che i nostri responsabili avranno verificato i documenti, ti invieremo una notifica via e-mail. Puoi anche controllare gli aggiornamenti nel tuo account.<\/p>\n<h3>Posso cambiare la mia password o il mio indirizzo e-mail?<\/h3>\n<p>Puoi modificare qualsiasi informazione personale nelle impostazioni del tuo account Goldzino Casino. Ci\u00f2 include la modifica dell&#8217;indirizzo e-mail o della password. Se hai problemi con la modifica, puoi sempre contattare il nostro team di assistenza.<\/p>\n<h3>Cosa devo fare se il mio account \u00e8 bloccato?<\/h3>\n<p>Possiamo bloccare gli account degli utenti a causa di violazioni delle regole del casin\u00f2 online. Goldzino invia sempre ai giocatori un&#8217;e-mail con una spiegazione del motivo del blocco e della sua durata. Se non hai ricevuto tale e-mail, puoi sempre contattare il nostro servizio clienti 24 ore su 24, 7 giorni su 7, tramite live chat o e-mail.<\/p>\n<h3>Come posso chiudere o sospendere temporaneamente il mio account?<\/h3>\n<p>Goldzino Casino offre una funzione che consente di chiudere o limitare temporaneamente il proprio account. Per farlo, \u00e8 necessario contattare il nostro servizio di assistenza multilingue disponibile 24 ore su 24, 7 giorni su 7, tramite live chat o e-mail. I nostri specialisti saranno lieti di aiutarti.<\/p>\n<\/div><\/div><\/p>\n","protected":false},"excerpt":{"rendered":"<p>Goldzino login e registrazione Il primo passo per ogni utente italiano sulla piattaforma Goldzino inizia con il processo di registrazione. Lo abbiamo progettato in modo che ogni nuovo utente possa completarlo in pochi minuti. Se hai gi\u00e0 un account sul nostro sito web, tutto ci\u00f2 che devi fare \u00e8 seguire la procedura di Goldzino login [&hellip;]<\/p>\n","protected":false},"author":1,"featured_media":0,"parent":0,"menu_order":0,"comment_status":"closed","ping_status":"closed","template":"template-builder.php","meta":{"_acf_changed":false,"inline_featured_image":false,"footnotes":""},"class_list":["post-1534","page","type-page","status-publish","hentry"],"acf":[],"yoast_head":"<!-- This site is optimized with the Yoast SEO plugin v27.3 - https:\/\/yoast.com\/product\/yoast-seo-wordpress\/ -->\n<title>Goldzino Login e Registrazione<\/title>\n<meta name=\"description\" content=\"Accedi a registrazione, gestione e verifica dell\u2019account tramite Gold zino Login. Crea, recupera o chiudi il tuo account Goldzino Casino in modo sicuro.\" \/>\n<meta name=\"robots\" content=\"index, follow, max-snippet:-1, max-image-preview:large, max-video-preview:-1\" \/>\n<link rel=\"canonical\" href=\"https:\/\/gold-zino.com\/it\/accesso-e-registrazione\/\" \/>\n<meta property=\"og:locale\" content=\"it_IT\" \/>\n<meta property=\"og:type\" content=\"article\" \/>\n<meta property=\"og:title\" content=\"Goldzino Login e Registrazione\" \/>\n<meta property=\"og:description\" content=\"Accedi a registrazione, gestione e verifica dell\u2019account tramite Gold zino Login. Crea, recupera o chiudi il tuo account Goldzino Casino in modo sicuro.\" \/>\n<meta property=\"og:url\" content=\"https:\/\/gold-zino.com\/it\/accesso-e-registrazione\/\" \/>\n<meta property=\"og:site_name\" content=\"goldzino\" \/>\n<meta property=\"article:modified_time\" content=\"2025-10-20T10:39:18+00:00\" \/>\n<meta name=\"twitter:card\" content=\"summary_large_image\" \/>\n<meta name=\"twitter:label1\" content=\"Est. reading time\" \/>\n\t<meta name=\"twitter:data1\" content=\"1 minute\" \/>\n<script type=\"application\/ld+json\" class=\"yoast-schema-graph\">{\"@context\":\"https:\\\/\\\/schema.org\",\"@graph\":[{\"@type\":\"WebPage\",\"@id\":\"https:\\\/\\\/gold-zino.com\\\/it\\\/accesso-e-registrazione\\\/\",\"url\":\"https:\\\/\\\/gold-zino.com\\\/it\\\/accesso-e-registrazione\\\/\",\"name\":\"Goldzino Login e Registrazione\",\"isPartOf\":{\"@id\":\"https:\\\/\\\/gold-zino.com\\\/it\\\/#website\"},\"datePublished\":\"2025-10-15T11:14:48+00:00\",\"dateModified\":\"2025-10-20T10:39:18+00:00\",\"description\":\"Accedi a registrazione, gestione e verifica dell\u2019account tramite Gold zino Login. Crea, recupera o chiudi il tuo account Goldzino Casino in modo sicuro.\",\"breadcrumb\":{\"@id\":\"https:\\\/\\\/gold-zino.com\\\/it\\\/accesso-e-registrazione\\\/#breadcrumb\"},\"inLanguage\":\"it-IT\",\"potentialAction\":[{\"@type\":\"ReadAction\",\"target\":[\"https:\\\/\\\/gold-zino.com\\\/it\\\/accesso-e-registrazione\\\/\"]}]},{\"@type\":\"BreadcrumbList\",\"@id\":\"https:\\\/\\\/gold-zino.com\\\/it\\\/accesso-e-registrazione\\\/#breadcrumb\",\"itemListElement\":[{\"@type\":\"ListItem\",\"position\":1,\"name\":\"GoldZino\",\"item\":\"https:\\\/\\\/gold-zino.com\\\/it\\\/\"},{\"@type\":\"ListItem\",\"position\":2,\"name\":\"Accesso e registrazione\"}]},{\"@type\":\"WebSite\",\"@id\":\"https:\\\/\\\/gold-zino.com\\\/it\\\/#website\",\"url\":\"https:\\\/\\\/gold-zino.com\\\/it\\\/\",\"name\":\"GoldZino\",\"description\":\"\",\"publisher\":{\"@id\":\"https:\\\/\\\/gold-zino.com\\\/it\\\/#organization\"},\"potentialAction\":[{\"@type\":\"SearchAction\",\"target\":{\"@type\":\"EntryPoint\",\"urlTemplate\":\"https:\\\/\\\/gold-zino.com\\\/it\\\/?s={search_term_string}\"},\"query-input\":{\"@type\":\"PropertyValueSpecification\",\"valueRequired\":true,\"valueName\":\"search_term_string\"}}],\"inLanguage\":\"it-IT\"},{\"@type\":\"Organization\",\"@id\":\"https:\\\/\\\/gold-zino.com\\\/it\\\/#organization\",\"name\":\"GoldZino\",\"url\":\"https:\\\/\\\/gold-zino.com\\\/it\\\/\",\"logo\":{\"@type\":\"ImageObject\",\"inLanguage\":\"it-IT\",\"@id\":\"https:\\\/\\\/gold-zino.com\\\/it\\\/#\\\/schema\\\/logo\\\/image\\\/\",\"url\":\"https:\\\/\\\/gold-zino.com\\\/wp-content\\\/uploads\\\/2025\\\/08\\\/80u1FaquEZeR6OUTeJCc.png\",\"contentUrl\":\"https:\\\/\\\/gold-zino.com\\\/wp-content\\\/uploads\\\/2025\\\/08\\\/80u1FaquEZeR6OUTeJCc.png\",\"width\":209,\"height\":46,\"caption\":\"GoldZino\"},\"image\":{\"@id\":\"https:\\\/\\\/gold-zino.com\\\/it\\\/#\\\/schema\\\/logo\\\/image\\\/\"}}]}<\/script>\n<!-- \/ Yoast SEO plugin. -->","yoast_head_json":{"title":"Goldzino Login e Registrazione","description":"Accedi a registrazione, gestione e verifica dell\u2019account tramite Gold zino Login. Crea, recupera o chiudi il tuo account Goldzino Casino in modo sicuro.","robots":{"index":"index","follow":"follow","max-snippet":"max-snippet:-1","max-image-preview":"max-image-preview:large","max-video-preview":"max-video-preview:-1"},"canonical":"https:\/\/gold-zino.com\/it\/accesso-e-registrazione\/","og_locale":"it_IT","og_type":"article","og_title":"Goldzino Login e Registrazione","og_description":"Accedi a registrazione, gestione e verifica dell\u2019account tramite Gold zino Login. Crea, recupera o chiudi il tuo account Goldzino Casino in modo sicuro.","og_url":"https:\/\/gold-zino.com\/it\/accesso-e-registrazione\/","og_site_name":"goldzino","article_modified_time":"2025-10-20T10:39:18+00:00","twitter_card":"summary_large_image","twitter_misc":{"Est. reading time":"1 minute"},"schema":{"@context":"https:\/\/schema.org","@graph":[{"@type":"WebPage","@id":"https:\/\/gold-zino.com\/it\/accesso-e-registrazione\/","url":"https:\/\/gold-zino.com\/it\/accesso-e-registrazione\/","name":"Goldzino Login e Registrazione","isPartOf":{"@id":"https:\/\/gold-zino.com\/it\/#website"},"datePublished":"2025-10-15T11:14:48+00:00","dateModified":"2025-10-20T10:39:18+00:00","description":"Accedi a registrazione, gestione e verifica dell\u2019account tramite Gold zino Login. Crea, recupera o chiudi il tuo account Goldzino Casino in modo sicuro.","breadcrumb":{"@id":"https:\/\/gold-zino.com\/it\/accesso-e-registrazione\/#breadcrumb"},"inLanguage":"it-IT","potentialAction":[{"@type":"ReadAction","target":["https:\/\/gold-zino.com\/it\/accesso-e-registrazione\/"]}]},{"@type":"BreadcrumbList","@id":"https:\/\/gold-zino.com\/it\/accesso-e-registrazione\/#breadcrumb","itemListElement":[{"@type":"ListItem","position":1,"name":"GoldZino","item":"https:\/\/gold-zino.com\/it\/"},{"@type":"ListItem","position":2,"name":"Accesso e registrazione"}]},{"@type":"WebSite","@id":"https:\/\/gold-zino.com\/it\/#website","url":"https:\/\/gold-zino.com\/it\/","name":"GoldZino","description":"","publisher":{"@id":"https:\/\/gold-zino.com\/it\/#organization"},"potentialAction":[{"@type":"SearchAction","target":{"@type":"EntryPoint","urlTemplate":"https:\/\/gold-zino.com\/it\/?s={search_term_string}"},"query-input":{"@type":"PropertyValueSpecification","valueRequired":true,"valueName":"search_term_string"}}],"inLanguage":"it-IT"},{"@type":"Organization","@id":"https:\/\/gold-zino.com\/it\/#organization","name":"GoldZino","url":"https:\/\/gold-zino.com\/it\/","logo":{"@type":"ImageObject","inLanguage":"it-IT","@id":"https:\/\/gold-zino.com\/it\/#\/schema\/logo\/image\/","url":"https:\/\/gold-zino.com\/wp-content\/uploads\/2025\/08\/80u1FaquEZeR6OUTeJCc.png","contentUrl":"https:\/\/gold-zino.com\/wp-content\/uploads\/2025\/08\/80u1FaquEZeR6OUTeJCc.png","width":209,"height":46,"caption":"GoldZino"},"image":{"@id":"https:\/\/gold-zino.com\/it\/#\/schema\/logo\/image\/"}}]}},"_links":{"self":[{"href":"https:\/\/gold-zino.com\/it\/wp-json\/wp\/v2\/pages\/1534","targetHints":{"allow":["GET"]}}],"collection":[{"href":"https:\/\/gold-zino.com\/it\/wp-json\/wp\/v2\/pages"}],"about":[{"href":"https:\/\/gold-zino.com\/it\/wp-json\/wp\/v2\/types\/page"}],"author":[{"embeddable":true,"href":"https:\/\/gold-zino.com\/it\/wp-json\/wp\/v2\/users\/1"}],"replies":[{"embeddable":true,"href":"https:\/\/gold-zino.com\/it\/wp-json\/wp\/v2\/comments?post=1534"}],"version-history":[{"count":3,"href":"https:\/\/gold-zino.com\/it\/wp-json\/wp\/v2\/pages\/1534\/revisions"}],"predecessor-version":[{"id":2196,"href":"https:\/\/gold-zino.com\/it\/wp-json\/wp\/v2\/pages\/1534\/revisions\/2196"}],"wp:attachment":[{"href":"https:\/\/gold-zino.com\/it\/wp-json\/wp\/v2\/media?parent=1534"}],"curies":[{"name":"wp","href":"https:\/\/api.w.org\/{rel}","templated":true}]}}