{"id":1479,"date":"2025-10-15T11:05:33","date_gmt":"2025-10-15T10:05:33","guid":{"rendered":"https:\/\/gold-zino.com\/app\/"},"modified":"2025-10-20T12:43:18","modified_gmt":"2025-10-20T11:43:18","slug":"aplikacja","status":"publish","type":"page","link":"https:\/\/gold-zino.com\/pl\/aplikacja\/","title":{"rendered":"Aplikacja"},"content":{"rendered":"<h1>Aplikacja Goldzino<\/h1>\n<p>Goldzino app to doskona\u0142a opcja dla Polak\u00f3w, kt\u00f3rzy preferuj\u0105 korzystanie z urz\u0105dze\u0144 mobilnych do gry w kasynie online. Nie ma znaczenia, czy posiadasz urz\u0105dzenie z systemem iOS czy Android \u2013 wszystkie nasze funkcje i tytu\u0142y doskonale dostosowuj\u0105 si\u0119 do ka\u017cdego nowoczesnego gad\u017cetu. Je\u015bli zdecydujesz si\u0119 rozpocz\u0105\u0107 swoj\u0105 przygod\u0119 w aplikacji Goldzino, po zako\u0144czeniu procesu rejestracji, podobnie jak wszyscy nowi klienci, otrzymasz pakiet powitalny o warto\u015bci do 1500 \u20ac + 250 darmowych spin\u00f3w. Opr\u00f3cz tego w naszym oprogramowaniu mobilnym znajdziesz wiele ekskluzywnych ofert.<\/p>\n<div class=\"banner-wrap\" aria-label=\"Banner\"><img src=\"https:\/\/gold-zino.com\/wp-content\/uploads\/2025\/10\/Goldzino-Banner-Desktop.webp\" class=\"w-100 d-none d-lg-block img-pc main-banner-img\" alt=\"Goldzino Bonus\" fetchpriority=\"high\" decoding=\"async\"><img src=\"https:\/\/gold-zino.com\/wp-content\/uploads\/2025\/10\/Gold-zino-Mobile-Banner.webp\" class=\"w-100 d-none d-md-block d-lg-none main-banner-img\" alt=\"Goldzino Mobile Banner\" fetchpriority=\"high\" decoding=\"async\"><img src=\"https:\/\/gold-zino.com\/wp-content\/uploads\/2025\/10\/Gold-zino-Mobile-Banner.webp\" class=\"w-100 d-md-none\" alt=\"Goldzino Mobile Banner\" fetchpriority=\"high\" decoding=\"async\"><div class=\"banner-description\">\n<div class=\"banner-title\">Bonusy Powitalne<\/div>\n<p class=\"banner-header-title\">\u20ac1,500<\/p>\n<div class=\"banner-header-AdditionalText\">+ 250 Darmowych Spin\u00f3w<\/div>\n<button data-item=\"homepage_banner_link\" class=\"goto m-button m-gradient-border m-button--primary m-button--large banner-button btn-orange\">\n            <div class=\"m-button-content\">\n                <span>Zarejestruj si\u0119 teraz<\/span>\n                <span><\/span>\n            <\/div>\n        <\/button>\n<\/div>\n<div class=\"WelcomePack\">\n<p><img loading=\"lazy\" decoding=\"async\" class=\"alignnone wp-image-1682 size-full\" src=\"https:\/\/gold-zino.com\/wp-content\/uploads\/2025\/10\/welcome-crown.svg\" alt=\"crown\" width=\"25\" height=\"26\" \/><\/p>\n<div class=\"WelcomePack-Info\">Cotygodniowy zwrot got\u00f3wki do 25%<\/div>\n<p><img loading=\"lazy\" decoding=\"async\" class=\"alignnone wp-image-1682 size-full\" src=\"https:\/\/gold-zino.com\/wp-content\/uploads\/2025\/10\/welcome-crown.svg\" alt=\"crown\" width=\"25\" height=\"26\" \/><\/p>\n<\/div>\n<\/div>\n<h2>Kasyno mobilne Goldzino<\/h2>\n<p>Coraz wi\u0119cej u\u017cytkownik\u00f3w woli mie\u0107 swoje ulubione zaj\u0119cia bezpo\u015brednio w telefonie. Dzi\u0119ki temu \u017cycie staje si\u0119 znacznie bardziej elastyczne, poniewa\u017c mo\u017cna gra\u0107 w dowolnym miejscu, kt\u00f3re ma dost\u0119p do Internetu. Goldzino r\u00f3wnie\u017c chce zapewni\u0107 swoim klientom najlepsze rozwi\u0105zania. Dlatego opracowali\u015bmy nowoczesn\u0105 wersj\u0119 mobiln\u0105 naszej platformy.<\/p>\n<p>Nasze oprogramowanie mobilne zapewni Ci spersonalizowane do\u015bwiadczenia i szybkie procesy. Niezale\u017cnie od tego, czy posiadasz urz\u0105dzenie z systemem Android czy iOS, dostosuje si\u0119 ono do rozmiaru Twojego ekranu. Goldzino app posiada przyjazny dla u\u017cytkownika interfejs z tymi samymi kolorami i znan\u0105 nawigacj\u0105, co pe\u0142na wersja na komputery stacjonarne, wi\u0119c nie zgubisz si\u0119.<\/p>\n<p>Wszystkie pozosta\u0142e funkcje i narz\u0119dzia w oprogramowaniu mobilnym s\u0105 odzwierciedleniem g\u0142\u00f3wnej wersji na komputery stacjonarne. Mo\u017cesz dokonywa\u0107 wp\u0142at i wyp\u0142at za pomoc\u0105 wszystkich dost\u0119pnych metod p\u0142atno\u015bci. Je\u015bli dokonujesz pierwszej wyp\u0142aty w aplikacji Gold Zino Casino, musisz przej\u015b\u0107 przez proces weryfikacji. Jest to dla nas wa\u017cny krok, kt\u00f3ry pozwala unikn\u0105\u0107 oszustw.<\/p>\n<p>Wi\u0119cej informacji na temat wszystkich zalet mobilnego kasyna mo\u017cna znale\u017a\u0107 w poni\u017cszej tabeli:<\/p>\n<table>\n<tbody>\n<tr>\n<td>Korzy\u015b\u0107<\/td>\n<td>Szczeg\u00f3\u0142y<\/td>\n<\/tr>\n<tr>\n<td>Du\u017cy wyb\u00f3r gier<\/td>\n<td>Ponad 6000 tytu\u0142\u00f3w, w tym automaty, gry sto\u0142owe, opcje kasyna na \u017cywo, gry typu crash i wiele innych.<\/td>\n<\/tr>\n<tr>\n<td>Dostosowany projekt<\/td>\n<td>Nasza aplikacja mobilna jest obs\u0142ugiwana przez wszystkie nowoczesne smartfony i tablety. Dostosowuje si\u0119 do rozmiaru ekranu.<\/td>\n<\/tr>\n<tr>\n<td>Szybkie p\u0142atno\u015bci<\/td>\n<td>P\u0142atno\u015bci w kryptowalucie trwaj\u0105 nie d\u0142u\u017cej ni\u017c kilka minut.<\/td>\n<\/tr>\n<tr>\n<td>Zesp\u00f3\u0142 wsparcia<\/td>\n<td>Ch\u0119tnie odpowiemy na wszystkie Twoje pytania 24 godziny na dob\u0119, 7 dni w tygodniu. Ponadto dysponujemy wieloj\u0119zycznym zespo\u0142em, kt\u00f3ry dba o lepsz\u0105 obs\u0142ug\u0119 u\u017cytkownik\u00f3w.<\/td>\n<\/tr>\n<\/tbody>\n<\/table>\n<p>&nbsp;<\/p>\n<p><div style=\"clear: both\"><\/div><div class=\"d-flex justify-content-center\"><button data-item=\"decouvrez_link\" data-group=\"website_links\" class=\"goto fw-bold rounded-pill btn btn-orange\" aria-label=\"Pobierz aplikacj\u0119 Goldzino\" >Pobierz aplikacj\u0119 Goldzino<\/button><\/div><div class=\"scrollable-content-wrap my-5\"><div class=\"scrollable-content-inner\"><h2>Goldzino Casino dla Android<\/h2>\n<p>Gwarantujemy, \u017ce korzystanie z naszego kasyna online na ekranie smartfona lub tabletu nie spowoduje, \u017ce proces ten b\u0119dzie niewystarczaj\u0105cy. Wr\u0119cz przeciwnie, 80% naszych klient\u00f3w wybiera urz\u0105dzenia mobilne, aby korzysta\u0107 z Goldzino Casino i gra\u0107 w gry. Goldzino app na Androida to \u015bwietne oprogramowanie z tysi\u0105cami tytu\u0142\u00f3w, bezpiecznymi metodami p\u0142atno\u015bci i profesjonalnym zespo\u0142em wsparcia technicznego.<\/p>\n<p>Aby uzyska\u0107 aplikacj\u0119 Goldzino, nie wymagamy od Ciebie pobierania \u017cadnych plik\u00f3w APK, jak robi\u0105 to niekt\u00f3rzy nasi konkurenci. Wszystko jest znacznie \u0142atwiejsze i szybsze. Opracowali\u015bmy fajn\u0105 aplikacj\u0119 PWA, kt\u00f3ra nie zajmuje miejsca na Twoim urz\u0105dzeniu, a jednocze\u015bnie oferuje wspania\u0142e wra\u017cenia z mobilnego kasyna. Aby zainstalowa\u0107 aplikacj\u0119, wystarczy post\u0119powa\u0107 zgodnie z poni\u017cszymi instrukcjami:<\/p>\n<ol>\n<li>Nale\u017cy przej\u015b\u0107 do stopki naszej strony internetowej Gold Zino.<\/li>\n<li>Tam zobaczysz przycisk \u201eAplikacja kasyna\u201d; nale\u017cy go klikn\u0105\u0107.<\/li>\n<li>W nowo otwartym oknie nale\u017cy wybra\u0107 opcj\u0119 \u201eZainstaluj\u201d, aby rozpocz\u0105\u0107 proces.<\/li>\n<\/ol>\n<p>Po wykonaniu wszystkich krok\u00f3w u\u017cytkownik b\u0119dzie m\u00f3g\u0142 uzyska\u0107 dost\u0119p do mobilnego kasyna za pomoc\u0105 ikony na ekranie g\u0142\u00f3wnym urz\u0105dzenia. B\u0119dziesz otrzymywa\u0107 spersonalizowane powiadomienia push dotycz\u0105ce wszystkich nowo\u015bci i aktualizacji. Oczywi\u015bcie wszystkie funkcje i narz\u0119dzia w PWA dostosuj\u0105 si\u0119 do rozmiaru ekranu bez utraty jako\u015bci i przyjemno\u015bci u\u017cytkowania.<\/p>\n<p><img loading=\"lazy\" decoding=\"async\" class=\"alignnone wp-image-1424 size-full\" src=\"https:\/\/gold-zino.com\/wp-content\/uploads\/2025\/10\/Goldzino-Casino-for-Android.webp\" alt=\"Goldzino Casino for Android\" width=\"1248\" height=\"536\" srcset=\"https:\/\/gold-zino.com\/wp-content\/uploads\/2025\/10\/Goldzino-Casino-for-Android.webp 1248w, https:\/\/gold-zino.com\/wp-content\/uploads\/2025\/10\/Goldzino-Casino-for-Android-300x129.webp 300w, https:\/\/gold-zino.com\/wp-content\/uploads\/2025\/10\/Goldzino-Casino-for-Android-1024x440.webp 1024w, https:\/\/gold-zino.com\/wp-content\/uploads\/2025\/10\/Goldzino-Casino-for-Android-768x330.webp 768w\" sizes=\"auto, (max-width: 1248px) 100vw, 1248px\" \/><\/p>\n<\/div><\/div><div style=\"clear: both\"><\/div><div class=\"d-flex justify-content-center\"><button data-item=\"decouvrez_link\" data-group=\"website_links\" class=\"goto fw-bold rounded-pill btn btn-orange\" aria-label=\"Pobierz Goldzino\" >Pobierz Goldzino<\/button><\/div><div class=\"scrollable-content-wrap my-5\"><div class=\"scrollable-content-inner\"><h2>Goldzino Casino dla iOS<\/h2>\n<p>Nasi klienci korzystaj\u0105cy z urz\u0105dze\u0144 z systemem iOS r\u00f3wnie\u017c mog\u0105 cieszy\u0107 si\u0119 nieprzerwan\u0105 rozgrywk\u0105 na swoich smartfonach lub tabletach. Zaprojektowali\u015bmy dla Pa\u0144stwa dwie wspania\u0142e opcje: aplikacj\u0119 PWA oraz ikon\u0119 skr\u00f3tu na ekranie g\u0142\u00f3wnym. Obie opcje zapewniaj\u0105 doskona\u0142e wra\u017cenia u\u017cytkownika dzi\u0119ki szybkim procesom, dobrej jako\u015bci dostosowanej do urz\u0105dze\u0144 mobilnych oraz wszystkim niezb\u0119dnym funkcjom kasyna.<\/p>\n<p>Aplikacj\u0119 PWA mo\u017cna pobra\u0107 z naszej strony internetowej. Link do instalacji znajduje si\u0119 w stopce strony. Wi\u0119kszo\u015b\u0107 graczy Goldzino Casino ko\u0144czy ten proces w 3 minuty. PWA oznacza, \u017ce nic dodatkowego nie zostanie zainstalowane na Twoim telefonie, wi\u0119c nie musisz si\u0119 martwi\u0107 o \u017cadne niebezpieczne nowe pliki. Przy okazji, wszystkie dane osobowe i transakcje w aplikacji Gold Zino s\u0105 zabezpieczone za pomoc\u0105 nowoczesnego szyfrowania SSL.<\/p>\n<p>Ikona skr\u00f3tu na ekranie g\u0142\u00f3wnym jest jeszcze \u0142atwiejsza do uzyskania. Jednocze\u015bnie, korzystaj\u0105c z niej, nie musisz ju\u017c przechodzi\u0107 do przegl\u0105darki, wpisywa\u0107 nazwy kasyna i szuka\u0107 oficjalnej strony internetowej. Wszystko jest gotowe i czeka na Ciebie na ekranie g\u0142\u00f3wnym. Aby uzyska\u0107 skr\u00f3t na urz\u0105dzeniu z systemem iOS w przegl\u0105darce Safari, nale\u017cy wykona\u0107 poni\u017csze czynno\u015bci:<\/p>\n<ol>\n<li>Nale\u017cy otworzy\u0107 nasz\u0105 stron\u0119 internetow\u0105 w aplikacji Safari.<\/li>\n<li>Nast\u0119pnie nale\u017cy nacisn\u0105\u0107 przycisk Udost\u0119pnij (kwadrat z strza\u0142k\u0105 skierowan\u0105 w g\u00f3r\u0119).<\/li>\n<li>Na wy\u015bwietlonej li\u015bcie nale\u017cy znale\u017a\u0107 opcj\u0119 \u201eDodaj do ekranu g\u0142\u00f3wnego\u201d i klikn\u0105\u0107 j\u0105.<\/li>\n<li>Aby potwierdzi\u0107 ten krok, nale\u017cy wybra\u0107 opcj\u0119 \u201eDodaj\u201d.<\/li>\n<\/ol>\n<p><img loading=\"lazy\" decoding=\"async\" class=\"alignnone wp-image-1425 size-full\" src=\"https:\/\/gold-zino.com\/wp-content\/uploads\/2025\/10\/Goldzino-Casino-for-iOS.webp\" alt=\"Goldzino Casino for iOS\" width=\"1248\" height=\"536\" srcset=\"https:\/\/gold-zino.com\/wp-content\/uploads\/2025\/10\/Goldzino-Casino-for-iOS.webp 1248w, https:\/\/gold-zino.com\/wp-content\/uploads\/2025\/10\/Goldzino-Casino-for-iOS-300x129.webp 300w, https:\/\/gold-zino.com\/wp-content\/uploads\/2025\/10\/Goldzino-Casino-for-iOS-1024x440.webp 1024w, https:\/\/gold-zino.com\/wp-content\/uploads\/2025\/10\/Goldzino-Casino-for-iOS-768x330.webp 768w\" sizes=\"auto, (max-width: 1248px) 100vw, 1248px\" \/><\/p>\n<\/div><\/div><div style=\"clear: both\"><\/div><div class=\"d-flex justify-content-center\"><button data-item=\"decouvrez_link\" data-group=\"website_links\" class=\"goto fw-bold rounded-pill btn btn-orange\" aria-label=\"Pobierz aplikacj\u0119 Goldzino\" >Pobierz aplikacj\u0119 Goldzino<\/button><\/div><div class=\"scrollable-content-wrap my-5\"><div class=\"scrollable-content-inner\"><h2>Aplikacja dla system\u00f3w Windows\/macOS<\/h2>\n<p>Je\u015bli wolisz klasyczn\u0105 rozgrywk\u0119 na komputerze osobistym, mamy dla Ciebie wygodne opcje. Mo\u017cesz skorzysta\u0107 z naszej platformy Gold Zino w dowolnej przegl\u0105darce. W tym celu wystarczy wpisa\u0107 nazw\u0119 naszego kasyna online w pasku wyszukiwania i cieszy\u0107 si\u0119 wszystkimi funkcjami na du\u017cym ekranie.<\/p>\n<p>Aby u\u0142atwi\u0107 sobie \u017cycie, mo\u017cesz doda\u0107 skr\u00f3t do naszej strony internetowej na ekranie g\u0142\u00f3wnym swojego komputera. Kiedy jeste\u015b na naszej platformie, na przyk\u0142ad w przegl\u0105darce Google Chrome, mo\u017cesz klikn\u0105\u0107 przycisk \u201etrzy kropki\u201d i wybra\u0107 opcj\u0119 utworzenia skr\u00f3tu. Zajmie to tylko kilka sekund. Dzi\u0119ki temu b\u0119dziesz mie\u0107 dost\u0119p do platformy Gold Zino bezpo\u015brednio z ekranu g\u0142\u00f3wnego.<\/p>\n<p><img loading=\"lazy\" decoding=\"async\" class=\"alignnone wp-image-1423 size-full\" src=\"https:\/\/gold-zino.com\/wp-content\/uploads\/2025\/10\/Application-for-PC.webp\" alt=\"Goldzino Application for PC\" width=\"1248\" height=\"536\" srcset=\"https:\/\/gold-zino.com\/wp-content\/uploads\/2025\/10\/Application-for-PC.webp 1248w, https:\/\/gold-zino.com\/wp-content\/uploads\/2025\/10\/Application-for-PC-300x129.webp 300w, https:\/\/gold-zino.com\/wp-content\/uploads\/2025\/10\/Application-for-PC-1024x440.webp 1024w, https:\/\/gold-zino.com\/wp-content\/uploads\/2025\/10\/Application-for-PC-768x330.webp 768w\" sizes=\"auto, (max-width: 1248px) 100vw, 1248px\" \/><\/p>\n<\/div><\/div><div style=\"clear: both\"><\/div><div class=\"d-flex justify-content-center\"><button data-item=\"decouvrez_link\" data-group=\"website_links\" class=\"goto fw-bold rounded-pill btn btn-orange\" aria-label=\"Pobierz Goldzino\" >Pobierz Goldzino<\/button><\/div><div class=\"scrollable-content-wrap my-5\"><div class=\"scrollable-content-inner\"><h2>Cz\u0119sto zadawane pytania<\/h2>\n<h3>Czy w aplikacji Goldzino Casino dost\u0119pna jest obs\u0142uga klienta?<\/h3>\n<p>W ka\u017cdej chwili mo\u017cesz skorzysta\u0107 z naszej obs\u0142ugi klienta za po\u015brednictwem aplikacji Goldzino. Poniewa\u017c nasza us\u0142uga dzia\u0142a 24 godziny na dob\u0119, 7 dni w tygodniu i oferuje pomoc wieloj\u0119zycznych specjalist\u00f3w, zapewniamy najlepsz\u0105 obs\u0142ug\u0119 u\u017cytkownika. Mo\u017cna si\u0119 z nami skontaktowa\u0107 na dwa sposoby: poprzez czat na \u017cywo lub e-mail. Obie opcje dzia\u0142aj\u0105 szybko, ale nie zapomnij poda\u0107 swojej nazwy u\u017cytkownika i adresu e-mail podczas kontaktu z nami.<\/p>\n<h3>Czy potrzebuj\u0119 konta, aby korzysta\u0107 z aplikacji Goldzino?<\/h3>\n<p>Aby rozpocz\u0105\u0107 korzystanie z aplikacji Goldzino, nale\u017cy najpierw utworzy\u0107 konto. Jest ono niezb\u0119dne do korzystania ze wszystkich g\u0142\u00f3wnych funkcji naszego oprogramowania. Nie ma jednak powod\u00f3w do obaw, poniewa\u017c utworzenie konta zajmuje nie wi\u0119cej ni\u017c 3 minuty.<\/p>\n<h3>Czy wszystkie gry s\u0105 dost\u0119pne w aplikacji?<\/h3>\n<p>Oprogramowanie Gold Zino ma tak\u0105 sam\u0105 funkcjonalno\u015b\u0107 jak standardowa wersja na komputery stacjonarne. W naszej kolekcji gier mamy tylko tytu\u0142y, kt\u00f3re mo\u017cna dostosowa\u0107 do urz\u0105dze\u0144 mobilnych. Dzi\u0119ki temu mo\u017cesz \u0142atwo gra\u0107 we wszystkie automaty online, gry sto\u0142owe, gry kasynowe na \u017cywo, gry typu crash i wiele innych na swoim smartfonie lub tablecie.<\/p>\n<h3>Jak mog\u0119 zaktualizowa\u0107 aplikacj\u0119 Goldzino Casino?<\/h3>\n<p>Mo\u017cesz korzysta\u0107 z oprogramowania mobilnego Goldzino Casino jako aplikacji PWA lub skr\u00f3tu; aktualizuje si\u0119 ono automatycznie. Nie musisz pobiera\u0107 \u017cadnych dodatkowych plik\u00f3w ani samodzielnie wprowadza\u0107 zmian.<\/p>\n<\/div><\/div><\/p>\n","protected":false},"excerpt":{"rendered":"<p>Aplikacja Goldzino Goldzino app to doskona\u0142a opcja dla Polak\u00f3w, kt\u00f3rzy preferuj\u0105 korzystanie z urz\u0105dze\u0144 mobilnych do gry w kasynie online. Nie ma znaczenia, czy posiadasz urz\u0105dzenie z systemem iOS czy Android \u2013 wszystkie nasze funkcje i tytu\u0142y doskonale dostosowuj\u0105 si\u0119 do ka\u017cdego nowoczesnego gad\u017cetu. Je\u015bli zdecydujesz si\u0119 rozpocz\u0105\u0107 swoj\u0105 przygod\u0119 w aplikacji Goldzino, po zako\u0144czeniu [&hellip;]<\/p>\n","protected":false},"author":1,"featured_media":0,"parent":0,"menu_order":0,"comment_status":"closed","ping_status":"closed","template":"template-builder.php","meta":{"_acf_changed":false,"inline_featured_image":false,"footnotes":""},"class_list":["post-1479","page","type-page","status-publish","hentry"],"acf":[],"yoast_head":"<!-- This site is optimized with the Yoast SEO plugin v27.3 - https:\/\/yoast.com\/product\/yoast-seo-wordpress\/ -->\n<title>Goldzino app | pobierz na iOS i Android<\/title>\n<meta name=\"description\" content=\"Aplikacja Goldzino zapewnia pe\u0142ny dost\u0119p do kasyna na Android, iOS, Windows i macOS. Wszystkie gry s\u0105 dost\u0119pne z synchronizacj\u0105 konta i wbudowanym wsparciem.\" \/>\n<meta name=\"robots\" content=\"index, follow, max-snippet:-1, max-image-preview:large, max-video-preview:-1\" \/>\n<link rel=\"canonical\" href=\"https:\/\/gold-zino.com\/pl\/aplikacja\/\" \/>\n<meta property=\"og:locale\" content=\"pl_PL\" \/>\n<meta property=\"og:type\" content=\"article\" \/>\n<meta property=\"og:title\" content=\"Goldzino app | pobierz na iOS i Android\" \/>\n<meta property=\"og:description\" content=\"Aplikacja Goldzino zapewnia pe\u0142ny dost\u0119p do kasyna na Android, iOS, Windows i macOS. Wszystkie gry s\u0105 dost\u0119pne z synchronizacj\u0105 konta i wbudowanym wsparciem.\" \/>\n<meta property=\"og:url\" content=\"https:\/\/gold-zino.com\/pl\/aplikacja\/\" \/>\n<meta property=\"og:site_name\" content=\"goldzino\" \/>\n<meta property=\"article:modified_time\" content=\"2025-10-20T11:43:18+00:00\" \/>\n<meta name=\"twitter:card\" content=\"summary_large_image\" \/>\n<meta name=\"twitter:label1\" content=\"Est. reading time\" \/>\n\t<meta name=\"twitter:data1\" content=\"2 minutes\" \/>\n<script type=\"application\/ld+json\" class=\"yoast-schema-graph\">{\"@context\":\"https:\\\/\\\/schema.org\",\"@graph\":[{\"@type\":\"WebPage\",\"@id\":\"https:\\\/\\\/gold-zino.com\\\/pl\\\/aplikacja\\\/\",\"url\":\"https:\\\/\\\/gold-zino.com\\\/pl\\\/aplikacja\\\/\",\"name\":\"Goldzino app | pobierz na iOS i Android\",\"isPartOf\":{\"@id\":\"https:\\\/\\\/gold-zino.com\\\/pl\\\/#website\"},\"datePublished\":\"2025-10-15T10:05:33+00:00\",\"dateModified\":\"2025-10-20T11:43:18+00:00\",\"description\":\"Aplikacja Goldzino zapewnia pe\u0142ny dost\u0119p do kasyna na Android, iOS, Windows i macOS. Wszystkie gry s\u0105 dost\u0119pne z synchronizacj\u0105 konta i wbudowanym wsparciem.\",\"breadcrumb\":{\"@id\":\"https:\\\/\\\/gold-zino.com\\\/pl\\\/aplikacja\\\/#breadcrumb\"},\"inLanguage\":\"pl-PL\",\"potentialAction\":[{\"@type\":\"ReadAction\",\"target\":[\"https:\\\/\\\/gold-zino.com\\\/pl\\\/aplikacja\\\/\"]}]},{\"@type\":\"BreadcrumbList\",\"@id\":\"https:\\\/\\\/gold-zino.com\\\/pl\\\/aplikacja\\\/#breadcrumb\",\"itemListElement\":[{\"@type\":\"ListItem\",\"position\":1,\"name\":\"GoldZino\",\"item\":\"https:\\\/\\\/gold-zino.com\\\/pl\\\/\"},{\"@type\":\"ListItem\",\"position\":2,\"name\":\"Aplikacja\"}]},{\"@type\":\"WebSite\",\"@id\":\"https:\\\/\\\/gold-zino.com\\\/pl\\\/#website\",\"url\":\"https:\\\/\\\/gold-zino.com\\\/pl\\\/\",\"name\":\"GoldZino\",\"description\":\"\",\"publisher\":{\"@id\":\"https:\\\/\\\/gold-zino.com\\\/pl\\\/#organization\"},\"potentialAction\":[{\"@type\":\"SearchAction\",\"target\":{\"@type\":\"EntryPoint\",\"urlTemplate\":\"https:\\\/\\\/gold-zino.com\\\/pl\\\/?s={search_term_string}\"},\"query-input\":{\"@type\":\"PropertyValueSpecification\",\"valueRequired\":true,\"valueName\":\"search_term_string\"}}],\"inLanguage\":\"pl-PL\"},{\"@type\":\"Organization\",\"@id\":\"https:\\\/\\\/gold-zino.com\\\/pl\\\/#organization\",\"name\":\"GoldZino\",\"url\":\"https:\\\/\\\/gold-zino.com\\\/pl\\\/\",\"logo\":{\"@type\":\"ImageObject\",\"inLanguage\":\"pl-PL\",\"@id\":\"https:\\\/\\\/gold-zino.com\\\/pl\\\/#\\\/schema\\\/logo\\\/image\\\/\",\"url\":\"https:\\\/\\\/gold-zino.com\\\/wp-content\\\/uploads\\\/2025\\\/08\\\/80u1FaquEZeR6OUTeJCc.png\",\"contentUrl\":\"https:\\\/\\\/gold-zino.com\\\/wp-content\\\/uploads\\\/2025\\\/08\\\/80u1FaquEZeR6OUTeJCc.png\",\"width\":209,\"height\":46,\"caption\":\"GoldZino\"},\"image\":{\"@id\":\"https:\\\/\\\/gold-zino.com\\\/pl\\\/#\\\/schema\\\/logo\\\/image\\\/\"}}]}<\/script>\n<!-- \/ Yoast SEO plugin. -->","yoast_head_json":{"title":"Goldzino app | pobierz na iOS i Android","description":"Aplikacja Goldzino zapewnia pe\u0142ny dost\u0119p do kasyna na Android, iOS, Windows i macOS. Wszystkie gry s\u0105 dost\u0119pne z synchronizacj\u0105 konta i wbudowanym wsparciem.","robots":{"index":"index","follow":"follow","max-snippet":"max-snippet:-1","max-image-preview":"max-image-preview:large","max-video-preview":"max-video-preview:-1"},"canonical":"https:\/\/gold-zino.com\/pl\/aplikacja\/","og_locale":"pl_PL","og_type":"article","og_title":"Goldzino app | pobierz na iOS i Android","og_description":"Aplikacja Goldzino zapewnia pe\u0142ny dost\u0119p do kasyna na Android, iOS, Windows i macOS. Wszystkie gry s\u0105 dost\u0119pne z synchronizacj\u0105 konta i wbudowanym wsparciem.","og_url":"https:\/\/gold-zino.com\/pl\/aplikacja\/","og_site_name":"goldzino","article_modified_time":"2025-10-20T11:43:18+00:00","twitter_card":"summary_large_image","twitter_misc":{"Est. reading time":"2 minutes"},"schema":{"@context":"https:\/\/schema.org","@graph":[{"@type":"WebPage","@id":"https:\/\/gold-zino.com\/pl\/aplikacja\/","url":"https:\/\/gold-zino.com\/pl\/aplikacja\/","name":"Goldzino app | pobierz na iOS i Android","isPartOf":{"@id":"https:\/\/gold-zino.com\/pl\/#website"},"datePublished":"2025-10-15T10:05:33+00:00","dateModified":"2025-10-20T11:43:18+00:00","description":"Aplikacja Goldzino zapewnia pe\u0142ny dost\u0119p do kasyna na Android, iOS, Windows i macOS. Wszystkie gry s\u0105 dost\u0119pne z synchronizacj\u0105 konta i wbudowanym wsparciem.","breadcrumb":{"@id":"https:\/\/gold-zino.com\/pl\/aplikacja\/#breadcrumb"},"inLanguage":"pl-PL","potentialAction":[{"@type":"ReadAction","target":["https:\/\/gold-zino.com\/pl\/aplikacja\/"]}]},{"@type":"BreadcrumbList","@id":"https:\/\/gold-zino.com\/pl\/aplikacja\/#breadcrumb","itemListElement":[{"@type":"ListItem","position":1,"name":"GoldZino","item":"https:\/\/gold-zino.com\/pl\/"},{"@type":"ListItem","position":2,"name":"Aplikacja"}]},{"@type":"WebSite","@id":"https:\/\/gold-zino.com\/pl\/#website","url":"https:\/\/gold-zino.com\/pl\/","name":"GoldZino","description":"","publisher":{"@id":"https:\/\/gold-zino.com\/pl\/#organization"},"potentialAction":[{"@type":"SearchAction","target":{"@type":"EntryPoint","urlTemplate":"https:\/\/gold-zino.com\/pl\/?s={search_term_string}"},"query-input":{"@type":"PropertyValueSpecification","valueRequired":true,"valueName":"search_term_string"}}],"inLanguage":"pl-PL"},{"@type":"Organization","@id":"https:\/\/gold-zino.com\/pl\/#organization","name":"GoldZino","url":"https:\/\/gold-zino.com\/pl\/","logo":{"@type":"ImageObject","inLanguage":"pl-PL","@id":"https:\/\/gold-zino.com\/pl\/#\/schema\/logo\/image\/","url":"https:\/\/gold-zino.com\/wp-content\/uploads\/2025\/08\/80u1FaquEZeR6OUTeJCc.png","contentUrl":"https:\/\/gold-zino.com\/wp-content\/uploads\/2025\/08\/80u1FaquEZeR6OUTeJCc.png","width":209,"height":46,"caption":"GoldZino"},"image":{"@id":"https:\/\/gold-zino.com\/pl\/#\/schema\/logo\/image\/"}}]}},"_links":{"self":[{"href":"https:\/\/gold-zino.com\/pl\/wp-json\/wp\/v2\/pages\/1479","targetHints":{"allow":["GET"]}}],"collection":[{"href":"https:\/\/gold-zino.com\/pl\/wp-json\/wp\/v2\/pages"}],"about":[{"href":"https:\/\/gold-zino.com\/pl\/wp-json\/wp\/v2\/types\/page"}],"author":[{"embeddable":true,"href":"https:\/\/gold-zino.com\/pl\/wp-json\/wp\/v2\/users\/1"}],"replies":[{"embeddable":true,"href":"https:\/\/gold-zino.com\/pl\/wp-json\/wp\/v2\/comments?post=1479"}],"version-history":[{"count":3,"href":"https:\/\/gold-zino.com\/pl\/wp-json\/wp\/v2\/pages\/1479\/revisions"}],"predecessor-version":[{"id":2202,"href":"https:\/\/gold-zino.com\/pl\/wp-json\/wp\/v2\/pages\/1479\/revisions\/2202"}],"wp:attachment":[{"href":"https:\/\/gold-zino.com\/pl\/wp-json\/wp\/v2\/media?parent=1479"}],"curies":[{"name":"wp","href":"https:\/\/api.w.org\/{rel}","templated":true}]}}