{"id":1535,"date":"2025-10-15T12:14:48","date_gmt":"2025-10-15T11:14:48","guid":{"rendered":"https:\/\/gold-zino.com\/login-and-registration\/"},"modified":"2025-10-20T13:32:24","modified_gmt":"2025-10-20T12:32:24","slug":"logowanie-i-rejestracja","status":"publish","type":"page","link":"https:\/\/gold-zino.com\/pl\/logowanie-i-rejestracja\/","title":{"rendered":"Logowanie i rejestracja"},"content":{"rendered":"<h1>Zaloguj si\u0119 do Goldzino i zarejestruj si\u0119<\/h1>\n<p>Pierwszy krok dla ka\u017cdego polskiego u\u017cytkownika na Goldzino jest proces rejestracji. Zaprojektowali\u015bmy go tak, aby ka\u017cdy nowy u\u017cytkownik m\u00f3g\u0142 go uko\u0144czy\u0107 w ci\u0105gu kilku minut. Je\u015bli masz ju\u017c konto na naszej stronie internetowej, wystarczy przej\u015b\u0107 przez proces Goldzino login, aby rozpocz\u0105\u0107 korzystanie ze wszystkich funkcji platformy.<\/p>\n<p><div class=\"banner-wrap\" aria-label=\"Banner\"><img src=\"https:\/\/gold-zino.com\/wp-content\/uploads\/2025\/10\/Goldzino-Banner-Desktop.webp\" class=\"w-100 d-none d-lg-block img-pc main-banner-img\" alt=\"Goldzino Bonus\" fetchpriority=\"high\" decoding=\"async\"><img src=\"https:\/\/gold-zino.com\/wp-content\/uploads\/2025\/10\/Gold-zino-Mobile-Banner.webp\" class=\"w-100 d-none d-md-block d-lg-none main-banner-img\" alt=\"Goldzino Mobile Banner\" fetchpriority=\"high\" decoding=\"async\"><img src=\"https:\/\/gold-zino.com\/wp-content\/uploads\/2025\/10\/Gold-zino-Mobile-Banner.webp\" class=\"w-100 d-md-none\" alt=\"Goldzino Mobile Banner\" fetchpriority=\"high\" decoding=\"async\"><div class=\"banner-description\">\n<div class=\"banner-title\">Bonusy Powitalne<\/div>\n<p class=\"banner-header-title\">\u20ac1,500<\/p>\n<div class=\"banner-header-AdditionalText\">+ 250 Darmowych Spin\u00f3w<\/div>\n<button data-item=\"homepage_banner_link\" class=\"goto m-button m-gradient-border m-button--primary m-button--large banner-button btn-orange\">\n            <div class=\"m-button-content\">\n                <span>Zarejestruj si\u0119 teraz<\/span>\n                <span><\/span>\n            <\/div>\n        <\/button>\n<\/div>\n<div class=\"WelcomePack\">\n<p><img loading=\"lazy\" decoding=\"async\" class=\"alignnone wp-image-1682 size-full\" src=\"https:\/\/gold-zino.com\/wp-content\/uploads\/2025\/10\/welcome-crown.svg\" alt=\"crown\" width=\"25\" height=\"26\" \/><\/p>\n<div class=\"WelcomePack-Info\">Cotygodniowy zwrot got\u00f3wki do 25%<\/div>\n<p><img loading=\"lazy\" decoding=\"async\" class=\"alignnone wp-image-1682 size-full\" src=\"https:\/\/gold-zino.com\/wp-content\/uploads\/2025\/10\/welcome-crown.svg\" alt=\"crown\" width=\"25\" height=\"26\" \/><\/p>\n<\/div>\n<\/div><div class=\"scrollable-content-wrap my-5\"><div class=\"scrollable-content-inner\"><h2>Rejestracja w kasynie Goldzino<\/h2>\n<p>Aby rozpocz\u0105\u0107 odkrywanie funkcji Goldzino Casino, wszyscy u\u017cytkownicy powinni przej\u015b\u0107 proces rejestracji. Nie ma jednak powod\u00f3w do obaw, poniewa\u017c zajmuje to tylko kilka minut. Proces ten jest bardzo prosty, wi\u0119c nawet nowi u\u017cytkownicy kasyn online nie powinni mie\u0107 \u017cadnych problem\u00f3w. Je\u015bli masz ju\u017c konto, wystarczy przej\u015b\u0107 przez proces Goldzino login.<\/p>\n<p>Wszyscy nowi gracze otrzymuj\u0105 pakiet powitalny o warto\u015bci do 1500 \u20ac + 250 darmowych spin\u00f3w. Aby go otrzyma\u0107, wystarczy przej\u015b\u0107 przez proces rejestracji w Gold Zino. Oferta obowi\u0105zuje r\u00f3wnie\u017c w przypadku rejestracji w aplikacji. Dzi\u0119ki darmowym spinom jest to \u015bwietna okazja, aby wypr\u00f3bowa\u0107 fajne tytu\u0142y. Poza tym uzyskasz nieograniczony dost\u0119p do naszej kolekcji gier, kt\u00f3ra obejmuje ponad 6000 tytu\u0142\u00f3w.<\/p>\n<p>Je\u015bli wi\u0119c odwiedzasz nasz\u0105 stron\u0119 internetow\u0105 Goldzino po raz pierwszy i chcesz za\u0142o\u017cy\u0107 konto, post\u0119puj zgodnie z poni\u017cszymi instrukcjami, aby zrobi\u0107 to szybko i bez \u017cadnych problem\u00f3w:<\/p>\n<table>\n<tbody>\n<tr>\n<td>Krok<\/td>\n<td>Szczeg\u00f3\u0142y<\/td>\n<\/tr>\n<tr>\n<td>Nale\u017cy klikn\u0105\u0107 przycisk \u201eZarejestruj si\u0119\u201d.<\/td>\n<td>Przycisk znajduje si\u0119 w prawym g\u00f3rnym rogu strony g\u0142\u00f3wnej.<\/td>\n<\/tr>\n<tr>\n<td>Wszyscy u\u017cytkownicy musz\u0105 wprowadzi\u0107 swoje dane osobowe.<\/td>\n<td>Dane osobowe obejmuj\u0105 adres e-mail i has\u0142o. Has\u0142o powinno mie\u0107 co najmniej 6 znak\u00f3w. Je\u015bli posiadasz kod promocyjny, mo\u017cesz go r\u00f3wnie\u017c wprowadzi\u0107.<\/td>\n<\/tr>\n<tr>\n<td>Gracze musz\u0105 zgodzi\u0107 si\u0119 z zasadami platformy.<\/td>\n<td>Nale\u017cy zaznaczy\u0107 pole, potwierdzaj\u0105c, \u017ce masz uko\u0144czone 18 lat i zapozna\u0142e\u015b si\u0119 z Regulaminem oraz Polityk\u0105 prywatno\u015bci naszej strony internetowej.<\/td>\n<\/tr>\n<tr>\n<td>Nale\u017cy klikn\u0105\u0107 przycisk \u201eZarejestruj si\u0119\u201d na ko\u0144cu formularza rejestracyjnego.<\/td>\n<td>Ten krok aktywuje wys\u0142anie listu potwierdzaj\u0105cego na Tw\u00f3j adres e-mail.<\/td>\n<\/tr>\n<tr>\n<td>Musisz potwierdzi\u0107 sw\u00f3j adres e-mail.<\/td>\n<td>Nale\u017cy klikn\u0105\u0107 link zawarty w li\u015bcie potwierdzaj\u0105cym, kt\u00f3ry zosta\u0142 wys\u0142any na podany wcze\u015bniej adres e-mail.<\/td>\n<\/tr>\n<\/tbody>\n<\/table>\n<h2>Goldzino login i zarz\u0105dzanie kontem<\/h2>\n<p>Je\u015bli masz ju\u017c konto na naszej platformie, musisz przej\u015b\u0107 przez proces Goldzino login, \u017ceby m\u00f3c korzysta\u0107 ze wszystkich funkcji i narz\u0119dzi. Przygotowali\u015bmy dla Ciebie kr\u00f3tki przewodnik:<\/p>\n<table>\n<tbody>\n<tr>\n<td>Krok<\/td>\n<td>Szczeg\u00f3\u0142y<\/td>\n<\/tr>\n<tr>\n<td>Nale\u017cy klikn\u0105\u0107 przycisk \u201eZaloguj si\u0119\u201d.<\/td>\n<td>Przycisk znajduje si\u0119 w prawym g\u00f3rnym rogu strony.<\/td>\n<\/tr>\n<tr>\n<td>Wszyscy u\u017cytkownicy musz\u0105 poda\u0107 sw\u00f3j adres e-mail i has\u0142o.<\/td>\n<td>W tym miejscu nale\u017cy wprowadzi\u0107 dane osobowe podane podczas rejestracji.<\/td>\n<\/tr>\n<tr>\n<td>Nale\u017cy klikn\u0105\u0107 przycisk \u201eZaloguj si\u0119\u201d.<\/td>\n<td>Nale\u017cy sprawdzi\u0107 dodane informacje, a nast\u0119pnie je przes\u0142a\u0107.<\/td>\n<\/tr>\n<\/tbody>\n<\/table>\n<p>Je\u015bli wszystkie informacje s\u0105 poprawne, od razu dostaniesz dost\u0119p do swojego konta. Na koncie osobistym Gold Zino mo\u017cesz edytowa\u0107 swoje dane osobowe, ustawi\u0107 limity wp\u0142at i czasowe oraz uzyska\u0107 dost\u0119p do swojego portfela, \u017ceby robi\u0107 wp\u0142aty i wyp\u0142aty. Dodatkowo jest osobna sekcja \u201eHistoria\u201d, gdzie mo\u017cesz zobaczy\u0107 swoje statystyki gry na stronie.<\/p>\n<p>Ka\u017cdy u\u017cytkownik mo\u017ce wygenerowa\u0107 link polecaj\u0105cy za po\u015brednictwem swojego konta. Mo\u017cesz zaprosi\u0107 swoich znajomych, korzystaj\u0105c z tego linku, i otrzyma\u0107 za to nagrody. Konto daje Ci dost\u0119p do wszystkich promocji dost\u0119pnych w Goldzino, co ju\u017c samo w sobie jest fajn\u0105 zalet\u0105.<\/p>\n<h3>Nie pami\u0119tasz has\u0142a?<\/h3>\n<p>Ka\u017cdy mo\u017ce zapomnie\u0107 swoje has\u0142o. Nie stanowi to problemu dla Gold Zino, poniewa\u017c nasza platforma posiada specjaln\u0105 funkcj\u0119 odzyskiwania has\u0142a. Aby odzyska\u0107 has\u0142o, post\u0119puj zgodnie z poni\u017cszymi instrukcjami:<\/p>\n<ol>\n<li>Nale\u017cy klikn\u0105\u0107 przycisk \u201eZaloguj si\u0119\u201d w prawym g\u00f3rnym rogu.<\/li>\n<li>Nast\u0119pnie nale\u017cy klikn\u0105\u0107 przycisk \u201eNie pami\u0119tasz has\u0142a?\u201d.<\/li>\n<li>W tym kroku wszyscy u\u017cytkownicy powinni wprowadzi\u0107 adres e-mail, kt\u00f3rego u\u017cywali podczas procesu Goldzino login.<\/li>\n<li>Wy\u015blemy Ci link e-mailem, aby\u015b m\u00f3g\u0142 zresetowa\u0107 has\u0142o i utworzy\u0107 nowe.<\/li>\n<\/ol>\n<h2>Weryfikacja konta w Goldzino Casino<\/h2>\n<p>Aby dokona\u0107 pierwszej wyp\u0142aty w Goldzino Casino, ka\u017cdy gracz musi przej\u015b\u0107 proces weryfikacji. W tym celu nale\u017cy przes\u0142a\u0107 dokumenty potwierdzaj\u0105ce dane osobowe. Mo\u017ce to by\u0107 paszport, dow\u00f3d osobisty, prawo jazdy lub rachunek za media nie starszy ni\u017c 6 miesi\u0119cy.<\/p>\n<p>Po przes\u0142aniu wymaganych dokument\u00f3w nasi mened\u017cerowie sprawdz\u0105 je w ci\u0105gu 48 godzin i udziel\u0105 odpowiedzi. Po zweryfikowaniu konta b\u0119dziesz m\u00f3g\u0142 bez dalszych op\u00f3\u017anie\u0144 wyp\u0142aca\u0107 \u015brodki z platformy.<\/p>\n<p>Proces ten stanowi wa\u017cny krok w zapobieganiu oszustwom na naszej platformie Gold Zino i zapewnieniu uczciwej gry wszystkim u\u017cytkownikom. Bardziej szczeg\u00f3\u0142owe informacje na temat naszych zasad \u201ePoznaj swojego klienta\u201d mo\u017cna znale\u017a\u0107 w stopce naszej strony.<\/p>\n<h2>Cz\u0119sto zadawane pytania<\/h2>\n<h3>Jak mog\u0119 zweryfikowa\u0107 swoje konto?<\/h3>\n<p>Aby zako\u0144czy\u0107 proces weryfikacji, nale\u017cy przes\u0142a\u0107 do Goldzino dokumenty potwierdzaj\u0105ce to\u017csamo\u015b\u0107 i adres zamieszkania. Mo\u017ce to by\u0107 paszport, dow\u00f3d osobisty, rachunek za media lub inny dokument. Po sprawdzeniu dokument\u00f3w przez naszych mened\u017cer\u00f3w powiadomimy Ci\u0119 o tym poczt\u0105 elektroniczn\u0105. Mo\u017cesz r\u00f3wnie\u017c sprawdzi\u0107 aktualizacje na swoim koncie.<\/p>\n<h3>Czy mog\u0119 zmieni\u0107 swoje has\u0142o lub adres e-mail?<\/h3>\n<p>Wszelkie dane osobowe mo\u017cna zmieni\u0107 w ustawieniach konta Goldzino Casino. Obejmuje to zmian\u0119 adresu e-mail lub has\u0142a. Je\u015bli napotkasz jakiekolwiek problemy podczas wprowadzania zmian, zawsze mo\u017cesz skontaktowa\u0107 si\u0119 z naszym zespo\u0142em pomocy technicznej.<\/p>\n<h3>Co mam zrobi\u0107, je\u015bli moje konto zosta\u0142o zablokowane?<\/h3>\n<p>Mo\u017cemy zablokowa\u0107 konta u\u017cytkownik\u00f3w z powodu naruszenia zasad kasyna online. Goldzino zawsze wysy\u0142a graczom wiadomo\u015b\u0107 e-mail z wyja\u015bnieniem przyczyny blokady i jej czasu trwania. Je\u015bli nie otrzyma\u0142e\u015b takiej wiadomo\u015bci e-mail, zawsze mo\u017cesz skontaktowa\u0107 si\u0119 z naszym dzia\u0142em obs\u0142ugi klienta dost\u0119pnym 24 godziny na dob\u0119, 7 dni w tygodniu, za po\u015brednictwem czatu na \u017cywo lub poczty elektronicznej.<\/p>\n<h3>Jak zamkn\u0105\u0107 lub tymczasowo zawiesi\u0107 swoje konto?<\/h3>\n<p>Kasyno Goldzino posiada funkcj\u0119, kt\u00f3ra pozwala zamkn\u0105\u0107 lub tymczasowo ograniczy\u0107 dost\u0119p do konta. W tym celu nale\u017cy skontaktowa\u0107 si\u0119 z naszym ca\u0142odobowym wieloj\u0119zycznym dzia\u0142em pomocy technicznej za po\u015brednictwem czatu na \u017cywo lub poczty elektronicznej. Nasi specjali\u015bci ch\u0119tnie s\u0142u\u017c\u0105 pomoc\u0105.<\/p>\n<\/div><\/div><\/p>\n","protected":false},"excerpt":{"rendered":"<p>Zaloguj si\u0119 do Goldzino i zarejestruj si\u0119 Pierwszy krok dla ka\u017cdego polskiego u\u017cytkownika na Goldzino jest proces rejestracji. Zaprojektowali\u015bmy go tak, aby ka\u017cdy nowy u\u017cytkownik m\u00f3g\u0142 go uko\u0144czy\u0107 w ci\u0105gu kilku minut. Je\u015bli masz ju\u017c konto na naszej stronie internetowej, wystarczy przej\u015b\u0107 przez proces Goldzino login, aby rozpocz\u0105\u0107 korzystanie ze wszystkich funkcji platformy.<\/p>\n","protected":false},"author":1,"featured_media":0,"parent":0,"menu_order":0,"comment_status":"closed","ping_status":"closed","template":"template-builder.php","meta":{"_acf_changed":false,"inline_featured_image":false,"footnotes":""},"class_list":["post-1535","page","type-page","status-publish","hentry"],"acf":[],"yoast_head":"<!-- This site is optimized with the Yoast SEO plugin v27.3 - https:\/\/yoast.com\/product\/yoast-seo-wordpress\/ -->\n<title>Goldzino Logowanie i Rejestracja<\/title>\n<meta name=\"description\" content=\"Uzyskaj dost\u0119p do rejestracji, zarz\u0105dzania i weryfikacji konta przez Goldzino Login. Utw\u00f3rz, odzyskaj lub zamknij konto Gold zino Casino bezpiecznie i szybko.\" \/>\n<meta name=\"robots\" content=\"index, follow, max-snippet:-1, max-image-preview:large, max-video-preview:-1\" \/>\n<link rel=\"canonical\" href=\"https:\/\/gold-zino.com\/pl\/logowanie-i-rejestracja\/\" \/>\n<meta property=\"og:locale\" content=\"pl_PL\" \/>\n<meta property=\"og:type\" content=\"article\" \/>\n<meta property=\"og:title\" content=\"Goldzino Logowanie i Rejestracja\" \/>\n<meta property=\"og:description\" content=\"Uzyskaj dost\u0119p do rejestracji, zarz\u0105dzania i weryfikacji konta przez Goldzino Login. Utw\u00f3rz, odzyskaj lub zamknij konto Gold zino Casino bezpiecznie i szybko.\" \/>\n<meta property=\"og:url\" content=\"https:\/\/gold-zino.com\/pl\/logowanie-i-rejestracja\/\" \/>\n<meta property=\"og:site_name\" content=\"goldzino\" \/>\n<meta property=\"article:modified_time\" content=\"2025-10-20T12:32:24+00:00\" \/>\n<meta name=\"twitter:card\" content=\"summary_large_image\" \/>\n<meta name=\"twitter:label1\" content=\"Est. reading time\" \/>\n\t<meta name=\"twitter:data1\" content=\"1 minute\" \/>\n<script type=\"application\/ld+json\" class=\"yoast-schema-graph\">{\"@context\":\"https:\\\/\\\/schema.org\",\"@graph\":[{\"@type\":\"WebPage\",\"@id\":\"https:\\\/\\\/gold-zino.com\\\/pl\\\/logowanie-i-rejestracja\\\/\",\"url\":\"https:\\\/\\\/gold-zino.com\\\/pl\\\/logowanie-i-rejestracja\\\/\",\"name\":\"Goldzino Logowanie i Rejestracja\",\"isPartOf\":{\"@id\":\"https:\\\/\\\/gold-zino.com\\\/pl\\\/#website\"},\"datePublished\":\"2025-10-15T11:14:48+00:00\",\"dateModified\":\"2025-10-20T12:32:24+00:00\",\"description\":\"Uzyskaj dost\u0119p do rejestracji, zarz\u0105dzania i weryfikacji konta przez Goldzino Login. Utw\u00f3rz, odzyskaj lub zamknij konto Gold zino Casino bezpiecznie i szybko.\",\"breadcrumb\":{\"@id\":\"https:\\\/\\\/gold-zino.com\\\/pl\\\/logowanie-i-rejestracja\\\/#breadcrumb\"},\"inLanguage\":\"pl-PL\",\"potentialAction\":[{\"@type\":\"ReadAction\",\"target\":[\"https:\\\/\\\/gold-zino.com\\\/pl\\\/logowanie-i-rejestracja\\\/\"]}]},{\"@type\":\"BreadcrumbList\",\"@id\":\"https:\\\/\\\/gold-zino.com\\\/pl\\\/logowanie-i-rejestracja\\\/#breadcrumb\",\"itemListElement\":[{\"@type\":\"ListItem\",\"position\":1,\"name\":\"GoldZino\",\"item\":\"https:\\\/\\\/gold-zino.com\\\/pl\\\/\"},{\"@type\":\"ListItem\",\"position\":2,\"name\":\"Logowanie i rejestracja\"}]},{\"@type\":\"WebSite\",\"@id\":\"https:\\\/\\\/gold-zino.com\\\/pl\\\/#website\",\"url\":\"https:\\\/\\\/gold-zino.com\\\/pl\\\/\",\"name\":\"GoldZino\",\"description\":\"\",\"publisher\":{\"@id\":\"https:\\\/\\\/gold-zino.com\\\/pl\\\/#organization\"},\"potentialAction\":[{\"@type\":\"SearchAction\",\"target\":{\"@type\":\"EntryPoint\",\"urlTemplate\":\"https:\\\/\\\/gold-zino.com\\\/pl\\\/?s={search_term_string}\"},\"query-input\":{\"@type\":\"PropertyValueSpecification\",\"valueRequired\":true,\"valueName\":\"search_term_string\"}}],\"inLanguage\":\"pl-PL\"},{\"@type\":\"Organization\",\"@id\":\"https:\\\/\\\/gold-zino.com\\\/pl\\\/#organization\",\"name\":\"GoldZino\",\"url\":\"https:\\\/\\\/gold-zino.com\\\/pl\\\/\",\"logo\":{\"@type\":\"ImageObject\",\"inLanguage\":\"pl-PL\",\"@id\":\"https:\\\/\\\/gold-zino.com\\\/pl\\\/#\\\/schema\\\/logo\\\/image\\\/\",\"url\":\"https:\\\/\\\/gold-zino.com\\\/wp-content\\\/uploads\\\/2025\\\/08\\\/80u1FaquEZeR6OUTeJCc.png\",\"contentUrl\":\"https:\\\/\\\/gold-zino.com\\\/wp-content\\\/uploads\\\/2025\\\/08\\\/80u1FaquEZeR6OUTeJCc.png\",\"width\":209,\"height\":46,\"caption\":\"GoldZino\"},\"image\":{\"@id\":\"https:\\\/\\\/gold-zino.com\\\/pl\\\/#\\\/schema\\\/logo\\\/image\\\/\"}}]}<\/script>\n<!-- \/ Yoast SEO plugin. -->","yoast_head_json":{"title":"Goldzino Logowanie i Rejestracja","description":"Uzyskaj dost\u0119p do rejestracji, zarz\u0105dzania i weryfikacji konta przez Goldzino Login. Utw\u00f3rz, odzyskaj lub zamknij konto Gold zino Casino bezpiecznie i szybko.","robots":{"index":"index","follow":"follow","max-snippet":"max-snippet:-1","max-image-preview":"max-image-preview:large","max-video-preview":"max-video-preview:-1"},"canonical":"https:\/\/gold-zino.com\/pl\/logowanie-i-rejestracja\/","og_locale":"pl_PL","og_type":"article","og_title":"Goldzino Logowanie i Rejestracja","og_description":"Uzyskaj dost\u0119p do rejestracji, zarz\u0105dzania i weryfikacji konta przez Goldzino Login. Utw\u00f3rz, odzyskaj lub zamknij konto Gold zino Casino bezpiecznie i szybko.","og_url":"https:\/\/gold-zino.com\/pl\/logowanie-i-rejestracja\/","og_site_name":"goldzino","article_modified_time":"2025-10-20T12:32:24+00:00","twitter_card":"summary_large_image","twitter_misc":{"Est. reading time":"1 minute"},"schema":{"@context":"https:\/\/schema.org","@graph":[{"@type":"WebPage","@id":"https:\/\/gold-zino.com\/pl\/logowanie-i-rejestracja\/","url":"https:\/\/gold-zino.com\/pl\/logowanie-i-rejestracja\/","name":"Goldzino Logowanie i Rejestracja","isPartOf":{"@id":"https:\/\/gold-zino.com\/pl\/#website"},"datePublished":"2025-10-15T11:14:48+00:00","dateModified":"2025-10-20T12:32:24+00:00","description":"Uzyskaj dost\u0119p do rejestracji, zarz\u0105dzania i weryfikacji konta przez Goldzino Login. Utw\u00f3rz, odzyskaj lub zamknij konto Gold zino Casino bezpiecznie i szybko.","breadcrumb":{"@id":"https:\/\/gold-zino.com\/pl\/logowanie-i-rejestracja\/#breadcrumb"},"inLanguage":"pl-PL","potentialAction":[{"@type":"ReadAction","target":["https:\/\/gold-zino.com\/pl\/logowanie-i-rejestracja\/"]}]},{"@type":"BreadcrumbList","@id":"https:\/\/gold-zino.com\/pl\/logowanie-i-rejestracja\/#breadcrumb","itemListElement":[{"@type":"ListItem","position":1,"name":"GoldZino","item":"https:\/\/gold-zino.com\/pl\/"},{"@type":"ListItem","position":2,"name":"Logowanie i rejestracja"}]},{"@type":"WebSite","@id":"https:\/\/gold-zino.com\/pl\/#website","url":"https:\/\/gold-zino.com\/pl\/","name":"GoldZino","description":"","publisher":{"@id":"https:\/\/gold-zino.com\/pl\/#organization"},"potentialAction":[{"@type":"SearchAction","target":{"@type":"EntryPoint","urlTemplate":"https:\/\/gold-zino.com\/pl\/?s={search_term_string}"},"query-input":{"@type":"PropertyValueSpecification","valueRequired":true,"valueName":"search_term_string"}}],"inLanguage":"pl-PL"},{"@type":"Organization","@id":"https:\/\/gold-zino.com\/pl\/#organization","name":"GoldZino","url":"https:\/\/gold-zino.com\/pl\/","logo":{"@type":"ImageObject","inLanguage":"pl-PL","@id":"https:\/\/gold-zino.com\/pl\/#\/schema\/logo\/image\/","url":"https:\/\/gold-zino.com\/wp-content\/uploads\/2025\/08\/80u1FaquEZeR6OUTeJCc.png","contentUrl":"https:\/\/gold-zino.com\/wp-content\/uploads\/2025\/08\/80u1FaquEZeR6OUTeJCc.png","width":209,"height":46,"caption":"GoldZino"},"image":{"@id":"https:\/\/gold-zino.com\/pl\/#\/schema\/logo\/image\/"}}]}},"_links":{"self":[{"href":"https:\/\/gold-zino.com\/pl\/wp-json\/wp\/v2\/pages\/1535","targetHints":{"allow":["GET"]}}],"collection":[{"href":"https:\/\/gold-zino.com\/pl\/wp-json\/wp\/v2\/pages"}],"about":[{"href":"https:\/\/gold-zino.com\/pl\/wp-json\/wp\/v2\/types\/page"}],"author":[{"embeddable":true,"href":"https:\/\/gold-zino.com\/pl\/wp-json\/wp\/v2\/users\/1"}],"replies":[{"embeddable":true,"href":"https:\/\/gold-zino.com\/pl\/wp-json\/wp\/v2\/comments?post=1535"}],"version-history":[{"count":3,"href":"https:\/\/gold-zino.com\/pl\/wp-json\/wp\/v2\/pages\/1535\/revisions"}],"predecessor-version":[{"id":2221,"href":"https:\/\/gold-zino.com\/pl\/wp-json\/wp\/v2\/pages\/1535\/revisions\/2221"}],"wp:attachment":[{"href":"https:\/\/gold-zino.com\/pl\/wp-json\/wp\/v2\/media?parent=1535"}],"curies":[{"name":"wp","href":"https:\/\/api.w.org\/{rel}","templated":true}]}}