{"id":1481,"date":"2025-10-15T11:05:33","date_gmt":"2025-10-15T10:05:33","guid":{"rendered":"https:\/\/gold-zino.com\/app\/"},"modified":"2025-10-20T13:48:34","modified_gmt":"2025-10-20T12:48:34","slug":"aplicacao","status":"publish","type":"page","link":"https:\/\/gold-zino.com\/pt-pt\/aplicacao\/","title":{"rendered":"Aplica\u00e7\u00e3o"},"content":{"rendered":"<h1>A aplica\u00e7\u00e3o Goldzino<\/h1>\n<p>A Goldzino app \u00e9 uma excelente op\u00e7\u00e3o para os portugueses que preferem utilizar um dispositivo m\u00f3vel para jogar no casino online. N\u00e3o importa se tem um dispositivo iOS ou Android; todas as nossas fun\u00e7\u00f5es e t\u00edtulos adaptam-se perfeitamente a qualquer dispositivo moderno. Se decidir iniciar a sua jornada na Goldzino app, ap\u00f3s o processo de registo, tal como todos os novos clientes, receber\u00e1 um pacote de boas-vindas de at\u00e9 1500 \u20ac + 250 rodadas gr\u00e1tis. Al\u00e9m disso, receber\u00e1 muitas ofertas exclusivas no nosso software m\u00f3vel.<\/p>\n<div class=\"banner-wrap\" aria-label=\"Banner\"><img src=\"https:\/\/gold-zino.com\/wp-content\/uploads\/2025\/10\/Goldzino-Banner-Desktop.webp\" class=\"w-100 d-none d-lg-block img-pc main-banner-img\" alt=\"Goldzino Bonus\" fetchpriority=\"high\" decoding=\"async\"><img src=\"https:\/\/gold-zino.com\/wp-content\/uploads\/2025\/10\/Gold-zino-Mobile-Banner.webp\" class=\"w-100 d-none d-md-block d-lg-none main-banner-img\" alt=\"Goldzino Mobile Banner\" fetchpriority=\"high\" decoding=\"async\"><img src=\"https:\/\/gold-zino.com\/wp-content\/uploads\/2025\/10\/Gold-zino-Mobile-Banner.webp\" class=\"w-100 d-md-none\" alt=\"Goldzino Mobile Banner\" fetchpriority=\"high\" decoding=\"async\"><div class=\"banner-description\">\n<div class=\"banner-title\">B\u00f3nus de Boas-Vindas<\/div>\n<p class=\"banner-header-title\">\u20ac1,500<\/p>\n<div class=\"banner-header-AdditionalText\">+ 250 Rodadas Gr\u00e1tis<\/div>\n<button data-item=\"homepage_banner_link\" class=\"goto m-button m-gradient-border m-button--primary m-button--large banner-button btn-orange\">\n            <div class=\"m-button-content\">\n                <span>Registar Agora<\/span>\n                <span><\/span>\n            <\/div>\n        <\/button>\n<\/div>\n<div class=\"WelcomePack\">\n<p><img loading=\"lazy\" decoding=\"async\" class=\"alignnone wp-image-1682 size-full\" src=\"https:\/\/gold-zino.com\/wp-content\/uploads\/2025\/10\/welcome-crown.svg\" alt=\"crown\" width=\"25\" height=\"26\" \/><\/p>\n<div class=\"WelcomePack-Info\">Reembolso semanal at\u00e9 25%<\/div>\n<p><img loading=\"lazy\" decoding=\"async\" class=\"alignnone wp-image-1682 size-full\" src=\"https:\/\/gold-zino.com\/wp-content\/uploads\/2025\/10\/welcome-crown.svg\" alt=\"crown\" width=\"25\" height=\"26\" \/><\/p>\n<\/div>\n<\/div>\n<h2>Casino m\u00f3vel Goldzino<\/h2>\n<p>Cada vez mais utilizadores preferem ter as suas atividades favoritas diretamente nos seus telem\u00f3veis. Isso torna a vida muito mais flex\u00edvel, pois pode jogar em qualquer lugar com acesso \u00e0 Internet. A Goldzino tamb\u00e9m est\u00e1 interessada em oferecer as melhores solu\u00e7\u00f5es aos seus clientes. \u00c9 por isso que desenvolvemos uma vers\u00e3o m\u00f3vel moderna da nossa plataforma.<\/p>\n<p>O nosso software m\u00f3vel ir\u00e1 proporcionar-lhe uma experi\u00eancia personalizada e processos r\u00e1pidos. Quer tenha um dispositivo Android ou iOS, ele ir\u00e1 adaptar-se ao tamanho do seu ecr\u00e3. A aplica\u00e7\u00e3o Goldzino tem uma interface intuitiva com as mesmas cores e navega\u00e7\u00e3o familiar da vers\u00e3o completa para computador, para que n\u00e3o se perca.<\/p>\n<p>Todas as outras fun\u00e7\u00f5es e ferramentas do software m\u00f3vel s\u00e3o um reflexo da vers\u00e3o principal para computador. Pode fazer dep\u00f3sitos e levantamentos com todos os m\u00e9todos de pagamento dispon\u00edveis. Se fizer o seu primeiro levantamento na aplica\u00e7\u00e3o do Gold Zino Casino, dever\u00e1 passar pelo processo de verifica\u00e7\u00e3o. Esse \u00e9 um passo importante para evitarmos fraudes.<\/p>\n<p>Pode obter mais informa\u00e7\u00f5es sobre todos os benef\u00edcios do casino m\u00f3vel na tabela abaixo:<\/p>\n<table>\n<tbody>\n<tr>\n<td>Benef\u00edcio<\/td>\n<td>Detalhes<\/td>\n<\/tr>\n<tr>\n<td>Grande sele\u00e7\u00e3o de jogos<\/td>\n<td>Mais de 6.000 t\u00edtulos, incluindo slots, jogos de mesa, op\u00e7\u00f5es de casino ao vivo, jogos de crash e muito mais.<\/td>\n<\/tr>\n<tr>\n<td>Design adaptado<\/td>\n<td>Qualquer smartphone ou tablet moderno \u00e9 compat\u00edvel com a nossa aplica\u00e7\u00e3o m\u00f3vel. Ela adapta-se ao tamanho do ecr\u00e3.<\/td>\n<\/tr>\n<tr>\n<td>Pagamentos r\u00e1pidos<\/td>\n<td>Os pagamentos em criptomoeda n\u00e3o demoram mais do que alguns minutos.<\/td>\n<\/tr>\n<tr>\n<td>Equipa de suporte<\/td>\n<td>Estamos \u00e0 disposi\u00e7\u00e3o para responder a todas as suas perguntas 24 horas por dia, 7 dias por semana. Al\u00e9m disso, contamos com uma equipa multil\u00edngue para proporcionar uma melhor experi\u00eancia ao utilizador.<\/td>\n<\/tr>\n<\/tbody>\n<\/table>\n<p><div style=\"clear: both\"><\/div><div class=\"d-flex justify-content-center\"><button data-item=\"decouvrez_link\" data-group=\"website_links\" class=\"goto fw-bold rounded-pill btn btn-orange\" aria-label=\"Descarregue a aplica\u00e7\u00e3o Goldzino\" >Descarregue a aplica\u00e7\u00e3o Goldzino<\/button><\/div><div class=\"scrollable-content-wrap my-5\"><div class=\"scrollable-content-inner\"><h2>Goldzino Casino para Android<\/h2>\n<p>Podemos garantir que a utiliza\u00e7\u00e3o do nosso casino online num smartphone ou tablet n\u00e3o prejudicar\u00e1 o processo. Pelo contr\u00e1rio, 80% dos nossos clientes escolhem os seus dispositivos m\u00f3veis para a experi\u00eancia de jogo do Goldzino Casino. A aplica\u00e7\u00e3o Goldzino para Android \u00e9 um excelente software com milhares de t\u00edtulos, m\u00e9todos de pagamento seguros e uma equipa de apoio profissional.<\/p>\n<p>Para obter a aplica\u00e7\u00e3o Goldzino, n\u00e3o solicitamos que descarregue nenhum ficheiro APK, como alguns dos nossos concorrentes fazem. Tudo \u00e9 muito mais f\u00e1cil e r\u00e1pido. Desenvolvemos uma PWA que n\u00e3o ocupa espa\u00e7o no seu dispositivo, mas, ao mesmo tempo, oferece uma \u00f3tima experi\u00eancia de casino m\u00f3vel. Para instalar a aplica\u00e7\u00e3o, basta seguir as nossas instru\u00e7\u00f5es abaixo:<\/p>\n<ol>\n<li>Deve ir ao rodap\u00e9 do nosso site Gold Zino.<\/li>\n<li>L\u00e1, ver\u00e1 um bot\u00e3o \u00abCasino App\u00bb; deve clicar nele.<\/li>\n<li>Na janela rec\u00e9m-aberta, precisa escolher \u00abInstalar\u00bb para iniciar o processo.<\/li>\n<\/ol>\n<p>Depois de concluir todas as etapas, o utilizador ter\u00e1 acesso ao casino m\u00f3vel atrav\u00e9s de um \u00edcone na tela principal do dispositivo. Receber\u00e1 notifica\u00e7\u00f5es push personalizadas sobre todas as novidades e atualiza\u00e7\u00f5es. E, claro, todas as fun\u00e7\u00f5es e ferramentas do PWA se adaptar\u00e3o ao tamanho da tela sem perder qualidade ou divers\u00e3o.<\/p>\n<p><img loading=\"lazy\" decoding=\"async\" class=\"alignnone wp-image-1424 size-full\" src=\"https:\/\/gold-zino.com\/wp-content\/uploads\/2025\/10\/Goldzino-Casino-for-Android.webp\" alt=\"Goldzino Casino for Android\" width=\"1248\" height=\"536\" srcset=\"https:\/\/gold-zino.com\/wp-content\/uploads\/2025\/10\/Goldzino-Casino-for-Android.webp 1248w, https:\/\/gold-zino.com\/wp-content\/uploads\/2025\/10\/Goldzino-Casino-for-Android-300x129.webp 300w, https:\/\/gold-zino.com\/wp-content\/uploads\/2025\/10\/Goldzino-Casino-for-Android-1024x440.webp 1024w, https:\/\/gold-zino.com\/wp-content\/uploads\/2025\/10\/Goldzino-Casino-for-Android-768x330.webp 768w\" sizes=\"auto, (max-width: 1248px) 100vw, 1248px\" \/><\/p>\n<\/div><\/div><div style=\"clear: both\"><\/div><div class=\"d-flex justify-content-center\"><button data-item=\"decouvrez_link\" data-group=\"website_links\" class=\"goto fw-bold rounded-pill btn btn-orange\" aria-label=\"Descarregar Goldzino\" >Descarregar Goldzino<\/button><\/div><div class=\"scrollable-content-wrap my-5\"><div class=\"scrollable-content-inner\"><h2>Goldzino Casino para iOS<\/h2>\n<p>Os nossos clientes com dispositivos iOS tamb\u00e9m podem ter um processo de jogo ininterrupto nos seus smartphones ou tablets. Cri\u00e1mos duas op\u00e7\u00f5es maravilhosas para si: um PWA e um \u00edcone de atalho para o seu ecr\u00e3 inicial. Ambas as op\u00e7\u00f5es proporcionam uma excelente experi\u00eancia de utilizador com processos r\u00e1pidos, boa qualidade adaptada a dispositivos m\u00f3veis e todas as fun\u00e7\u00f5es de casino necess\u00e1rias.<\/p>\n<p>Pode obter o PWA no nosso site. Encontra o link de instala\u00e7\u00e3o no rodap\u00e9 do site. A maioria dos jogadores do Goldzino Casino conclui o processo em 3 minutos. PWA significa que nada adicional ser\u00e1 instalado no seu telem\u00f3vel, por isso n\u00e3o precisa de se preocupar com novos ficheiros inseguros. A prop\u00f3sito, todas as informa\u00e7\u00f5es pessoais e transa\u00e7\u00f5es na aplica\u00e7\u00e3o Gold Zino s\u00e3o protegidas por criptografia SSL moderna.<\/p>\n<p>Um \u00edcone de atalho para o seu ecr\u00e3 inicial \u00e9 ainda mais f\u00e1cil de obter. Mas, ao mesmo tempo, ao us\u00e1-lo, n\u00e3o precisas mais ir ao navegador, digitar o nome do casino e encontrar o s\u00edtio web oficial. Tudo est\u00e1 pronto e \u00e0 espera no ecr\u00e3 principal. Para obter o atalho no dispositivo iOS no Safari, segue os passos abaixo:<\/p>\n<ol>\n<li>Deve abrir o nosso site na aplica\u00e7\u00e3o Safari.<\/li>\n<li>Depois disso, precisa tocar no bot\u00e3o Partilhar (um quadrado com uma seta apontando para cima).<\/li>\n<li>Na lista que aparece, tem de encontrar \u00abAdicionar ao ecr\u00e3 inicial\u00bb e clicar nela.<\/li>\n<li>Para confirmar a etapa, deve escolher \u00abAdicionar\u00bb.<\/li>\n<\/ol>\n<p><img loading=\"lazy\" decoding=\"async\" class=\"alignnone wp-image-1425 size-full\" src=\"https:\/\/gold-zino.com\/wp-content\/uploads\/2025\/10\/Goldzino-Casino-for-iOS.webp\" alt=\"Goldzino Casino for iOS\" width=\"1248\" height=\"536\" srcset=\"https:\/\/gold-zino.com\/wp-content\/uploads\/2025\/10\/Goldzino-Casino-for-iOS.webp 1248w, https:\/\/gold-zino.com\/wp-content\/uploads\/2025\/10\/Goldzino-Casino-for-iOS-300x129.webp 300w, https:\/\/gold-zino.com\/wp-content\/uploads\/2025\/10\/Goldzino-Casino-for-iOS-1024x440.webp 1024w, https:\/\/gold-zino.com\/wp-content\/uploads\/2025\/10\/Goldzino-Casino-for-iOS-768x330.webp 768w\" sizes=\"auto, (max-width: 1248px) 100vw, 1248px\" \/><\/p>\n<\/div><\/div><div style=\"clear: both\"><\/div><div class=\"d-flex justify-content-center\"><button data-item=\"decouvrez_link\" data-group=\"website_links\" class=\"goto fw-bold rounded-pill btn btn-orange\" aria-label=\"Descarregue a aplica\u00e7\u00e3o Goldzino\" >Descarregue a aplica\u00e7\u00e3o Goldzino<\/button><\/div><div class=\"scrollable-content-wrap my-5\"><div class=\"scrollable-content-inner\"><h2>Aplica\u00e7\u00e3o para Windows\/macOS<\/h2>\n<p>Se preferir jogar de forma cl\u00e1ssica no seu computador pessoal, temos op\u00e7\u00f5es convenientes para si. Pode optar por utilizar a nossa plataforma Gold Zino em qualquer navegador. Para isso, basta tocar no nome do nosso casino online na barra de pesquisa e desfrutar de todas as fun\u00e7\u00f5es no seu ecr\u00e3 grande.<\/p>\n<p>Para facilitar as coisas, pode adicionar um atalho para o nosso site na tela principal do seu PC. Quando estiver na nossa plataforma, por exemplo, no navegador Google Chrome, pode clicar no bot\u00e3o \u00abtr\u00eas pontos\u00bb e escolher criar um atalho. Isso ser\u00e1 feito em poucos segundos. Mas depois disso, ter\u00e1 acesso \u00e0 plataforma Gold Zino diretamente da sua tela inicial.<\/p>\n<p><img loading=\"lazy\" decoding=\"async\" class=\"alignnone wp-image-1423 size-full\" src=\"https:\/\/gold-zino.com\/wp-content\/uploads\/2025\/10\/Application-for-PC.webp\" alt=\"Goldzino Application for PC\" width=\"1248\" height=\"536\" srcset=\"https:\/\/gold-zino.com\/wp-content\/uploads\/2025\/10\/Application-for-PC.webp 1248w, https:\/\/gold-zino.com\/wp-content\/uploads\/2025\/10\/Application-for-PC-300x129.webp 300w, https:\/\/gold-zino.com\/wp-content\/uploads\/2025\/10\/Application-for-PC-1024x440.webp 1024w, https:\/\/gold-zino.com\/wp-content\/uploads\/2025\/10\/Application-for-PC-768x330.webp 768w\" sizes=\"auto, (max-width: 1248px) 100vw, 1248px\" \/><\/p>\n<\/div><\/div><div style=\"clear: both\"><\/div><div class=\"d-flex justify-content-center\"><button data-item=\"decouvrez_link\" data-group=\"website_links\" class=\"goto fw-bold rounded-pill btn btn-orange\" aria-label=\"Descarregar Goldzino\" >Descarregar Goldzino<\/button><\/div><div class=\"scrollable-content-wrap my-5\"><div class=\"scrollable-content-inner\"><h2>Perguntas frequentes<\/h2>\n<h3>Existe suporte ao cliente na aplica\u00e7\u00e3o Goldzino Casino?<\/h3>\n<p>Pode utilizar o nosso apoio ao cliente atrav\u00e9s da aplica\u00e7\u00e3o Goldzino a qualquer momento. Como o nosso servi\u00e7o funciona 24 horas, 7 dias por semana, e oferece especialistas multilingues, ter\u00e1 a melhor experi\u00eancia de utilizador. Existem duas op\u00e7\u00f5es dispon\u00edveis para nos contactar: chat ao vivo ou e-mail. Ambas as op\u00e7\u00f5es funcionam rapidamente, mas n\u00e3o se esque\u00e7a de mencionar o seu nome de utilizador e correio eletr\u00f3nico ao contactar-nos.<\/p>\n<h3>Preciso de uma conta para utilizar a aplica\u00e7\u00e3o Goldzino?<\/h3>\n<p>Para come\u00e7ar a utilizar a aplica\u00e7\u00e3o Goldzino, deve primeiro criar uma conta. \u00c9 necess\u00e1rio para todas as fun\u00e7\u00f5es principais que temos no nosso software. Mas n\u00e3o se preocupe, criar uma conta n\u00e3o demora mais de 3 minutos.<\/p>\n<h3>Todos os jogos est\u00e3o dispon\u00edveis na aplica\u00e7\u00e3o?<\/h3>\n<p>O software Gold Zino tem a mesma funcionalidade que a vers\u00e3o padr\u00e3o para computador. Na nossa cole\u00e7\u00e3o de jogos, temos apenas t\u00edtulos compat\u00edveis com o seu dispositivo m\u00f3vel. \u00c9 por isso que pode jogar facilmente todas as slots online, jogos de mesa, op\u00e7\u00f5es de casino ao vivo, jogos crash e muito mais no seu smartphone ou tablet.<\/p>\n<h3>Como posso atualizar a aplica\u00e7\u00e3o do Goldzino Casino?<\/h3>\n<p>Pode utilizar o software m\u00f3vel Goldzino Casino como um PWA ou um atalho; ele atualiza-se automaticamente. N\u00e3o precisa de descarregar nenhum ficheiro adicional nem de fazer altera\u00e7\u00f5es por conta pr\u00f3pria.<\/p>\n<\/div><\/div><\/p>\n","protected":false},"excerpt":{"rendered":"<p>A aplica\u00e7\u00e3o Goldzino A Goldzino app \u00e9 uma excelente op\u00e7\u00e3o para os portugueses que preferem utilizar um dispositivo m\u00f3vel para jogar no casino online. N\u00e3o importa se tem um dispositivo iOS ou Android; todas as nossas fun\u00e7\u00f5es e t\u00edtulos adaptam-se perfeitamente a qualquer dispositivo moderno. Se decidir iniciar a sua jornada na Goldzino app, ap\u00f3s [&hellip;]<\/p>\n","protected":false},"author":1,"featured_media":0,"parent":0,"menu_order":0,"comment_status":"closed","ping_status":"closed","template":"template-builder.php","meta":{"_acf_changed":false,"inline_featured_image":false,"footnotes":""},"class_list":["post-1481","page","type-page","status-publish","hentry"],"acf":[],"yoast_head":"<!-- This site is optimized with the Yoast SEO plugin v27.3 - https:\/\/yoast.com\/product\/yoast-seo-wordpress\/ -->\n<title>Goldzino app | download para iOS e Android<\/title>\n<meta name=\"description\" content=\"A app Goldzino oferece acesso total ao casino em Android, iOS, Windows e macOS. Todos os jogos est\u00e3o dispon\u00edveis com sincroniza\u00e7\u00e3o de conta e suporte integrado.\" \/>\n<meta name=\"robots\" content=\"index, follow, max-snippet:-1, max-image-preview:large, max-video-preview:-1\" \/>\n<link rel=\"canonical\" href=\"https:\/\/gold-zino.com\/pt-pt\/aplicacao\/\" \/>\n<meta property=\"og:locale\" content=\"pt_PT\" \/>\n<meta property=\"og:type\" content=\"article\" \/>\n<meta property=\"og:title\" content=\"Goldzino app | download para iOS e Android\" \/>\n<meta property=\"og:description\" content=\"A app Goldzino oferece acesso total ao casino em Android, iOS, Windows e macOS. Todos os jogos est\u00e3o dispon\u00edveis com sincroniza\u00e7\u00e3o de conta e suporte integrado.\" \/>\n<meta property=\"og:url\" content=\"https:\/\/gold-zino.com\/pt-pt\/aplicacao\/\" \/>\n<meta property=\"og:site_name\" content=\"goldzino\" \/>\n<meta property=\"article:modified_time\" content=\"2025-10-20T12:48:34+00:00\" \/>\n<meta name=\"twitter:card\" content=\"summary_large_image\" \/>\n<meta name=\"twitter:label1\" content=\"Est. reading time\" \/>\n\t<meta name=\"twitter:data1\" content=\"2 minutes\" \/>\n<script type=\"application\/ld+json\" class=\"yoast-schema-graph\">{\"@context\":\"https:\\\/\\\/schema.org\",\"@graph\":[{\"@type\":\"WebPage\",\"@id\":\"https:\\\/\\\/gold-zino.com\\\/pt-pt\\\/aplicacao\\\/\",\"url\":\"https:\\\/\\\/gold-zino.com\\\/pt-pt\\\/aplicacao\\\/\",\"name\":\"Goldzino app | download para iOS e Android\",\"isPartOf\":{\"@id\":\"https:\\\/\\\/gold-zino.com\\\/pt-pt\\\/#website\"},\"datePublished\":\"2025-10-15T10:05:33+00:00\",\"dateModified\":\"2025-10-20T12:48:34+00:00\",\"description\":\"A app Goldzino oferece acesso total ao casino em Android, iOS, Windows e macOS. Todos os jogos est\u00e3o dispon\u00edveis com sincroniza\u00e7\u00e3o de conta e suporte integrado.\",\"breadcrumb\":{\"@id\":\"https:\\\/\\\/gold-zino.com\\\/pt-pt\\\/aplicacao\\\/#breadcrumb\"},\"inLanguage\":\"pt-PT\",\"potentialAction\":[{\"@type\":\"ReadAction\",\"target\":[\"https:\\\/\\\/gold-zino.com\\\/pt-pt\\\/aplicacao\\\/\"]}]},{\"@type\":\"BreadcrumbList\",\"@id\":\"https:\\\/\\\/gold-zino.com\\\/pt-pt\\\/aplicacao\\\/#breadcrumb\",\"itemListElement\":[{\"@type\":\"ListItem\",\"position\":1,\"name\":\"GoldZino\",\"item\":\"https:\\\/\\\/gold-zino.com\\\/pt-pt\\\/\"},{\"@type\":\"ListItem\",\"position\":2,\"name\":\"Aplica\u00e7\u00e3o\"}]},{\"@type\":\"WebSite\",\"@id\":\"https:\\\/\\\/gold-zino.com\\\/pt-pt\\\/#website\",\"url\":\"https:\\\/\\\/gold-zino.com\\\/pt-pt\\\/\",\"name\":\"GoldZino\",\"description\":\"\",\"publisher\":{\"@id\":\"https:\\\/\\\/gold-zino.com\\\/pt-pt\\\/#organization\"},\"potentialAction\":[{\"@type\":\"SearchAction\",\"target\":{\"@type\":\"EntryPoint\",\"urlTemplate\":\"https:\\\/\\\/gold-zino.com\\\/pt-pt\\\/?s={search_term_string}\"},\"query-input\":{\"@type\":\"PropertyValueSpecification\",\"valueRequired\":true,\"valueName\":\"search_term_string\"}}],\"inLanguage\":\"pt-PT\"},{\"@type\":\"Organization\",\"@id\":\"https:\\\/\\\/gold-zino.com\\\/pt-pt\\\/#organization\",\"name\":\"GoldZino\",\"url\":\"https:\\\/\\\/gold-zino.com\\\/pt-pt\\\/\",\"logo\":{\"@type\":\"ImageObject\",\"inLanguage\":\"pt-PT\",\"@id\":\"https:\\\/\\\/gold-zino.com\\\/pt-pt\\\/#\\\/schema\\\/logo\\\/image\\\/\",\"url\":\"https:\\\/\\\/gold-zino.com\\\/wp-content\\\/uploads\\\/2025\\\/08\\\/80u1FaquEZeR6OUTeJCc.png\",\"contentUrl\":\"https:\\\/\\\/gold-zino.com\\\/wp-content\\\/uploads\\\/2025\\\/08\\\/80u1FaquEZeR6OUTeJCc.png\",\"width\":209,\"height\":46,\"caption\":\"GoldZino\"},\"image\":{\"@id\":\"https:\\\/\\\/gold-zino.com\\\/pt-pt\\\/#\\\/schema\\\/logo\\\/image\\\/\"}}]}<\/script>\n<!-- \/ Yoast SEO plugin. -->","yoast_head_json":{"title":"Goldzino app | download para iOS e Android","description":"A app Goldzino oferece acesso total ao casino em Android, iOS, Windows e macOS. Todos os jogos est\u00e3o dispon\u00edveis com sincroniza\u00e7\u00e3o de conta e suporte integrado.","robots":{"index":"index","follow":"follow","max-snippet":"max-snippet:-1","max-image-preview":"max-image-preview:large","max-video-preview":"max-video-preview:-1"},"canonical":"https:\/\/gold-zino.com\/pt-pt\/aplicacao\/","og_locale":"pt_PT","og_type":"article","og_title":"Goldzino app | download para iOS e Android","og_description":"A app Goldzino oferece acesso total ao casino em Android, iOS, Windows e macOS. Todos os jogos est\u00e3o dispon\u00edveis com sincroniza\u00e7\u00e3o de conta e suporte integrado.","og_url":"https:\/\/gold-zino.com\/pt-pt\/aplicacao\/","og_site_name":"goldzino","article_modified_time":"2025-10-20T12:48:34+00:00","twitter_card":"summary_large_image","twitter_misc":{"Est. reading time":"2 minutes"},"schema":{"@context":"https:\/\/schema.org","@graph":[{"@type":"WebPage","@id":"https:\/\/gold-zino.com\/pt-pt\/aplicacao\/","url":"https:\/\/gold-zino.com\/pt-pt\/aplicacao\/","name":"Goldzino app | download para iOS e Android","isPartOf":{"@id":"https:\/\/gold-zino.com\/pt-pt\/#website"},"datePublished":"2025-10-15T10:05:33+00:00","dateModified":"2025-10-20T12:48:34+00:00","description":"A app Goldzino oferece acesso total ao casino em Android, iOS, Windows e macOS. Todos os jogos est\u00e3o dispon\u00edveis com sincroniza\u00e7\u00e3o de conta e suporte integrado.","breadcrumb":{"@id":"https:\/\/gold-zino.com\/pt-pt\/aplicacao\/#breadcrumb"},"inLanguage":"pt-PT","potentialAction":[{"@type":"ReadAction","target":["https:\/\/gold-zino.com\/pt-pt\/aplicacao\/"]}]},{"@type":"BreadcrumbList","@id":"https:\/\/gold-zino.com\/pt-pt\/aplicacao\/#breadcrumb","itemListElement":[{"@type":"ListItem","position":1,"name":"GoldZino","item":"https:\/\/gold-zino.com\/pt-pt\/"},{"@type":"ListItem","position":2,"name":"Aplica\u00e7\u00e3o"}]},{"@type":"WebSite","@id":"https:\/\/gold-zino.com\/pt-pt\/#website","url":"https:\/\/gold-zino.com\/pt-pt\/","name":"GoldZino","description":"","publisher":{"@id":"https:\/\/gold-zino.com\/pt-pt\/#organization"},"potentialAction":[{"@type":"SearchAction","target":{"@type":"EntryPoint","urlTemplate":"https:\/\/gold-zino.com\/pt-pt\/?s={search_term_string}"},"query-input":{"@type":"PropertyValueSpecification","valueRequired":true,"valueName":"search_term_string"}}],"inLanguage":"pt-PT"},{"@type":"Organization","@id":"https:\/\/gold-zino.com\/pt-pt\/#organization","name":"GoldZino","url":"https:\/\/gold-zino.com\/pt-pt\/","logo":{"@type":"ImageObject","inLanguage":"pt-PT","@id":"https:\/\/gold-zino.com\/pt-pt\/#\/schema\/logo\/image\/","url":"https:\/\/gold-zino.com\/wp-content\/uploads\/2025\/08\/80u1FaquEZeR6OUTeJCc.png","contentUrl":"https:\/\/gold-zino.com\/wp-content\/uploads\/2025\/08\/80u1FaquEZeR6OUTeJCc.png","width":209,"height":46,"caption":"GoldZino"},"image":{"@id":"https:\/\/gold-zino.com\/pt-pt\/#\/schema\/logo\/image\/"}}]}},"_links":{"self":[{"href":"https:\/\/gold-zino.com\/pt-pt\/wp-json\/wp\/v2\/pages\/1481","targetHints":{"allow":["GET"]}}],"collection":[{"href":"https:\/\/gold-zino.com\/pt-pt\/wp-json\/wp\/v2\/pages"}],"about":[{"href":"https:\/\/gold-zino.com\/pt-pt\/wp-json\/wp\/v2\/types\/page"}],"author":[{"embeddable":true,"href":"https:\/\/gold-zino.com\/pt-pt\/wp-json\/wp\/v2\/users\/1"}],"replies":[{"embeddable":true,"href":"https:\/\/gold-zino.com\/pt-pt\/wp-json\/wp\/v2\/comments?post=1481"}],"version-history":[{"count":3,"href":"https:\/\/gold-zino.com\/pt-pt\/wp-json\/wp\/v2\/pages\/1481\/revisions"}],"predecessor-version":[{"id":2227,"href":"https:\/\/gold-zino.com\/pt-pt\/wp-json\/wp\/v2\/pages\/1481\/revisions\/2227"}],"wp:attachment":[{"href":"https:\/\/gold-zino.com\/pt-pt\/wp-json\/wp\/v2\/media?parent=1481"}],"curies":[{"name":"wp","href":"https:\/\/api.w.org\/{rel}","templated":true}]}}