{"id":1536,"date":"2025-10-15T12:14:48","date_gmt":"2025-10-15T11:14:48","guid":{"rendered":"https:\/\/gold-zino.com\/login-and-registration\/"},"modified":"2025-10-20T14:12:05","modified_gmt":"2025-10-20T13:12:05","slug":"registo-e-login","status":"publish","type":"page","link":"https:\/\/gold-zino.com\/pt-pt\/registo-e-login\/","title":{"rendered":"Registo e login"},"content":{"rendered":"<h1>Registo e login no Goldzino<\/h1>\n<p>O primeiro passo para todos os utilizadores portugueses da plataforma Goldzino come\u00e7a com o processo de registo. Concebemo-lo para que todos os novos utilizadores o concluam em poucos minutos. Se j\u00e1 tem uma conta no nosso s\u00edtio web, basta passar pelo processo de Goldzino login para come\u00e7ar a explorar todas as funcionalidades da plataforma.<\/p>\n<p><div class=\"banner-wrap\" aria-label=\"Banner\"><img src=\"https:\/\/gold-zino.com\/wp-content\/uploads\/2025\/10\/Goldzino-Banner-Desktop.webp\" class=\"w-100 d-none d-lg-block img-pc main-banner-img\" alt=\"Goldzino Bonus\" fetchpriority=\"high\" decoding=\"async\"><img src=\"https:\/\/gold-zino.com\/wp-content\/uploads\/2025\/10\/Gold-zino-Mobile-Banner.webp\" class=\"w-100 d-none d-md-block d-lg-none main-banner-img\" alt=\"Goldzino Mobile Banner\" fetchpriority=\"high\" decoding=\"async\"><img src=\"https:\/\/gold-zino.com\/wp-content\/uploads\/2025\/10\/Gold-zino-Mobile-Banner.webp\" class=\"w-100 d-md-none\" alt=\"Goldzino Mobile Banner\" fetchpriority=\"high\" decoding=\"async\"><div class=\"banner-description\">\n<div class=\"banner-title\">B\u00f3nus de Boas-Vindas<\/div>\n<p class=\"banner-header-title\">\u20ac1,500<\/p>\n<div class=\"banner-header-AdditionalText\">+ 250 Rodadas Gr\u00e1tis<\/div>\n<button data-item=\"homepage_banner_link\" class=\"goto m-button m-gradient-border m-button--primary m-button--large banner-button btn-orange\">\n            <div class=\"m-button-content\">\n                <span>Registar Agora<\/span>\n                <span><\/span>\n            <\/div>\n        <\/button>\n<\/div>\n<div class=\"WelcomePack\">\n<p><img loading=\"lazy\" decoding=\"async\" class=\"alignnone wp-image-1682 size-full\" src=\"https:\/\/gold-zino.com\/wp-content\/uploads\/2025\/10\/welcome-crown.svg\" alt=\"crown\" width=\"25\" height=\"26\" \/><\/p>\n<div class=\"WelcomePack-Info\">Reembolso semanal at\u00e9 25%<\/div>\n<p><img loading=\"lazy\" decoding=\"async\" class=\"alignnone wp-image-1682 size-full\" src=\"https:\/\/gold-zino.com\/wp-content\/uploads\/2025\/10\/welcome-crown.svg\" alt=\"crown\" width=\"25\" height=\"26\" \/><\/p>\n<\/div>\n<\/div><div class=\"scrollable-content-wrap my-5\"><div class=\"scrollable-content-inner\"><h2>Registo no Goldzino Casino<\/h2>\n<p>Para come\u00e7ar a explorar os recursos do Goldzino Casino, todos os utilizadores devem passar pelo processo de registo. Mas n\u00e3o se preocupe, ele leva somente alguns minutos para ser conclu\u00eddo. O processo \u00e9 muito simples, ent\u00e3o mesmo um novo utilizador de casino online se sentir\u00e1 confiante. Se j\u00e1 tem uma conta, basta passar pelo processo de login no Goldzino.<\/p>\n<p>Todos os novos jogadores recebem um pacote de boas-vindas de at\u00e9 1500 \u20ac + 250 rodadas gr\u00e1tis. Para isso, s\u00f3 precisa de passar pelo processo de registo no Gold Zino. A oferta tamb\u00e9m funciona se se inscrever na aplica\u00e7\u00e3o. Esta \u00e9 uma \u00f3tima oportunidade para experimentar t\u00edtulos fant\u00e1sticos gra\u00e7as \u00e0s rodadas gr\u00e1tis. Al\u00e9m disso, ter\u00e1 acesso ilimitado \u00e0 nossa cole\u00e7\u00e3o de jogos, que inclui mais de 6000 t\u00edtulos.<\/p>\n<p>Portanto, se est\u00e1 a visitar o nosso site Goldzino pela primeira vez e deseja criar a sua conta, siga as nossas instru\u00e7\u00f5es abaixo para faz\u00ea-lo rapidamente e sem problemas:<\/p>\n<table>\n<tbody>\n<tr>\n<td>Passo<\/td>\n<td>Detalhes<\/td>\n<\/tr>\n<tr>\n<td>Deve clicar no bot\u00e3o \u00abInscrever-se\u00bb.<\/td>\n<td>O bot\u00e3o est\u00e1 localizado no canto superior direito da p\u00e1gina inicial.<\/td>\n<\/tr>\n<tr>\n<td>Todos os utilizadores precisam de inserir as suas informa\u00e7\u00f5es pessoais.<\/td>\n<td>As informa\u00e7\u00f5es pessoais incluem o endere\u00e7o de e-mail e a cria\u00e7\u00e3o de uma palavra-passe. A palavra-passe deve ter pelo menos 6 caracteres. Se tiver um c\u00f3digo promocional, tamb\u00e9m pode inseri-lo.<\/td>\n<\/tr>\n<tr>\n<td>Os jogadores t\u00eam de concordar com as regras da plataforma.<\/td>\n<td>Deve marcar a caixa, concordando que tem 18 anos ou mais e que leu os Termos e Condi\u00e7\u00f5es e a Pol\u00edtica de Privacidade do nosso site.<\/td>\n<\/tr>\n<tr>\n<td>Deve clicar no bot\u00e3o \u00abInscrever-se\u00bb no final do formul\u00e1rio de registo.<\/td>\n<td>Esta etapa ativa o envio da carta de confirma\u00e7\u00e3o para o seu e-mail.<\/td>\n<\/tr>\n<tr>\n<td>Tem de confirmar o seu endere\u00e7o de correio eletr\u00f3nico.<\/td>\n<td>Deve seguir o link na carta de confirma\u00e7\u00e3o que recebeu. Ela foi enviada para o endere\u00e7o de correio eletr\u00f3nico que forneceu anteriormente.<\/td>\n<\/tr>\n<\/tbody>\n<\/table>\n<h2>In\u00edcio de sess\u00e3o e gest\u00e3o de conta Goldzino<\/h2>\n<p>Se j\u00e1 criou uma conta na nossa plataforma, precisa passar pelo processo de login no Goldzino para usar todos os recursos e ferramentas. Prepar\u00e1mos um breve guia para si:<\/p>\n<table>\n<tbody>\n<tr>\n<td>Passo<\/td>\n<td>Detalhes<\/td>\n<\/tr>\n<tr>\n<td>Deve clicar no bot\u00e3o \u00abIniciar sess\u00e3o\u00bb.<\/td>\n<td>Pode encontrar o bot\u00e3o no canto superior direito da p\u00e1gina.<\/td>\n<\/tr>\n<tr>\n<td>Todos os utilizadores precisam de inserir o seu e-mail e a sua palavra-passe.<\/td>\n<td>Aqui, deve introduzir os dados pessoais que utilizou durante o processo de registo.<\/td>\n<\/tr>\n<tr>\n<td>Deve clicar no bot\u00e3o \u00abIniciar sess\u00e3o\u00bb.<\/td>\n<td>Precisa verificar as informa\u00e7\u00f5es adicionadas e, em seguida, envi\u00e1-las.<\/td>\n<\/tr>\n<\/tbody>\n<\/table>\n<p>Se todas as informa\u00e7\u00f5es estiverem corretas, ter\u00e1 acesso imediato \u00e0 sua conta. Na conta pessoal Gold Zino, pode editar as suas informa\u00e7\u00f5es pessoais, definir limites de dep\u00f3sito e tempo e aceder \u00e0 sua carteira para fazer dep\u00f3sitos e levantamentos. Al\u00e9m disso, h\u00e1 uma sec\u00e7\u00e3o separada chamada \u00abHist\u00f3rico\u00bb, onde pode ver as suas estat\u00edsticas de jogo no site.<\/p>\n<p>Cada utilizador pode gerar um link de refer\u00eancia atrav\u00e9s da sua conta. Pode convidar os seus amigos usando este link e receber recompensas. Uma conta d\u00e1-lhe acesso a todas as promo\u00e7\u00f5es dispon\u00edveis no Goldzino, o que j\u00e1 \u00e9 uma grande vantagem.<\/p>\n<h3>Esqueceu a sua palavra-passe?<\/h3>\n<p>Qualquer pessoa pode esquecer a palavra-passe. Isso n\u00e3o \u00e9 um problema para o Gold Zino, pois a nossa plataforma tem um recurso especial de recupera\u00e7\u00e3o de palavra-passe. Para recuperar a sua palavra-passe, pode seguir as nossas instru\u00e7\u00f5es abaixo:<\/p>\n<ol>\n<li>Deve clicar no bot\u00e3o \u00abIniciar sess\u00e3o\u00bb no canto superior direito.<\/li>\n<li>Depois disso, tem de clicar no bot\u00e3o \u00abEsqueceu-se da palavra-passe?\u00bb.<\/li>\n<li>Nesta etapa, todos os utilizadores devem inserir o endere\u00e7o de e-mail que utilizaram durante o processo de login no Goldzino.<\/li>\n<li>Enviaremos um link por e-mail para redefinir a sua palavra-passe e criar uma.<\/li>\n<\/ol>\n<h2>Verifica\u00e7\u00e3o de conta no Goldzino Casino<\/h2>\n<p>Para fazer o primeiro levantamento no Goldzino Casino, todos os jogadores devem concluir o processo de verifica\u00e7\u00e3o. Para isso, deve carregar documentos que confirmem os seus dados pessoais. Pode ser o seu passaporte, cart\u00e3o de identidade, carta de condu\u00e7\u00e3o ou fatura de servi\u00e7os p\u00fablicos com menos de 6 meses.<\/p>\n<p>Ap\u00f3s enviar os documentos necess\u00e1rios, os nossos gestores ir\u00e3o analis\u00e1-los no prazo de 48 horas e dar-lhe uma resposta. Assim que a sua conta for verificada, poder\u00e1 levantar fundos da plataforma sem mais demoras.<\/p>\n<p>Este processo \u00e9 um passo importante para prevenir fraudes na nossa plataforma Gold Zino e garantir um jogo justo para todos os utilizadores. Pode encontrar informa\u00e7\u00f5es mais detalhadas sobre as nossas pol\u00edticas de Conhe\u00e7a o seu Cliente no rodap\u00e9 da nossa p\u00e1gina.<\/p>\n<h2>Perguntas frequentes<\/h2>\n<h3>Como posso verificar a minha conta?<\/h3>\n<p>Para concluir o processo de verifica\u00e7\u00e3o, precisa de enviar documentos que confirmem a sua identidade e morada para a Goldzino. Pode ser um passaporte, cart\u00e3o de identidade, conta de servi\u00e7os p\u00fablicos ou outra op\u00e7\u00e3o. Quando os nossos gestores tiverem verificado os seus documentos, iremos notific\u00e1-lo por e-mail. Tamb\u00e9m pode verificar as atualiza\u00e7\u00f5es na sua conta.<\/p>\n<h3>Posso alterar a minha palavra-passe ou endere\u00e7o de e-mail?<\/h3>\n<p>Pode alterar qualquer informa\u00e7\u00e3o pessoal nas defini\u00e7\u00f5es da sua conta Goldzino Casino. Isso inclui alterar o e-mail ou a palavra-passe. Se tiver algum problema com a altera\u00e7\u00e3o, pode sempre contactar a nossa equipa de apoio.<\/p>\n<h3>O que devo fazer se a minha conta estiver bloqueada?<\/h3>\n<p>Podemos bloquear as contas dos utilizadores devido a viola\u00e7\u00f5es das regras do casino online. O Goldzino envia sempre aos jogadores um e-mail com uma explica\u00e7\u00e3o do motivo do bloqueio e da sua dura\u00e7\u00e3o. Se n\u00e3o tiver recebido esse e-mail, pode sempre contactar o nosso apoio ao cliente 24 horas, 7 dias por semana, atrav\u00e9s do chat ao vivo ou e-mail.<\/p>\n<h3>Como posso encerrar ou suspender temporariamente a minha conta?<\/h3>\n<p>O Goldzino Casino tem uma funcionalidade que lhe permite encerrar ou restringir temporariamente a sua conta. Para tal, deve contactar o nosso servi\u00e7o de apoio multilingue 24 horas, 7 dias por semana, atrav\u00e9s do chat ao vivo ou por e-mail. Os nossos especialistas ter\u00e3o todo o gosto em ajud\u00e1-lo.<\/p>\n<\/div><\/div><\/p>\n","protected":false},"excerpt":{"rendered":"<p>Registo e login no Goldzino O primeiro passo para todos os utilizadores portugueses da plataforma Goldzino come\u00e7a com o processo de registo. Concebemo-lo para que todos os novos utilizadores o concluam em poucos minutos. Se j\u00e1 tem uma conta no nosso s\u00edtio web, basta passar pelo processo de Goldzino login para come\u00e7ar a explorar todas [&hellip;]<\/p>\n","protected":false},"author":1,"featured_media":0,"parent":0,"menu_order":0,"comment_status":"closed","ping_status":"closed","template":"template-builder.php","meta":{"_acf_changed":false,"inline_featured_image":false,"footnotes":""},"class_list":["post-1536","page","type-page","status-publish","hentry"],"acf":[],"yoast_head":"<!-- This site is optimized with the Yoast SEO plugin v27.3 - https:\/\/yoast.com\/product\/yoast-seo-wordpress\/ -->\n<title>Goldzino Login e Registo<\/title>\n<meta name=\"description\" content=\"Acede ao registo, gest\u00e3o e verifica\u00e7\u00e3o de conta atrav\u00e9s do Goldzino Login. Cria, recupera ou encerra a tua conta Gold zino Casino com seguran\u00e7a.\" \/>\n<meta name=\"robots\" content=\"index, follow, max-snippet:-1, max-image-preview:large, max-video-preview:-1\" \/>\n<link rel=\"canonical\" href=\"https:\/\/gold-zino.com\/pt-pt\/registo-e-login\/\" \/>\n<meta property=\"og:locale\" content=\"pt_PT\" \/>\n<meta property=\"og:type\" content=\"article\" \/>\n<meta property=\"og:title\" content=\"Goldzino Login e Registo\" \/>\n<meta property=\"og:description\" content=\"Acede ao registo, gest\u00e3o e verifica\u00e7\u00e3o de conta atrav\u00e9s do Goldzino Login. Cria, recupera ou encerra a tua conta Gold zino Casino com seguran\u00e7a.\" \/>\n<meta property=\"og:url\" content=\"https:\/\/gold-zino.com\/pt-pt\/registo-e-login\/\" \/>\n<meta property=\"og:site_name\" content=\"goldzino\" \/>\n<meta property=\"article:modified_time\" content=\"2025-10-20T13:12:05+00:00\" \/>\n<meta name=\"twitter:card\" content=\"summary_large_image\" \/>\n<meta name=\"twitter:label1\" content=\"Est. reading time\" \/>\n\t<meta name=\"twitter:data1\" content=\"1 minute\" \/>\n<script type=\"application\/ld+json\" class=\"yoast-schema-graph\">{\"@context\":\"https:\\\/\\\/schema.org\",\"@graph\":[{\"@type\":\"WebPage\",\"@id\":\"https:\\\/\\\/gold-zino.com\\\/pt-pt\\\/registo-e-login\\\/\",\"url\":\"https:\\\/\\\/gold-zino.com\\\/pt-pt\\\/registo-e-login\\\/\",\"name\":\"Goldzino Login e Registo\",\"isPartOf\":{\"@id\":\"https:\\\/\\\/gold-zino.com\\\/pt-pt\\\/#website\"},\"datePublished\":\"2025-10-15T11:14:48+00:00\",\"dateModified\":\"2025-10-20T13:12:05+00:00\",\"description\":\"Acede ao registo, gest\u00e3o e verifica\u00e7\u00e3o de conta atrav\u00e9s do Goldzino Login. Cria, recupera ou encerra a tua conta Gold zino Casino com seguran\u00e7a.\",\"breadcrumb\":{\"@id\":\"https:\\\/\\\/gold-zino.com\\\/pt-pt\\\/registo-e-login\\\/#breadcrumb\"},\"inLanguage\":\"pt-PT\",\"potentialAction\":[{\"@type\":\"ReadAction\",\"target\":[\"https:\\\/\\\/gold-zino.com\\\/pt-pt\\\/registo-e-login\\\/\"]}]},{\"@type\":\"BreadcrumbList\",\"@id\":\"https:\\\/\\\/gold-zino.com\\\/pt-pt\\\/registo-e-login\\\/#breadcrumb\",\"itemListElement\":[{\"@type\":\"ListItem\",\"position\":1,\"name\":\"GoldZino\",\"item\":\"https:\\\/\\\/gold-zino.com\\\/pt-pt\\\/\"},{\"@type\":\"ListItem\",\"position\":2,\"name\":\"Registo e login\"}]},{\"@type\":\"WebSite\",\"@id\":\"https:\\\/\\\/gold-zino.com\\\/pt-pt\\\/#website\",\"url\":\"https:\\\/\\\/gold-zino.com\\\/pt-pt\\\/\",\"name\":\"GoldZino\",\"description\":\"\",\"publisher\":{\"@id\":\"https:\\\/\\\/gold-zino.com\\\/pt-pt\\\/#organization\"},\"potentialAction\":[{\"@type\":\"SearchAction\",\"target\":{\"@type\":\"EntryPoint\",\"urlTemplate\":\"https:\\\/\\\/gold-zino.com\\\/pt-pt\\\/?s={search_term_string}\"},\"query-input\":{\"@type\":\"PropertyValueSpecification\",\"valueRequired\":true,\"valueName\":\"search_term_string\"}}],\"inLanguage\":\"pt-PT\"},{\"@type\":\"Organization\",\"@id\":\"https:\\\/\\\/gold-zino.com\\\/pt-pt\\\/#organization\",\"name\":\"GoldZino\",\"url\":\"https:\\\/\\\/gold-zino.com\\\/pt-pt\\\/\",\"logo\":{\"@type\":\"ImageObject\",\"inLanguage\":\"pt-PT\",\"@id\":\"https:\\\/\\\/gold-zino.com\\\/pt-pt\\\/#\\\/schema\\\/logo\\\/image\\\/\",\"url\":\"https:\\\/\\\/gold-zino.com\\\/wp-content\\\/uploads\\\/2025\\\/08\\\/80u1FaquEZeR6OUTeJCc.png\",\"contentUrl\":\"https:\\\/\\\/gold-zino.com\\\/wp-content\\\/uploads\\\/2025\\\/08\\\/80u1FaquEZeR6OUTeJCc.png\",\"width\":209,\"height\":46,\"caption\":\"GoldZino\"},\"image\":{\"@id\":\"https:\\\/\\\/gold-zino.com\\\/pt-pt\\\/#\\\/schema\\\/logo\\\/image\\\/\"}}]}<\/script>\n<!-- \/ Yoast SEO plugin. -->","yoast_head_json":{"title":"Goldzino Login e Registo","description":"Acede ao registo, gest\u00e3o e verifica\u00e7\u00e3o de conta atrav\u00e9s do Goldzino Login. Cria, recupera ou encerra a tua conta Gold zino Casino com seguran\u00e7a.","robots":{"index":"index","follow":"follow","max-snippet":"max-snippet:-1","max-image-preview":"max-image-preview:large","max-video-preview":"max-video-preview:-1"},"canonical":"https:\/\/gold-zino.com\/pt-pt\/registo-e-login\/","og_locale":"pt_PT","og_type":"article","og_title":"Goldzino Login e Registo","og_description":"Acede ao registo, gest\u00e3o e verifica\u00e7\u00e3o de conta atrav\u00e9s do Goldzino Login. Cria, recupera ou encerra a tua conta Gold zino Casino com seguran\u00e7a.","og_url":"https:\/\/gold-zino.com\/pt-pt\/registo-e-login\/","og_site_name":"goldzino","article_modified_time":"2025-10-20T13:12:05+00:00","twitter_card":"summary_large_image","twitter_misc":{"Est. reading time":"1 minute"},"schema":{"@context":"https:\/\/schema.org","@graph":[{"@type":"WebPage","@id":"https:\/\/gold-zino.com\/pt-pt\/registo-e-login\/","url":"https:\/\/gold-zino.com\/pt-pt\/registo-e-login\/","name":"Goldzino Login e Registo","isPartOf":{"@id":"https:\/\/gold-zino.com\/pt-pt\/#website"},"datePublished":"2025-10-15T11:14:48+00:00","dateModified":"2025-10-20T13:12:05+00:00","description":"Acede ao registo, gest\u00e3o e verifica\u00e7\u00e3o de conta atrav\u00e9s do Goldzino Login. Cria, recupera ou encerra a tua conta Gold zino Casino com seguran\u00e7a.","breadcrumb":{"@id":"https:\/\/gold-zino.com\/pt-pt\/registo-e-login\/#breadcrumb"},"inLanguage":"pt-PT","potentialAction":[{"@type":"ReadAction","target":["https:\/\/gold-zino.com\/pt-pt\/registo-e-login\/"]}]},{"@type":"BreadcrumbList","@id":"https:\/\/gold-zino.com\/pt-pt\/registo-e-login\/#breadcrumb","itemListElement":[{"@type":"ListItem","position":1,"name":"GoldZino","item":"https:\/\/gold-zino.com\/pt-pt\/"},{"@type":"ListItem","position":2,"name":"Registo e login"}]},{"@type":"WebSite","@id":"https:\/\/gold-zino.com\/pt-pt\/#website","url":"https:\/\/gold-zino.com\/pt-pt\/","name":"GoldZino","description":"","publisher":{"@id":"https:\/\/gold-zino.com\/pt-pt\/#organization"},"potentialAction":[{"@type":"SearchAction","target":{"@type":"EntryPoint","urlTemplate":"https:\/\/gold-zino.com\/pt-pt\/?s={search_term_string}"},"query-input":{"@type":"PropertyValueSpecification","valueRequired":true,"valueName":"search_term_string"}}],"inLanguage":"pt-PT"},{"@type":"Organization","@id":"https:\/\/gold-zino.com\/pt-pt\/#organization","name":"GoldZino","url":"https:\/\/gold-zino.com\/pt-pt\/","logo":{"@type":"ImageObject","inLanguage":"pt-PT","@id":"https:\/\/gold-zino.com\/pt-pt\/#\/schema\/logo\/image\/","url":"https:\/\/gold-zino.com\/wp-content\/uploads\/2025\/08\/80u1FaquEZeR6OUTeJCc.png","contentUrl":"https:\/\/gold-zino.com\/wp-content\/uploads\/2025\/08\/80u1FaquEZeR6OUTeJCc.png","width":209,"height":46,"caption":"GoldZino"},"image":{"@id":"https:\/\/gold-zino.com\/pt-pt\/#\/schema\/logo\/image\/"}}]}},"_links":{"self":[{"href":"https:\/\/gold-zino.com\/pt-pt\/wp-json\/wp\/v2\/pages\/1536","targetHints":{"allow":["GET"]}}],"collection":[{"href":"https:\/\/gold-zino.com\/pt-pt\/wp-json\/wp\/v2\/pages"}],"about":[{"href":"https:\/\/gold-zino.com\/pt-pt\/wp-json\/wp\/v2\/types\/page"}],"author":[{"embeddable":true,"href":"https:\/\/gold-zino.com\/pt-pt\/wp-json\/wp\/v2\/users\/1"}],"replies":[{"embeddable":true,"href":"https:\/\/gold-zino.com\/pt-pt\/wp-json\/wp\/v2\/comments?post=1536"}],"version-history":[{"count":3,"href":"https:\/\/gold-zino.com\/pt-pt\/wp-json\/wp\/v2\/pages\/1536\/revisions"}],"predecessor-version":[{"id":2234,"href":"https:\/\/gold-zino.com\/pt-pt\/wp-json\/wp\/v2\/pages\/1536\/revisions\/2234"}],"wp:attachment":[{"href":"https:\/\/gold-zino.com\/pt-pt\/wp-json\/wp\/v2\/media?parent=1536"}],"curies":[{"name":"wp","href":"https:\/\/api.w.org\/{rel}","templated":true}]}}